{"id":7840,"date":"2019-12-28T16:23:24","date_gmt":"2019-12-28T15:23:24","guid":{"rendered":"https:\/\/quantum.com.pl\/?post_type=product&#038;p=7840"},"modified":"2020-05-20T21:41:54","modified_gmt":"2020-05-20T19:41:54","slug":"pluto-d5001pj","status":"publish","type":"product","link":"https:\/\/quantum.com.pl\/pl\/product\/pluto-d5001pj\/","title":{"rendered":"PLUTO-D5001PJ"},"content":{"rendered":"<h4>Zasilacz przemys\u0142owy 500W ATX PS\/2<\/h4>\n<p>&nbsp;<\/p>\n<p>PLUTO-D5001PJ to zasilacz przemys\u0142owy 500W ATX PS\/2 zapewniaj\u0105cy moc wyj\u015bciow\u0105 z podw\u00f3jnym +12V dla r\u00f3\u017cnych aplikacji IPC.<\/p>\n<p>PLUTO-D5001PJ zosta\u0142 zaprojektowany z japo\u0144skimi kondensatorami RUBYCON w celu zmniejszenia up\u0142ywu pr\u0105du i obni\u017cenia ESR, a tym samym utrzymania wysokiego poziomu stabilnej i niezawodnej mocy wyj\u015bciowej.<\/p>\n<p>Produkt ten przeszed\u0142 r\u00f3wnie\u017c test wypalenia trwaj\u0105cy 12 godzin przy 100% obci\u0105\u017ceniu, co dowodzi jego du\u017cej niezawodno\u015bci. Ponadto, PLUTO-D5001PJ pozostaje na poziomie 80% mocy przy 50\u00b0C, co pozwala ca\u0142emu systemowi pracowa\u0107 w \u015brodowisku o wysokiej temperaturze. Posiadaj\u0105cy certyfikat 80 PLUS, PLUTO-D5001PJ jest tak\u017ce bardziej energooszcz\u0119dny ni\u017c typowe zasilacze.<\/p>\n<h4>Cechy szczeg\u00f3lne:<\/h4>\n<ul>\n<li>Zgodny ze standardem ATX 12V V2.3<\/li>\n<li>Konstrukcja podw\u00f3jnego konwertera<\/li>\n<li>Active PFC (korekcja wsp\u00f3\u0142czynnika mocy)&gt; 0,99<\/li>\n<li>Podw\u00f3jnie niezale\u017cne wyj\u015bcie + 12V<\/li>\n<li>Wydajno\u015b\u0107 energetyczna: 25\u00b0C i 50\u00b0C <span style=\"font-weight: 400;\">mo\u017ce osi\u0105gn\u0105\u0107 minimaln\u0105 wydajno\u015b\u0107<\/span> 80% dla wszystkich warunk\u00f3w obci\u0105\u017cenia przy 20%, 50% i 100%<\/li>\n<li>Up\u0142yw pr\u0105du: mniej ni\u017c 3.5 mA-rms przy 264Vac, 60 Hz<\/li>\n<li>Kondensator wyprodukowany w Japonii (RUBYCON)<\/li>\n<li>Sterowanie wentylatorem (wewn\u0119trzny wentylator 80 mm)<\/li>\n<li>Zdalne sterowanie on\/off<\/li>\n<li>Czas podtrzymania w 16ms<\/li>\n<li>Power Good Signal: Kompatybilny z TTL przy op\u00f3\u017anieniu 100ms do 500ms<\/li>\n<li>Zabezpieczenie zwarciowe \/ Zabezpieczenie przeciwprzepi\u0119ciowe \/ Zabezpieczenie ponadpr\u0105dowe<\/li>\n<\/ul>\n<h4>Specyfikacja:<\/h4>\n\n<table id=\"tablepress-404\" class=\"tablepress tablepress-id-404\">\n<thead>\n<tr class=\"row-1\">\n\t<th class=\"column-1\">Construction<\/th><th class=\"column-2\">Heavy-duty steel with aluminum front panel<br \/>\n<\/th>\n<\/tr>\n<\/thead>\n<tbody class=\"row-striping row-hover\">\n<tr class=\"row-2\">\n\t<td class=\"column-1\">Drive_Bay_internal<\/td><td class=\"column-2\">\" 1x 3.5\"\" HDD\"<br \/>\n<\/td>\n<\/tr>\n<tr class=\"row-3\">\n\t<td class=\"column-1\">Drive_Bay_external<\/td><td class=\"column-2\">3x 5.25\", 1x 3.5\" FDD<br \/>\n<\/td>\n<\/tr>\n<tr class=\"row-4\">\n\t<td class=\"column-1\">Card_Retainer<\/td><td class=\"column-2\">Two locations for one card retainer<br \/>\n<\/td>\n<\/tr>\n<tr class=\"row-5\">\n\t<td class=\"column-1\">Air Filter<\/td><td class=\"column-2\">One replaceable filter<br \/>\n<\/td>\n<\/tr>\n<tr class=\"row-6\">\n\t<td class=\"column-1\">Cooling_Fan<\/td><td class=\"column-2\">One 12cm and one 8cm ball-bearing cooling fans<br \/>\n<\/td>\n<\/tr>\n<tr class=\"row-7\">\n\t<td class=\"column-1\">Indicator<\/td><td class=\"column-2\">1x Power On\/Off, 1x HDD<br \/>\n<\/td>\n<\/tr>\n<tr class=\"row-8\">\n\t<td class=\"column-1\">Switch<\/td><td class=\"column-2\">1x Power On\/Off, 1x System reset, 1x K\/B lock<br \/>\n<\/td>\n<\/tr>\n<tr class=\"row-9\">\n\t<td class=\"column-1\">Connector<\/td><td class=\"column-2\">2x USB ports on the front panel<br \/>\n<\/td>\n<\/tr>\n<tr class=\"row-10\">\n\t<td class=\"column-1\">Standard_Color<\/td><td class=\"column-2\">Beige, Black<br \/>\n<\/td>\n<\/tr>\n<tr class=\"row-11\">\n\t<td class=\"column-1\">Dimension<\/td><td class=\"column-2\">\"RPC-500NC 482 x 450 x 177 mm RPC-500L 482 x 515 x 177 mm\"<br \/>\n<\/td>\n<\/tr>\n<tr class=\"row-12\">\n\t<td class=\"column-1\">Weight<\/td><td class=\"column-2\">\"RPC-500NC Net 14 kg; Gross 15 kg RPC-500L Net 17.5 kg; Gross 18.5 kg\"<br \/>\n<\/td>\n<\/tr>\n<tr class=\"row-13\">\n\t<td class=\"column-1\">Backplane<\/td><td class=\"column-2\">\"PBPE-13A8 14-slot [PCIe (4), PCI (8), PCI-X (0)] active PCIMG 1.3 backplane PBPE-13A4 14-slot [PCIe (8), PCI (4), PCI-X (0)] active PCIMG 1.3 backplane PBPE-12A9 14-slot [PCIe (2), PCI (9), PCI-X (0)] active PCIMG 1.3 backplane PBPE-12P4 14-slot [PCIe (8), PCI (4), PCI-X (0)] PCIMG 1.3 backplane PBPE-11A3 14-slot [PCIe (8), PCI (3), PCI-X (0)] active PCIMG 1.3 backplane\"<br \/>\n<\/td>\n<\/tr>\n<tr class=\"row-14\">\n\t<td class=\"column-1\">Maximum_output<\/td><td class=\"column-2\">350W active PFC<br \/>\n<\/td>\n<\/tr>\n<tr class=\"row-15\">\n\t<td class=\"column-1\">Output_Voltage_Current<\/td><td class=\"column-2\">+5V@12A; +12V1@18A; +12V2@18A; +3.3V@18A; -12V@0.3A,+5Vsb@2.5A+12V2@18A; +3.3V@18A; -12V@0.3A,+5Vsb@2.5A<br \/>\n<\/td>\n<\/tr>\n<tr class=\"row-16\">\n\t<td class=\"column-1\">Input Voltage<\/td><td class=\"column-2\">90V ~ 264V AC, full range<br \/>\n<\/td>\n<\/tr>\n<tr class=\"row-17\">\n\t<td class=\"column-1\">Input Frequency<\/td><td class=\"column-2\">50 ~ 60Hz<br \/>\n<\/td>\n<\/tr>\n<tr class=\"row-18\">\n\t<td class=\"column-1\">Input Current<\/td><td class=\"column-2\">8A@115V, 8A@230V<br \/>\n<\/td>\n<\/tr>\n<tr class=\"row-19\">\n\t<td class=\"column-1\">Efficiency<\/td><td class=\"column-2\">> 80%<br \/>\n<\/td>\n<\/tr>\n<tr class=\"row-20\">\n\t<td class=\"column-1\">MTBF<\/td><td class=\"column-2\">100,000 hrs<br \/>\n<\/td>\n<\/tr>\n<tr class=\"row-21\">\n\t<td class=\"column-1\">EMI_Safety_Approval<\/td><td class=\"column-2\">UL, TUV, CE, FCC, CB, VCCI, 80PLUS<br \/>\n<\/td>\n<\/tr>\n<tr class=\"row-22\">\n\t<td class=\"column-1\">Temperature_Humidity<\/td><td class=\"column-2\">\"Operating 5\u00b0C ~ 50\u00b0C, 20% ~ 85%RH<br \/>\nStorage -40\u00b0C ~ 70\u00b0C, 10% ~ 95%RH\"<\/td>\n<\/tr>\n<tr class=\"row-23\">\n\t<td class=\"column-1\">Operating Temperature<\/td><td class=\"column-2\">0\u00b0C ~ 55\u00b0C<br \/>\n<\/td>\n<\/tr>\n<tr class=\"row-24\">\n\t<td class=\"column-1\">Storage Temperature<\/td><td class=\"column-2\">0\u00b0C to 70\u00b0C<br \/>\n<\/td>\n<\/tr>\n<tr class=\"row-25\">\n\t<td class=\"column-1\">Relative_Humidity<\/td><td class=\"column-2\">5% ~ 95\u00b0%, non-condensing<br \/>\n<\/td>\n<\/tr>\n<tr class=\"row-26\">\n\t<td class=\"column-1\">Vibration<\/td><td class=\"column-2\">\"5~7 Hz 0.5\"\" double amplitude displacement 7~2000 Hz 1.5g acceleration\"<br \/>\n<\/td>\n<\/tr>\n<\/tbody>\n<\/table>\n<!-- #tablepress-404 from cache -->\n<p>&nbsp;<\/p>\n<p>&nbsp;<\/p>\n","protected":false},"excerpt":{"rendered":"<p>Zasilacz 500W PS\/2 ATX z kondensatorem Active PFC Japan, 80 PLUS, SCP, OCP i OPP<\/p>\n","protected":false},"featured_media":11518,"template":"","meta":{"_acf_changed":false,"inline_featured_image":false,"_monsterinsights_skip_tracking":false,"_monsterinsights_sitenote_active":false,"_monsterinsights_sitenote_note":"","_monsterinsights_sitenote_category":0},"product_brand":[],"product_cat":[972,1316,1323],"product_tag":[],"class_list":{"0":"post-7840","1":"product","2":"type-product","3":"status-publish","4":"has-post-thumbnail","6":"product_cat-portwell-pl","7":"product_cat-zasilacze-przemyslowe-pl","8":"product_cat-zasilacze-przemyslowe-ps2-pl","10":"first","11":"instock","12":"shipping-taxable","13":"product-type-simple"},"acf":[],"_links":{"self":[{"href":"https:\/\/quantum.com.pl\/pl\/wp-json\/wp\/v2\/product\/7840","targetHints":{"allow":["GET"]}}],"collection":[{"href":"https:\/\/quantum.com.pl\/pl\/wp-json\/wp\/v2\/product"}],"about":[{"href":"https:\/\/quantum.com.pl\/pl\/wp-json\/wp\/v2\/types\/product"}],"wp:featuredmedia":[{"embeddable":true,"href":"https:\/\/quantum.com.pl\/pl\/wp-json\/wp\/v2\/media\/11518"}],"wp:attachment":[{"href":"https:\/\/quantum.com.pl\/pl\/wp-json\/wp\/v2\/media?parent=7840"}],"wp:term":[{"taxonomy":"product_brand","embeddable":true,"href":"https:\/\/quantum.com.pl\/pl\/wp-json\/wp\/v2\/product_brand?post=7840"},{"taxonomy":"product_cat","embeddable":true,"href":"https:\/\/quantum.com.pl\/pl\/wp-json\/wp\/v2\/product_cat?post=7840"},{"taxonomy":"product_tag","embeddable":true,"href":"https:\/\/quantum.com.pl\/pl\/wp-json\/wp\/v2\/product_tag?post=7840"}],"curies":[{"name":"wp","href":"https:\/\/api.w.org\/{rel}","templated":true}]}}