{"id":7896,"date":"2019-12-28T17:57:10","date_gmt":"2019-12-28T16:57:10","guid":{"rendered":"https:\/\/quantum.com.pl\/?post_type=product&#038;p=7896"},"modified":"2020-05-19T22:39:56","modified_gmt":"2020-05-19T20:39:56","slug":"ezdrv-400","status":"publish","type":"product","link":"https:\/\/quantum.com.pl\/pl\/product\/ezdrv-400\/","title":{"rendered":"EZDRV-400"},"content":{"rendered":"<h4>Nap\u0119d kompaktowy 5.25&#8243;<\/h4>\n<p>&nbsp;<\/p>\n<p>Zestaw nap\u0119d\u00f3w kompaktowych 5.25&#8243; z DVD-ROM typu slim, czytnikiem kart SD\/CF, 2x porty USB i miejscem na HDD 2.5&#8243;<\/p>\n<h4>Cechy szczeg\u00f3lne:<\/h4>\n<ul>\n<li>Zestaw nap\u0119d\u00f3w typu \u201eAll-in-one\u201d zawiera DVD-ROM typu slim, czytnik kart SD, czytnik kart CF, 2x porty USB i HDD 2.5 cala (wewn\u0119trzny)<\/li>\n<li>Jedna dioda LED na wewn\u0119trzny dysk twardy<\/li>\n<li>Wytrzyma\u0142a stal z plastikow\u0105 pokryw\u0105 przedni\u0105<\/li>\n<\/ul>\n<p>&nbsp;<\/p>\n<p>&nbsp;<\/p>\n","protected":false},"excerpt":{"rendered":"<p>Zestaw nap\u0119d\u00f3w kompaktowych 5.25&#8243; z DVD-ROM typu slim, czytnikiem kart SD\/CF, 2x porty USB i miejscem na HDD 2.5&#8243;<\/p>\n","protected":false},"featured_media":11400,"template":"","meta":{"_acf_changed":false,"inline_featured_image":false,"_monsterinsights_skip_tracking":false,"_monsterinsights_sitenote_active":false,"_monsterinsights_sitenote_note":"","_monsterinsights_sitenote_category":0},"product_brand":[],"product_cat":[1402,1387,972],"product_tag":[],"class_list":{"0":"post-7896","1":"product","2":"type-product","3":"status-publish","4":"has-post-thumbnail","6":"product_cat-akcesoria-pl","7":"product_cat-obudowy-przemyslowe-pl","8":"product_cat-portwell-pl","10":"first","11":"instock","12":"shipping-taxable","13":"product-type-simple"},"acf":[],"_links":{"self":[{"href":"https:\/\/quantum.com.pl\/pl\/wp-json\/wp\/v2\/product\/7896","targetHints":{"allow":["GET"]}}],"collection":[{"href":"https:\/\/quantum.com.pl\/pl\/wp-json\/wp\/v2\/product"}],"about":[{"href":"https:\/\/quantum.com.pl\/pl\/wp-json\/wp\/v2\/types\/product"}],"wp:featuredmedia":[{"embeddable":true,"href":"https:\/\/quantum.com.pl\/pl\/wp-json\/wp\/v2\/media\/11400"}],"wp:attachment":[{"href":"https:\/\/quantum.com.pl\/pl\/wp-json\/wp\/v2\/media?parent=7896"}],"wp:term":[{"taxonomy":"product_brand","embeddable":true,"href":"https:\/\/quantum.com.pl\/pl\/wp-json\/wp\/v2\/product_brand?post=7896"},{"taxonomy":"product_cat","embeddable":true,"href":"https:\/\/quantum.com.pl\/pl\/wp-json\/wp\/v2\/product_cat?post=7896"},{"taxonomy":"product_tag","embeddable":true,"href":"https:\/\/quantum.com.pl\/pl\/wp-json\/wp\/v2\/product_tag?post=7896"}],"curies":[{"name":"wp","href":"https:\/\/api.w.org\/{rel}","templated":true}]}}