{"id":7905,"date":"2019-12-28T18:08:28","date_gmt":"2019-12-28T17:08:28","guid":{"rendered":"https:\/\/quantum.com.pl\/?post_type=product&#038;p=7905"},"modified":"2020-05-19T22:40:12","modified_gmt":"2020-05-19T20:40:12","slug":"irc-750","status":"publish","type":"product","link":"https:\/\/quantum.com.pl\/pl\/product\/irc-750\/","title":{"rendered":"IRC-750"},"content":{"rendered":"<p>19-calowa obudowa 5U Rackmount CTI z 6 wn\u0119kami na nap\u0119d i 14 gniazdami<\/p>\n<h4>Cechy szczeg\u00f3lne:<\/h4>\n<ul>\n<li>Ulepszony wspornik nap\u0119du do przechowywania 5.25&#8243; x4 + 3.5&#8243; x1 (lub 1xNB CD-ROM + 1xNB FDD) dla RAID<\/li>\n<li>Dwa 12-centymetrowe wentylatory ch\u0142odz\u0105ce z \u0142o\u017cyskami kulkowymi zapewniaj\u0105 lepsz\u0105 wentylacj\u0119<\/li>\n<li>Dwie pozycje ustalaj\u0105ce karty<\/li>\n<li>Modu\u0142owy panel funkcyjny dla dw\u00f3ch system\u00f3w<\/li>\n<li>Jedna os\u0142ona ochronna on\/off i jeden bezdotykowy prze\u0142\u0105cznik resetowania dla bezpiecznego dost\u0119pu<\/li>\n<li>Zasilacz PS\/2 Redundant do zainstalowania<\/li>\n<li>Odpowiedni dla ATX M\/B, szczeg\u00f3lnie dla du\u017cych rozmiar\u00f3w M\/B<\/li>\n<\/ul>\n<p>&nbsp;<\/p>\n","protected":false},"excerpt":{"rendered":"<p>19-calowa obudowa 5U Rackmount CTI z 6 wn\u0119kami na nap\u0119d i 14 gniazdami<\/p>\n","protected":false},"featured_media":11402,"template":"","meta":{"_acf_changed":false,"inline_featured_image":false,"_monsterinsights_skip_tracking":false,"_monsterinsights_sitenote_active":false,"_monsterinsights_sitenote_note":"","_monsterinsights_sitenote_category":0},"product_brand":[],"product_cat":[1387,1399,972],"product_tag":[],"class_list":{"0":"post-7905","1":"product","2":"type-product","3":"status-publish","4":"has-post-thumbnail","6":"product_cat-obudowy-przemyslowe-pl","7":"product_cat-obud-przemyslowe-5u-rackmount-pl","8":"product_cat-portwell-pl","10":"first","11":"instock","12":"shipping-taxable","13":"product-type-simple"},"acf":[],"_links":{"self":[{"href":"https:\/\/quantum.com.pl\/pl\/wp-json\/wp\/v2\/product\/7905","targetHints":{"allow":["GET"]}}],"collection":[{"href":"https:\/\/quantum.com.pl\/pl\/wp-json\/wp\/v2\/product"}],"about":[{"href":"https:\/\/quantum.com.pl\/pl\/wp-json\/wp\/v2\/types\/product"}],"wp:featuredmedia":[{"embeddable":true,"href":"https:\/\/quantum.com.pl\/pl\/wp-json\/wp\/v2\/media\/11402"}],"wp:attachment":[{"href":"https:\/\/quantum.com.pl\/pl\/wp-json\/wp\/v2\/media?parent=7905"}],"wp:term":[{"taxonomy":"product_brand","embeddable":true,"href":"https:\/\/quantum.com.pl\/pl\/wp-json\/wp\/v2\/product_brand?post=7905"},{"taxonomy":"product_cat","embeddable":true,"href":"https:\/\/quantum.com.pl\/pl\/wp-json\/wp\/v2\/product_cat?post=7905"},{"taxonomy":"product_tag","embeddable":true,"href":"https:\/\/quantum.com.pl\/pl\/wp-json\/wp\/v2\/product_tag?post=7905"}],"curies":[{"name":"wp","href":"https:\/\/api.w.org\/{rel}","templated":true}]}}