{"id":7914,"date":"2019-12-28T18:23:15","date_gmt":"2019-12-28T17:23:15","guid":{"rendered":"https:\/\/quantum.com.pl\/?post_type=product&#038;p=7914"},"modified":"2020-05-19T22:40:47","modified_gmt":"2020-05-19T20:40:47","slug":"rpc-500l","status":"publish","type":"product","link":"https:\/\/quantum.com.pl\/pl\/product\/rpc-500l\/","title":{"rendered":"RPC-500L"},"content":{"rendered":"<h4>Obudowa 19&#8243;4U Rackmount dla d\u0142ugiego rozmiaru PICMG<\/h4>\n<p>&nbsp;<\/p>\n<p>RPC-500L jest przeznaczona dla PICMG SBC\/ SHB i RPC-500L-MX dla p\u0142yt g\u0142\u00f3wnych ATX (d\u0142ugi rozmiar) i ma maksymalnie 14-gniazdow\u0105 rozbudow\u0119 dla p\u0142yty monta\u017cowej PICMG. Obs\u0142uguje r\u00f3wnie\u017c zasilacz PS\/2, dzi\u0119ki czemu RPC-500L jest najlepiej sprzedaj\u0105c\u0105 si\u0119 obudow\u0105 4U Rackmount do zastosowa\u0144 CTI, przemys\u0142owych, naukowych, in\u017cynieryjnych i serwerowych.<\/p>\n<h4>Cechy szczeg\u00f3lne:<\/h4>\n<ul>\n<li>Wn\u0119ki na dyski 5.25&#8243; x3 + 3.5&#8243; x2 dla RAID 0, 1, 5 i CD-ROM<\/li>\n<li>Dwa \u0142o\u017cyskowe wentylatory ch\u0142odz\u0105ce dla lepszej wentylacji<\/li>\n<li>Tradycyjne uchwyty rack-mount<\/li>\n<li>Dwie pozycje ustalaj\u0105ce karty<\/li>\n<li>Dwa porty USB na panelu sterowania<\/li>\n<li>W zestawie jedna za\u015blepka z\u0142\u0105cza PS\/2 K\/B<\/li>\n<li>Jeden modu\u0142owy panel funkcyjny dla system\u00f3w pojedynczych (domy\u015blny) i podw\u00f3jnych (opcjonalny)<\/li>\n<li>Odpowiedni dla ATX M\/B, szczeg\u00f3lnie dla AT o du\u017cych rozmiarach M\/B 51.5 cm g\u0142\u0119boko\u015bci<\/li>\n<li>Zasilacz PS\/2 Redundant do zainstalowania<\/li>\n<\/ul>\n<h4>Specyfikacja:<\/h4>\n\n<table id=\"tablepress-408\" class=\"tablepress tablepress-id-408\">\n<thead>\n<tr class=\"row-1\">\n\t<th class=\"column-1\">Construction<\/th><th class=\"column-2\">Heavy-duty steel<br \/>\n<\/th>\n<\/tr>\n<\/thead>\n<tbody class=\"row-striping row-hover\">\n<tr class=\"row-2\">\n\t<td class=\"column-1\">Drive_Bay_external<\/td><td class=\"column-2\">Slim type CD-ROM x1, Hot-swap 3.5\" HDD x2<br \/>\n<\/td>\n<\/tr>\n<tr class=\"row-3\">\n\t<td class=\"column-1\">Air Filter<\/td><td class=\"column-2\">One internal replaceable air filter<br \/>\n<\/td>\n<\/tr>\n<tr class=\"row-4\">\n\t<td class=\"column-1\">Cooling_Fan<\/td><td class=\"column-2\">Two 8 cm ball-bearing fans<br \/>\n<\/td>\n<\/tr>\n<tr class=\"row-5\">\n\t<td class=\"column-1\">Indicator<\/td><td class=\"column-2\">HDD x1+ Power on\/off x1<br \/>\n<\/td>\n<\/tr>\n<tr class=\"row-6\">\n\t<td class=\"column-1\">Switch<\/td><td class=\"column-2\">Power on\/off x1 (with a protection cap) x1, System reset x1<br \/>\n<\/td>\n<\/tr>\n<tr class=\"row-7\">\n\t<td class=\"column-1\">Speaker<\/td><td class=\"column-2\">One speaker<br \/>\n<\/td>\n<\/tr>\n<tr class=\"row-8\">\n\t<td class=\"column-1\">Connector<\/td><td class=\"column-2\">Two USB ports equipped on the front panel<br \/>\n<\/td>\n<\/tr>\n<tr class=\"row-9\">\n\t<td class=\"column-1\">Standard_Color<\/td><td class=\"column-2\">Silver, Beige, Black<br \/>\n<\/td>\n<\/tr>\n<tr class=\"row-10\">\n\t<td class=\"column-1\">Dimension<\/td><td class=\"column-2\">482 x 441.6 x 88.4 mm<br \/>\n<\/td>\n<\/tr>\n<tr class=\"row-11\">\n\t<td class=\"column-1\">Weight<\/td><td class=\"column-2\">Net 11.0 kg; Gross 12.0 kg<br \/>\n<\/td>\n<\/tr>\n<tr class=\"row-12\">\n\t<td class=\"column-1\">Backplane<\/td><td class=\"column-2\">PBP-06V4 Vertical 6-slot (4xPCI) PICMG backplane PBP-06V Vertical 6-slot ISA backplane<br \/>\n<\/td>\n<\/tr>\n<tr class=\"row-13\">\n\t<td class=\"column-1\">Input Voltage<\/td><td class=\"column-2\">90V ~ 264V AC, full range<br \/>\n<\/td>\n<\/tr>\n<tr class=\"row-14\">\n\t<td class=\"column-1\">Input Frequency<\/td><td class=\"column-2\">47 ~ 63Hz<br \/>\n<\/td>\n<\/tr>\n<tr class=\"row-15\">\n\t<td class=\"column-1\">Input Current<\/td><td class=\"column-2\">6A@90V<br \/>\n<\/td>\n<\/tr>\n<tr class=\"row-16\">\n\t<td class=\"column-1\">Efficiency<\/td><td class=\"column-2\">> 68%<br \/>\n<\/td>\n<\/tr>\n<tr class=\"row-17\">\n\t<td class=\"column-1\">MTBF<\/td><td class=\"column-2\">75,145 hrs<br \/>\n<\/td>\n<\/tr>\n<tr class=\"row-18\">\n\t<td class=\"column-1\">EMI_Safety_Approval<\/td><td class=\"column-2\">UL, TUV, CE, FCC, CB, CSA, SEMKO, FIMKO, NEMCO, DIMCO<br \/>\n<\/td>\n<\/tr>\n<tr class=\"row-19\">\n\t<td class=\"column-1\">Temperature_Humidity<\/td><td class=\"column-2\">Operating 0\u00b0C ~ 50\u00b0C, 20 ~ 85%RH Storage -40\u00b0C ~ 70\u00b0C, 10 ~ 90%RH<br \/>\n<\/td>\n<\/tr>\n<tr class=\"row-20\">\n\t<td class=\"column-1\">Operating Temperature<\/td><td class=\"column-2\">0\u00b0C ~ 50\u00b0C<br \/>\n<\/td>\n<\/tr>\n<tr class=\"row-21\">\n\t<td class=\"column-1\">Storage Temperature<\/td><td class=\"column-2\">-40\u00b0C to +70\u00b0C<br \/>\n<\/td>\n<\/tr>\n<tr class=\"row-22\">\n\t<td class=\"column-1\">Relative_Humidity<\/td><td class=\"column-2\">5% ~ 95\u00b0%, non-condensing<br \/>\n<\/td>\n<\/tr>\n<tr class=\"row-23\">\n\t<td class=\"column-1\">Vibration<\/td><td class=\"column-2\">\"5~7 Hz 0.5\"\" double amplitude displacement 7~2000 Hz 1.5g acceleration\"<br \/>\n<\/td>\n<\/tr>\n<\/tbody>\n<\/table>\n<!-- #tablepress-408 from cache -->\n","protected":false},"excerpt":{"rendered":"<p>Obudowa przemys\u0142owa 19&#8243;4U\u00a0 Rackmount z 14 gniazdami (d\u0142u\u017csza g\u0142\u0119boko\u015b\u0107)<\/p>\n","protected":false},"featured_media":11406,"template":"","meta":{"_acf_changed":false,"inline_featured_image":false,"_monsterinsights_skip_tracking":false,"_monsterinsights_sitenote_active":false,"_monsterinsights_sitenote_note":"","_monsterinsights_sitenote_category":0},"product_brand":[],"product_cat":[1387,1398,972],"product_tag":[],"class_list":{"0":"post-7914","1":"product","2":"type-product","3":"status-publish","4":"has-post-thumbnail","6":"product_cat-obudowy-przemyslowe-pl","7":"product_cat-obud-przemyslowe-4u-rackmount-pl","8":"product_cat-portwell-pl","10":"first","11":"instock","12":"shipping-taxable","13":"product-type-simple"},"acf":[],"_links":{"self":[{"href":"https:\/\/quantum.com.pl\/pl\/wp-json\/wp\/v2\/product\/7914","targetHints":{"allow":["GET"]}}],"collection":[{"href":"https:\/\/quantum.com.pl\/pl\/wp-json\/wp\/v2\/product"}],"about":[{"href":"https:\/\/quantum.com.pl\/pl\/wp-json\/wp\/v2\/types\/product"}],"wp:featuredmedia":[{"embeddable":true,"href":"https:\/\/quantum.com.pl\/pl\/wp-json\/wp\/v2\/media\/11406"}],"wp:attachment":[{"href":"https:\/\/quantum.com.pl\/pl\/wp-json\/wp\/v2\/media?parent=7914"}],"wp:term":[{"taxonomy":"product_brand","embeddable":true,"href":"https:\/\/quantum.com.pl\/pl\/wp-json\/wp\/v2\/product_brand?post=7914"},{"taxonomy":"product_cat","embeddable":true,"href":"https:\/\/quantum.com.pl\/pl\/wp-json\/wp\/v2\/product_cat?post=7914"},{"taxonomy":"product_tag","embeddable":true,"href":"https:\/\/quantum.com.pl\/pl\/wp-json\/wp\/v2\/product_tag?post=7914"}],"curies":[{"name":"wp","href":"https:\/\/api.w.org\/{rel}","templated":true}]}}