{"id":7965,"date":"2019-12-28T18:59:05","date_gmt":"2019-12-28T17:59:05","guid":{"rendered":"https:\/\/quantum.com.pl\/?post_type=product&#038;p=7965"},"modified":"2020-05-19T22:39:24","modified_gmt":"2020-05-19T20:39:24","slug":"aremo-4185","status":"publish","type":"product","link":"https:\/\/quantum.com.pl\/pl\/product\/aremo-4185\/","title":{"rendered":"AREMO-4185"},"content":{"rendered":"<p>19-calowa przemys\u0142owa obudowa 4U Rackmount<\/p>\n<h4>Cechy szczeg\u00f3lne:<\/h4>\n<ul>\n<li>Trzy wn\u0119ki 5.25\u201d i dwie wewn\u0119trzne 3.5\u201d wn\u0119ki na dyski twarde dla RAID 0, 1, 5 i CD-ROM<\/li>\n<li>Cztery porty USB na panelu przednim<\/li>\n<li>Dwa \u0142o\u017cyskowe wentylatory ch\u0142odz\u0105ce (12 cm x 1+ 8 cm x 1) dla lepszej wentylacji<\/li>\n<li>Trzy pozycje ustalaj\u0105ce karty<\/li>\n<li>Jeden modu\u0142owy panel funkcyjny dla system\u00f3w pojedynczych (domy\u015blnych) lub podw\u00f3jnych (opcjonalnych)<\/li>\n<li>Zasilacz PS\/2 Redundant (opcjonalnie)<\/li>\n<li>Odpowiedni dla p\u0142yt g\u0142\u00f3wnych ATX, szczeg\u00f3lnie p\u0142yt g\u0142\u00f3wnych o du\u017cych rozmiarach AT<\/li>\n<\/ul>\n<p>&nbsp;<\/p>\n","protected":false},"excerpt":{"rendered":"<p>19-calowa przemys\u0142owa obudowa 4U Rackmount<\/p>\n","protected":false},"featured_media":11396,"template":"","meta":{"_acf_changed":false,"inline_featured_image":false,"_monsterinsights_skip_tracking":false,"_monsterinsights_sitenote_active":false,"_monsterinsights_sitenote_note":"","_monsterinsights_sitenote_category":0},"product_brand":[],"product_cat":[1387,1398,972],"product_tag":[],"class_list":{"0":"post-7965","1":"product","2":"type-product","3":"status-publish","4":"has-post-thumbnail","6":"product_cat-obudowy-przemyslowe-pl","7":"product_cat-obud-przemyslowe-4u-rackmount-pl","8":"product_cat-portwell-pl","10":"first","11":"instock","12":"shipping-taxable","13":"product-type-simple"},"acf":[],"_links":{"self":[{"href":"https:\/\/quantum.com.pl\/pl\/wp-json\/wp\/v2\/product\/7965","targetHints":{"allow":["GET"]}}],"collection":[{"href":"https:\/\/quantum.com.pl\/pl\/wp-json\/wp\/v2\/product"}],"about":[{"href":"https:\/\/quantum.com.pl\/pl\/wp-json\/wp\/v2\/types\/product"}],"wp:featuredmedia":[{"embeddable":true,"href":"https:\/\/quantum.com.pl\/pl\/wp-json\/wp\/v2\/media\/11396"}],"wp:attachment":[{"href":"https:\/\/quantum.com.pl\/pl\/wp-json\/wp\/v2\/media?parent=7965"}],"wp:term":[{"taxonomy":"product_brand","embeddable":true,"href":"https:\/\/quantum.com.pl\/pl\/wp-json\/wp\/v2\/product_brand?post=7965"},{"taxonomy":"product_cat","embeddable":true,"href":"https:\/\/quantum.com.pl\/pl\/wp-json\/wp\/v2\/product_cat?post=7965"},{"taxonomy":"product_tag","embeddable":true,"href":"https:\/\/quantum.com.pl\/pl\/wp-json\/wp\/v2\/product_tag?post=7965"}],"curies":[{"name":"wp","href":"https:\/\/api.w.org\/{rel}","templated":true}]}}