{"id":7973,"date":"2019-12-28T19:09:40","date_gmt":"2019-12-28T18:09:40","guid":{"rendered":"https:\/\/quantum.com.pl\/?post_type=product&#038;p=7973"},"modified":"2020-05-19T22:39:40","modified_gmt":"2020-05-19T20:39:40","slug":"aremo-4196","status":"publish","type":"product","link":"https:\/\/quantum.com.pl\/pl\/product\/aremo-4196\/","title":{"rendered":"AREMO-4196"},"content":{"rendered":"<p>19-calowa obudowa przemys\u0142owa 4U Rackmount z 14 gniazdami<\/p>\n<h4>Cechy szczeg\u00f3lne:<\/h4>\n<ul>\n<li>Trzy wn\u0119ki 5.25\u201d i dwie wewn\u0119trzne wn\u0119ki 3.5\u201d na dyski twarde dla RAID 0, 1, 5 i CD-ROM<\/li>\n<li>Cztery porty USB na panelu przednim<\/li>\n<li>Podw\u00f3jne 12-centymetrowe wentylatory z \u0142o\u017cyskiem kulkowym dla lepszej wentylacji<\/li>\n<li>Dwie pozycje ustalaj\u0105ce karty<\/li>\n<li>Zasilacz PS\/2 lub zasilacz Redundant do zainstalowania<\/li>\n<li>Odpowiednia dla ATX M\/B, szczeg\u00f3lnie dla du\u017cych rozmiar\u00f3w ATX M\/B<\/li>\n<li>\u0141atwo odczepiany i zmywalny filtr powietrza<\/li>\n<li>Wyposa\u017cona w kart\u0119 kontroli wentylatora do wykrywania awarii wentylatora<\/li>\n<\/ul>\n<h4>Specyfikacja:<\/h4>\n\n<table id=\"tablepress-411\" class=\"tablepress tablepress-id-411\">\n<thead>\n<tr class=\"row-1\">\n\t<th class=\"column-1\">Construction<\/th><th class=\"column-2\">Heavy-duty steel<br \/>\n<\/th>\n<\/tr>\n<\/thead>\n<tbody class=\"row-striping row-hover\">\n<tr class=\"row-2\">\n\t<td class=\"column-1\">Drive_Bay_external<\/td><td class=\"column-2\">1x Slim type CD-ROM 2x Hot-swap 3.5\" HDD<br \/>\n<\/td>\n<\/tr>\n<tr class=\"row-3\">\n\t<td class=\"column-1\">Air Filter<\/td><td class=\"column-2\">One external replaceable air filter<br \/>\n<\/td>\n<\/tr>\n<tr class=\"row-4\">\n\t<td class=\"column-1\">Cooling_Fan<\/td><td class=\"column-2\">Two 7cm ball-bearing fans<br \/>\n<\/td>\n<\/tr>\n<tr class=\"row-5\">\n\t<td class=\"column-1\">Indicator<\/td><td class=\"column-2\">1x HDD+ 1x Power On\/Off<br \/>\n<\/td>\n<\/tr>\n<tr class=\"row-6\">\n\t<td class=\"column-1\">Switch<\/td><td class=\"column-2\">1x Power On\/Off (with a protection cap), 1x System reset<br \/>\n<\/td>\n<\/tr>\n<tr class=\"row-7\">\n\t<td class=\"column-1\">Speaker<\/td><td class=\"column-2\">One speaker<br \/>\n<\/td>\n<\/tr>\n<tr class=\"row-8\">\n\t<td class=\"column-1\">Connector<\/td><td class=\"column-2\">2x USB ports equipped on the front panel<br \/>\n<\/td>\n<\/tr>\n<tr class=\"row-9\">\n\t<td class=\"column-1\">Standard_Color<\/td><td class=\"column-2\">Silver, Black<br \/>\n<\/td>\n<\/tr>\n<tr class=\"row-10\">\n\t<td class=\"column-1\">Dimension<\/td><td class=\"column-2\">482 x 429.2 x 88.6 mm<br \/>\n<\/td>\n<\/tr>\n<tr class=\"row-11\">\n\t<td class=\"column-1\">Weight<\/td><td class=\"column-2\">Net 11.0 kg; Gross 12.0 kg<br \/>\n<\/td>\n<\/tr>\n<tr class=\"row-12\">\n\t<td class=\"column-1\">Backplane<\/td><td class=\"column-2\">\"PBPE-06V464 6-slot [PCIe (1), PCI (0), PCI-X (4)] PCIMG 1.3 backplane PBPE-06V3 6-slot [PCIe (2), PCI (3), PCI-X (0)] PCIMG 1.3 backplane PBPE-06V 6-slot [PCIe (5)] PCIMG 1.3 backplane PBPE-06V4 6-slot [PCI (4), PCI-X (0)] PCIMG 1.0 backplane\"<br \/>\n<\/td>\n<\/tr>\n<tr class=\"row-13\">\n\t<td class=\"column-1\">Maximum_output<\/td><td class=\"column-2\">350W active PFC<br \/>\n<\/td>\n<\/tr>\n<tr class=\"row-14\">\n\t<td class=\"column-1\">Output_Voltage_Current<\/td><td class=\"column-2\">+5V@12A; +12V1@18A; +12V2@18A; +3.3V@18A; -12V@0.3A,+5Vsb@2.5A<br \/>\n<\/td>\n<\/tr>\n<tr class=\"row-15\">\n\t<td class=\"column-1\">Input Voltage<\/td><td class=\"column-2\">90V ~ 264V AC, full range<br \/>\n<\/td>\n<\/tr>\n<tr class=\"row-16\">\n\t<td class=\"column-1\">Input Frequency<\/td><td class=\"column-2\">50 ~ 60Hz<br \/>\n<\/td>\n<\/tr>\n<tr class=\"row-17\">\n\t<td class=\"column-1\">Input Current<\/td><td class=\"column-2\">8A@115V, 8A@230V<br \/>\n<\/td>\n<\/tr>\n<tr class=\"row-18\">\n\t<td class=\"column-1\">Efficiency<\/td><td class=\"column-2\">> 80%<br \/>\n<\/td>\n<\/tr>\n<tr class=\"row-19\">\n\t<td class=\"column-1\">MTBF<\/td><td class=\"column-2\">100,000 hrs<br \/>\n<\/td>\n<\/tr>\n<tr class=\"row-20\">\n\t<td class=\"column-1\">EMI_Safety_Approval<\/td><td class=\"column-2\">UL, TUV, CE, FCC, CB, VCCI, 80PLUS<br \/>\n<\/td>\n<\/tr>\n<tr class=\"row-21\">\n\t<td class=\"column-1\">Temperature_Humidity<\/td><td class=\"column-2\">\"Operating 5\u00b0C ~ 50\u00b0C, 20% ~ 85%RH Storage -40\u00b0C ~ 70\u00b0C, 10% ~ 95%RH\"<br \/>\n<\/td>\n<\/tr>\n<tr class=\"row-22\">\n\t<td class=\"column-1\">Operating Temperature<\/td><td class=\"column-2\">0\u00b0C ~ 55\u00b0C<br \/>\n<\/td>\n<\/tr>\n<tr class=\"row-23\">\n\t<td class=\"column-1\">Storage Temperature<\/td><td class=\"column-2\">-20\u00b0C to 80\u00b0C<br \/>\n<\/td>\n<\/tr>\n<tr class=\"row-24\">\n\t<td class=\"column-1\">Relative_Humidity<\/td><td class=\"column-2\">5% ~ 95\u00b0%, non-condensing<br \/>\n<\/td>\n<\/tr>\n<tr class=\"row-25\">\n\t<td class=\"column-1\">Vibration<\/td><td class=\"column-2\">\"5~7 Hz 0.5\"\" double amplitude displacement 7~2000 Hz 1.5g acceleration\"<br \/>\n<\/td>\n<\/tr>\n<\/tbody>\n<\/table>\n<!-- #tablepress-411 from cache -->\n","protected":false},"excerpt":{"rendered":"<p>19-calowa obudowa przemys\u0142owa 4U Rackmount z 14 gniazdami<\/p>\n","protected":false},"featured_media":11398,"template":"","meta":{"_acf_changed":false,"inline_featured_image":false,"_monsterinsights_skip_tracking":false,"_monsterinsights_sitenote_active":false,"_monsterinsights_sitenote_note":"","_monsterinsights_sitenote_category":0},"product_brand":[],"product_cat":[1387,1398,972],"product_tag":[],"class_list":{"0":"post-7973","1":"product","2":"type-product","3":"status-publish","4":"has-post-thumbnail","6":"product_cat-obudowy-przemyslowe-pl","7":"product_cat-obud-przemyslowe-4u-rackmount-pl","8":"product_cat-portwell-pl","10":"first","11":"instock","12":"shipping-taxable","13":"product-type-simple"},"acf":[],"_links":{"self":[{"href":"https:\/\/quantum.com.pl\/pl\/wp-json\/wp\/v2\/product\/7973","targetHints":{"allow":["GET"]}}],"collection":[{"href":"https:\/\/quantum.com.pl\/pl\/wp-json\/wp\/v2\/product"}],"about":[{"href":"https:\/\/quantum.com.pl\/pl\/wp-json\/wp\/v2\/types\/product"}],"wp:featuredmedia":[{"embeddable":true,"href":"https:\/\/quantum.com.pl\/pl\/wp-json\/wp\/v2\/media\/11398"}],"wp:attachment":[{"href":"https:\/\/quantum.com.pl\/pl\/wp-json\/wp\/v2\/media?parent=7973"}],"wp:term":[{"taxonomy":"product_brand","embeddable":true,"href":"https:\/\/quantum.com.pl\/pl\/wp-json\/wp\/v2\/product_brand?post=7973"},{"taxonomy":"product_cat","embeddable":true,"href":"https:\/\/quantum.com.pl\/pl\/wp-json\/wp\/v2\/product_cat?post=7973"},{"taxonomy":"product_tag","embeddable":true,"href":"https:\/\/quantum.com.pl\/pl\/wp-json\/wp\/v2\/product_tag?post=7973"}],"curies":[{"name":"wp","href":"https:\/\/api.w.org\/{rel}","templated":true}]}}