{"id":7983,"date":"2019-12-29T14:53:32","date_gmt":"2019-12-29T13:53:32","guid":{"rendered":"https:\/\/quantum.com.pl\/?post_type=product&#038;p=7983"},"modified":"2020-05-19T22:38:56","modified_gmt":"2020-05-19T20:38:56","slug":"aremo-3194","status":"publish","type":"product","link":"https:\/\/quantum.com.pl\/pl\/product\/aremo-3194\/","title":{"rendered":"AREMO-3194"},"content":{"rendered":"<p>19-calowa obudowa 3U Rackmount dla platformy ATX M\/B (zasilacz 2U)<\/p>\n<h4>Cechy szczeg\u00f3lne:<\/h4>\n<ul>\n<li>Port IEEE 1394 i dwa porty USB na panelu przednim<\/li>\n<li>Dedykowane wentylatory ch\u0142odz\u0105ce, aby zredukowa\u0107 ciep\u0142o w gor\u0105cych miejscach obudowy<\/li>\n<li>Odporny na kurz przedni filtr powietrza dla \u0142atwego czyszczenia i wymiany<\/li>\n<li>Zamykane drzwi przednie zapewniaj\u0105ce wi\u0119ksze bezpiecze\u0144stwo<\/li>\n<li>Thumb Lock dla wi\u0119kszego bezpiecze\u0144stwa i \u0142atwiejszej obs\u0142ugi systemu<\/li>\n<\/ul>\n<h4>Specyfikacja:<\/h4>\n\n<table id=\"tablepress-412\" class=\"tablepress tablepress-id-412\">\n<thead>\n<tr class=\"row-1\">\n\t<th class=\"column-1\">Construction<\/th><th class=\"column-2\">Heavy-duty steel<br \/>\n<\/th>\n<\/tr>\n<\/thead>\n<tbody class=\"row-striping row-hover\">\n<tr class=\"row-2\">\n\t<td class=\"column-1\">Drive_Bay_internal<\/td><td class=\"column-2\">2x 3.5\" HDD<br \/>\n<\/td>\n<\/tr>\n<tr class=\"row-3\">\n\t<td class=\"column-1\">Drive_Bay_external<\/td><td class=\"column-2\">External NB CD-ROM x1 (or equivalent CD-RW \/ DVD-ROM) + NB FDD x1 Internal 3.5\" HDD x2<br \/>\n<\/td>\n<\/tr>\n<tr class=\"row-4\">\n\t<td class=\"column-1\">Cooling_Fan<\/td><td class=\"column-2\">One 12cm ball-bearing fan<br \/>\n<\/td>\n<\/tr>\n<tr class=\"row-5\">\n\t<td class=\"column-1\">Indicator<\/td><td class=\"column-2\">Power on\/off x1, HDD x1<br \/>\n<\/td>\n<\/tr>\n<tr class=\"row-6\">\n\t<td class=\"column-1\">Switch<\/td><td class=\"column-2\">Power on\/off x1, System reset x1<br \/>\n<\/td>\n<\/tr>\n<tr class=\"row-7\">\n\t<td class=\"column-1\">Connector<\/td><td class=\"column-2\">Two USB connectors on the front panel, reserved one COM port cutout<br \/>\n<\/td>\n<\/tr>\n<tr class=\"row-8\">\n\t<td class=\"column-1\">Standard_Color<\/td><td class=\"column-2\">Black<\/td>\n<\/tr>\n<tr class=\"row-9\">\n\t<td class=\"column-1\">Dimension<\/td><td class=\"column-2\">481 x 429 x 44 mm<br \/>\n<\/td>\n<\/tr>\n<tr class=\"row-10\">\n\t<td class=\"column-1\">Weight<\/td><td class=\"column-2\">Net 10 kg; Gross 13 kg<br \/>\n<\/td>\n<\/tr>\n<tr class=\"row-11\">\n\t<td class=\"column-1\">Backplane<\/td><td class=\"column-2\">PBP-03P2X 3-slot (2xPCI) PICMG backplane<br \/>\n<\/td>\n<\/tr>\n<tr class=\"row-12\">\n\t<td class=\"column-1\">Input Voltage<\/td><td class=\"column-2\">90V ~ 264V AC, full range<br \/>\n<\/td>\n<\/tr>\n<tr class=\"row-13\">\n\t<td class=\"column-1\">Input Frequency<\/td><td class=\"column-2\">47 ~ 63Hz<br \/>\n<\/td>\n<\/tr>\n<tr class=\"row-14\">\n\t<td class=\"column-1\">Input Current<\/td><td class=\"column-2\">6A@115V, 3A@230V<br \/>\n<\/td>\n<\/tr>\n<tr class=\"row-15\">\n\t<td class=\"column-1\">Efficiency<\/td><td class=\"column-2\">> 65%<br \/>\n<\/td>\n<\/tr>\n<tr class=\"row-16\">\n\t<td class=\"column-1\">MTBF<\/td><td class=\"column-2\">105,405 hrs<br \/>\n<\/td>\n<\/tr>\n<tr class=\"row-17\">\n\t<td class=\"column-1\">EMI_Safety_Approval<\/td><td class=\"column-2\">UL, cUL, TVU, CE, FCC<br \/>\n<\/td>\n<\/tr>\n<tr class=\"row-18\">\n\t<td class=\"column-1\">Temperature_Humidity<\/td><td class=\"column-2\">Operating 0\u00b0C  ~ 50\u00b0C , 20 ~ 85%RH Storage -20\u00b0C  ~ 70\u00b0C , 10 ~ 90%RH<br \/>\n<\/td>\n<\/tr>\n<tr class=\"row-19\">\n\t<td class=\"column-1\">Operating Temperature<\/td><td class=\"column-2\">0\u00b0C ~ 55\u00b0C<br \/>\n<\/td>\n<\/tr>\n<tr class=\"row-20\">\n\t<td class=\"column-1\">Storage Temperature<\/td><td class=\"column-2\">-20\u00b0C to 80\u00b0C<br \/>\n<\/td>\n<\/tr>\n<tr class=\"row-21\">\n\t<td class=\"column-1\">Relative_Humidity<\/td><td class=\"column-2\">5% ~ 95\u00b0%, non-condensing<br \/>\n<\/td>\n<\/tr>\n<tr class=\"row-22\">\n\t<td class=\"column-1\">Vibration<\/td><td class=\"column-2\">\"5~7 Hz 0.5\"\" double amplitude displacement 7~2000 Hz 1.5g acceleration\"<br \/>\n<\/td>\n<\/tr>\n<\/tbody>\n<\/table>\n<!-- #tablepress-412 from cache -->\n","protected":false},"excerpt":{"rendered":"<p>19-calowa obudowa 3U Rackmount dla platformy ATX M\/B (zasilacz 2U)<\/p>\n","protected":false},"featured_media":11394,"template":"","meta":{"_acf_changed":false,"inline_featured_image":false,"_monsterinsights_skip_tracking":false,"_monsterinsights_sitenote_active":false,"_monsterinsights_sitenote_note":"","_monsterinsights_sitenote_category":0},"product_brand":[],"product_cat":[1387,1395,972],"product_tag":[],"class_list":{"0":"post-7983","1":"product","2":"type-product","3":"status-publish","4":"has-post-thumbnail","6":"product_cat-obudowy-przemyslowe-pl","7":"product_cat-obud-przemyslowe-3u-rackmount-pl","8":"product_cat-portwell-pl","10":"first","11":"instock","12":"shipping-taxable","13":"product-type-simple"},"acf":[],"_links":{"self":[{"href":"https:\/\/quantum.com.pl\/pl\/wp-json\/wp\/v2\/product\/7983","targetHints":{"allow":["GET"]}}],"collection":[{"href":"https:\/\/quantum.com.pl\/pl\/wp-json\/wp\/v2\/product"}],"about":[{"href":"https:\/\/quantum.com.pl\/pl\/wp-json\/wp\/v2\/types\/product"}],"wp:featuredmedia":[{"embeddable":true,"href":"https:\/\/quantum.com.pl\/pl\/wp-json\/wp\/v2\/media\/11394"}],"wp:attachment":[{"href":"https:\/\/quantum.com.pl\/pl\/wp-json\/wp\/v2\/media?parent=7983"}],"wp:term":[{"taxonomy":"product_brand","embeddable":true,"href":"https:\/\/quantum.com.pl\/pl\/wp-json\/wp\/v2\/product_brand?post=7983"},{"taxonomy":"product_cat","embeddable":true,"href":"https:\/\/quantum.com.pl\/pl\/wp-json\/wp\/v2\/product_cat?post=7983"},{"taxonomy":"product_tag","embeddable":true,"href":"https:\/\/quantum.com.pl\/pl\/wp-json\/wp\/v2\/product_tag?post=7983"}],"curies":[{"name":"wp","href":"https:\/\/api.w.org\/{rel}","templated":true}]}}