{"id":7993,"date":"2019-12-29T15:20:42","date_gmt":"2019-12-29T14:20:42","guid":{"rendered":"https:\/\/quantum.com.pl\/?post_type=product&#038;p=7993"},"modified":"2020-05-19T22:37:52","modified_gmt":"2020-05-19T20:37:52","slug":"aremo-2173e","status":"publish","type":"product","link":"https:\/\/quantum.com.pl\/pl\/product\/aremo-2173e\/","title":{"rendered":"AREMO-2173E"},"content":{"rendered":"<h4>19-calowa obudowa 2U Rackmount dla p\u0142yt Micro-ATX i Mini-ITX<\/h4>\n<p>&nbsp;<\/p>\n<p>Obudowa przemys\u0142owa 19&#8243; 2U Rackmount<\/p>\n<h4>Cechy szczeg\u00f3lne:<\/h4>\n<ul>\n<li>Jeden CD-ROM typu slim i dwa dyski twarde 3.5&#8243; typu hot-swap (IDE lub SATA)<\/li>\n<li>Dwa porty USB na panelu przednim<\/li>\n<li>Dwa 8-centymetrowe wentylatory z \u0142o\u017cyskami kulkowymi dla lepszej wentylacji<\/li>\n<li>Jeden w\u0142\u0105cznik zasilania z nak\u0142adk\u0105 ochronn\u0105 i bezdotykowy reset zapewniaj\u0105cy bezpieczny dost\u0119p<\/li>\n<\/ul>\n<h4>Specyfikacja:<\/h4>\n\n<table id=\"tablepress-413\" class=\"tablepress tablepress-id-413\">\n<tbody class=\"row-striping row-hover\">\n<tr class=\"row-1\">\n\t<td class=\"column-1\">COM Express CPU Module Options<\/td><td class=\"column-2\">\u2022 Intel\u00ae Xeon\u00ae D1577 (16 x 1.3 \/ 2.1 GHz, 24MB cache, 45 W)<br \/>\n\u2022 Intel\u00ae Xeon\u00ae D1559 (12 x 1.5 \/ 2.1 GHz, 18MB cache, 45 W)<br \/>\n<br \/>\nMemory: 48GB DDR4 2400 MT\/s ECC<\/td>\n<\/tr>\n<tr class=\"row-2\">\n\t<td class=\"column-1\">GPU Module Options<\/td><td class=\"column-2\">\u2022 Intel\u00ae Xeon\u00ae D1577 (16 x 1.3 \/ 2.1 GHz, 24MB cache, 45 W)<br \/>\n\u2022 Intel\u00ae Xeon\u00ae D1559 (12 x 1.5 \/ 2.1 GHz, 18MB cache, 45 W)<br \/>\n<br \/>\nMemory: 48GB DDR4 2400 MT\/s ECC<br \/>\n<br \/>\nGPU Module Options\t<br \/>\n\u2022 NVIDIA\u00ae Quadro\u00ae P5000 \u2013 (Pascal, 2048 CUDA Cores, 100W)<br \/>\n\u2022 NVIDIA\u00ae Quadro\u00ae P3000 \u2013 (Pascal, 1280 CUDA Cores, 75W)<br \/>\n\u2022 NVIDIA\u00ae Tesla\u00ae P6 \u2013 (Pascal, 2048 CUDA Cores, 90W, ECC)<\/td>\n<\/tr>\n<tr class=\"row-3\">\n\t<td class=\"column-1\">COM Express Compatibility<\/td><td class=\"column-2\">COM Express\u00ae Type 7 (PICMG COM Express\u00ae COM.0 R3.0)<\/td>\n<\/tr>\n<tr class=\"row-4\">\n\t<td class=\"column-1\">MXM Module Compatibility<\/td><td class=\"column-2\">MXM Specification 3.1 Type-B and Type-A Form Factors<\/td>\n<\/tr>\n<tr class=\"row-5\">\n\t<td class=\"column-1\">1 Gigabit Ethernet<\/td><td class=\"column-2\">4x 1000BASE-T GbE Ports (RJ-45)<\/td>\n<\/tr>\n<tr class=\"row-6\">\n\t<td class=\"column-1\">10 Gigabit Ethernet\t<\/td><td class=\"column-2\">2x 10GBASE-SR\/LR From Dual Inphi CS4223E (Quad SFP+)<br \/>\nFuture path to 4x 10GBASE-SR\/LR From Dual Inphi CS4223E (Quad SFP+)<\/td>\n<\/tr>\n<tr class=\"row-7\">\n\t<td class=\"column-1\">Display<\/td><td class=\"column-2\">4x HDMI Type-A<\/td>\n<\/tr>\n<tr class=\"row-8\">\n\t<td class=\"column-1\">Storage<\/td><td class=\"column-2\">2x M.2 M-KEY 2280 NvME, 2x SATA (7-pin Standard)<\/td>\n<\/tr>\n<tr class=\"row-9\">\n\t<td class=\"column-1\">USB<\/td><td class=\"column-2\">4x USB 2.0 Ports (20-pin T1M header), 4x USB 3.0 Ports (Type-A)<\/td>\n<\/tr>\n<tr class=\"row-10\">\n\t<td class=\"column-1\">Expansion<\/td><td class=\"column-2\">2x M.2 2280 Slots (PCIe x4 Gen3), 2x mini PCIe Slot (USB + PCIe)<\/td>\n<\/tr>\n<tr class=\"row-11\">\n\t<td class=\"column-1\">Serial<\/td><td class=\"column-2\">CPU Console via FTDI USB UART (USB Micro B)<\/td>\n<\/tr>\n<tr class=\"row-12\">\n\t<td class=\"column-1\">GPIO<\/td><td class=\"column-2\">4 inputs (3.3V\/5V selectable)<br \/>\n4 outputs (3.3V\/5V selectable)<br \/>\n(20-pin T1M header)<\/td>\n<\/tr>\n<tr class=\"row-13\">\n\t<td class=\"column-1\">Misc \/ System IO<\/td><td class=\"column-2\">1 x I2C, 1 x SMBus, Power Control Signals S3, S5<br \/>\nReset\/Power Button, Hard Drive \/ Power Status LEDs<br \/>\n5V output, 12V output, GND, BATLOW (20-pin T1M header)<\/td>\n<\/tr>\n<tr class=\"row-14\">\n\t<td class=\"column-1\">Power Requirements<\/td><td class=\"column-2\">+12 DC Input Only<\/td>\n<\/tr>\n<tr class=\"row-15\">\n\t<td class=\"column-1\">Fans<\/td><td class=\"column-2\">4x FAN Connections<\/td>\n<\/tr>\n<tr class=\"row-16\">\n\t<td class=\"column-1\">Dimensions<\/td><td class=\"column-2\">216mm x 164mm (8.500\u2033 x 6.450\u2033)<\/td>\n<\/tr>\n<\/tbody>\n<\/table>\n<!-- #tablepress-413 from cache -->\n","protected":false},"excerpt":{"rendered":"<p>Obudowa przemys\u0142owa 19&#8243; 2U Rackmount<\/p>\n","protected":false},"featured_media":11388,"template":"","meta":{"_acf_changed":false,"inline_featured_image":false,"_monsterinsights_skip_tracking":false,"_monsterinsights_sitenote_active":false,"_monsterinsights_sitenote_note":"","_monsterinsights_sitenote_category":0},"product_brand":[],"product_cat":[1387,1394,972],"product_tag":[],"class_list":{"0":"post-7993","1":"product","2":"type-product","3":"status-publish","4":"has-post-thumbnail","6":"product_cat-obudowy-przemyslowe-pl","7":"product_cat-obud-przemyslowe-2u-rackmount-pl","8":"product_cat-portwell-pl","10":"first","11":"instock","12":"shipping-taxable","13":"product-type-simple"},"acf":[],"_links":{"self":[{"href":"https:\/\/quantum.com.pl\/pl\/wp-json\/wp\/v2\/product\/7993","targetHints":{"allow":["GET"]}}],"collection":[{"href":"https:\/\/quantum.com.pl\/pl\/wp-json\/wp\/v2\/product"}],"about":[{"href":"https:\/\/quantum.com.pl\/pl\/wp-json\/wp\/v2\/types\/product"}],"wp:featuredmedia":[{"embeddable":true,"href":"https:\/\/quantum.com.pl\/pl\/wp-json\/wp\/v2\/media\/11388"}],"wp:attachment":[{"href":"https:\/\/quantum.com.pl\/pl\/wp-json\/wp\/v2\/media?parent=7993"}],"wp:term":[{"taxonomy":"product_brand","embeddable":true,"href":"https:\/\/quantum.com.pl\/pl\/wp-json\/wp\/v2\/product_brand?post=7993"},{"taxonomy":"product_cat","embeddable":true,"href":"https:\/\/quantum.com.pl\/pl\/wp-json\/wp\/v2\/product_cat?post=7993"},{"taxonomy":"product_tag","embeddable":true,"href":"https:\/\/quantum.com.pl\/pl\/wp-json\/wp\/v2\/product_tag?post=7993"}],"curies":[{"name":"wp","href":"https:\/\/api.w.org\/{rel}","templated":true}]}}