{"id":8003,"date":"2019-12-29T15:35:55","date_gmt":"2019-12-29T14:35:55","guid":{"rendered":"https:\/\/quantum.com.pl\/?post_type=product&#038;p=8003"},"modified":"2020-05-19T22:38:11","modified_gmt":"2020-05-19T20:38:11","slug":"aremo-2173mx","status":"publish","type":"product","link":"https:\/\/quantum.com.pl\/pl\/product\/aremo-2173mx\/","title":{"rendered":"AREMO-2173MX"},"content":{"rendered":"<p>19-calowa obudowa 2U Rackmount dla p\u0142yt g\u0142\u00f3wnych Micro-ATX i Mini-ITX<\/p>\n<h4>Cechy szczeg\u00f3lne:<\/h4>\n<ul>\n<li>Jeden CD-ROM typu slim i dwie wn\u0119ki na dyski twarde 3.5\u2033 typu hot-swap (SATA)<\/li>\n<li>Dwa porty USB na panelu przednim<\/li>\n<li>Dwa 7-centymetrowe wentylatory z \u0142o\u017cyskami kulkowymi dla lepszej wentylacji<\/li>\n<li>Jeden w\u0142\u0105cznik zasilania z nak\u0142adk\u0105 ochronn\u0105 i bezdotykowy reset zapewniaj\u0105cy bezpieczny dost\u0119p<\/li>\n<\/ul>\n<h4>Specyfikacja:<\/h4>\n\n<table id=\"tablepress-414\" class=\"tablepress tablepress-id-414\">\n<tbody class=\"row-striping row-hover\">\n<tr class=\"row-1\">\n\t<td class=\"column-1\">Compatibility<\/td><td class=\"column-2\">COM Express Type 7 Module (PICMG COM Express\u00ae COM.0 R3.0), Support for current and next-gen Xeon-D (Broadwell DE) processor modules<\/td>\n<\/tr>\n<tr class=\"row-2\">\n\t<td class=\"column-1\">Ethernet<\/td><td class=\"column-2\">2 x 10GbE (via SFP+ cages), 2x Gigabit Ethernet (10\/100\/1000) RJ-45s<\/td>\n<\/tr>\n<tr class=\"row-3\">\n\t<td class=\"column-1\">Storage<\/td><td class=\"column-2\">1 x M.2 2280 M-Key Slot (Dual function PCIe + SATA)<br \/>\n\u2013 NVMe (PCIe x4 Gen3) Capable<br \/>\n\u2013 SATA III (6Gbps) Capable<br \/>\n1 x Standard SATA Port (7-Pin)<\/td>\n<\/tr>\n<tr class=\"row-4\">\n\t<td class=\"column-1\">USB<\/td><td class=\"column-2\">4x USB 3.0<\/td>\n<\/tr>\n<tr class=\"row-5\">\n\t<td class=\"column-1\">Expansion<\/td><td class=\"column-2\">1x mini PCIe slot full size (USB + PCIe), 1x mini PCIe slot half size (USB + PCIe)<\/td>\n<\/tr>\n<tr class=\"row-6\">\n\t<td class=\"column-1\">Serial<\/td><td class=\"column-2\">1x CPU Console UART (via Micro USB), 1x General Purpose UART (via 2mm header)<\/td>\n<\/tr>\n<tr class=\"row-7\">\n\t<td class=\"column-1\">GPIO<\/td><td class=\"column-2\">8x 3.3V buffered GPIO<\/td>\n<\/tr>\n<tr class=\"row-8\">\n\t<td class=\"column-1\">Power Requirements<\/td><td class=\"column-2\">+12V Input<\/td>\n<\/tr>\n<tr class=\"row-9\">\n\t<td class=\"column-1\">Display Output<\/td><td class=\"column-2\">None (Headless System)<br \/>\nInitial Setup\/Debug can be achieved via MiniPCIe graphics module<\/td>\n<\/tr>\n<tr class=\"row-10\">\n\t<td class=\"column-1\">Misc<\/td><td class=\"column-2\">Power Button, Reset Button, Sys Ctr<\/td>\n<\/tr>\n<tr class=\"row-11\">\n\t<td class=\"column-1\">Dimensions<\/td><td class=\"column-2\">125mm x 95mm<\/td>\n<\/tr>\n<tr class=\"row-12\">\n\t<td class=\"column-1\">Weight<\/td><td class=\"column-2\">124g (0.27lbs)<\/td>\n<\/tr>\n<tr class=\"row-13\">\n\t<td class=\"column-1\">Operating Temperature<\/td><td class=\"column-2\">-40\u00b0C to +85\u00b0C (-40\u00b0F to +185\u00b0F)<\/td>\n<\/tr>\n<\/tbody>\n<\/table>\n<!-- #tablepress-414 from cache -->\n<p>&nbsp;<\/p>\n","protected":false},"excerpt":{"rendered":"<p>19-calowa obudowa 2U Rackmount dla p\u0142yt g\u0142\u00f3wnych Micro-ATX i Mini-ITX<\/p>\n","protected":false},"featured_media":11390,"template":"","meta":{"_acf_changed":false,"inline_featured_image":false,"_monsterinsights_skip_tracking":false,"_monsterinsights_sitenote_active":false,"_monsterinsights_sitenote_note":"","_monsterinsights_sitenote_category":0},"product_brand":[],"product_cat":[1387,1394,972],"product_tag":[],"class_list":{"0":"post-8003","1":"product","2":"type-product","3":"status-publish","4":"has-post-thumbnail","6":"product_cat-obudowy-przemyslowe-pl","7":"product_cat-obud-przemyslowe-2u-rackmount-pl","8":"product_cat-portwell-pl","10":"first","11":"instock","12":"shipping-taxable","13":"product-type-simple"},"acf":[],"_links":{"self":[{"href":"https:\/\/quantum.com.pl\/pl\/wp-json\/wp\/v2\/product\/8003","targetHints":{"allow":["GET"]}}],"collection":[{"href":"https:\/\/quantum.com.pl\/pl\/wp-json\/wp\/v2\/product"}],"about":[{"href":"https:\/\/quantum.com.pl\/pl\/wp-json\/wp\/v2\/types\/product"}],"wp:featuredmedia":[{"embeddable":true,"href":"https:\/\/quantum.com.pl\/pl\/wp-json\/wp\/v2\/media\/11390"}],"wp:attachment":[{"href":"https:\/\/quantum.com.pl\/pl\/wp-json\/wp\/v2\/media?parent=8003"}],"wp:term":[{"taxonomy":"product_brand","embeddable":true,"href":"https:\/\/quantum.com.pl\/pl\/wp-json\/wp\/v2\/product_brand?post=8003"},{"taxonomy":"product_cat","embeddable":true,"href":"https:\/\/quantum.com.pl\/pl\/wp-json\/wp\/v2\/product_cat?post=8003"},{"taxonomy":"product_tag","embeddable":true,"href":"https:\/\/quantum.com.pl\/pl\/wp-json\/wp\/v2\/product_tag?post=8003"}],"curies":[{"name":"wp","href":"https:\/\/api.w.org\/{rel}","templated":true}]}}