{"id":8046,"date":"2019-12-29T16:45:52","date_gmt":"2019-12-29T15:45:52","guid":{"rendered":"https:\/\/quantum.com.pl\/?post_type=product&#038;p=8046"},"modified":"2020-05-19T22:19:11","modified_gmt":"2020-05-19T20:19:11","slug":"g-prdc-1w198tp-ip","status":"publish","type":"product","link":"https:\/\/quantum.com.pl\/pl\/product\/g-prdc-1w198tp-ip\/","title":{"rendered":"G-PRDC-1W198TP-IP"},"content":{"rendered":"<p>Szufladowy KVM 1U z szerokim 19-calowym wy\u015bwietlaczem LCD, 8 portami i panelem dotykowym<\/p>\n<h4>Cechy szczeg\u00f3lne:<\/h4>\n<ul>\n<li>Drawer 1U Rackmount z szerokim 19-calowym wy\u015bwietlaczem LCD<\/li>\n<li>Ultra wysoka rozdzielczo\u015b\u0107 1440 x 900<\/li>\n<li>8-portowy KVM z 1 x lokalny, 1 x IP<\/li>\n<li>3 dolna mysz membranowa<\/li>\n<li>Interfejs combo PS\/2 lub USB do szuflady klawiatury<\/li>\n<li>Opcjonalnie: wiele opcji wyboru j\u0119zyka klawiatury<\/li>\n<li>Zwi\u0119kszona estetyka dzi\u0119ki nowemu profilowanemu panelowi przedniemu i dwupunktowemu zamkowi<\/li>\n<li>Opcjonalnie: pob\u00f3r mocy pr\u0105du sta\u0142ego<\/li>\n<\/ul>\n","protected":false},"excerpt":{"rendered":"<p>Szufladowy KVM 1U z szerokim 19-calowym wy\u015bwietlaczem LCD, 8 portami i panelem dotykowym<\/p>\n","protected":false},"featured_media":11384,"template":"","meta":{"_acf_changed":false,"inline_featured_image":false,"_monsterinsights_skip_tracking":false,"_monsterinsights_sitenote_active":false,"_monsterinsights_sitenote_note":"","_monsterinsights_sitenote_category":0},"product_brand":[],"product_cat":[1450,972],"product_tag":[],"class_list":{"0":"post-8046","1":"product","2":"type-product","3":"status-publish","4":"has-post-thumbnail","6":"product_cat-kvm-pl","7":"product_cat-portwell-pl","9":"first","10":"instock","11":"shipping-taxable","12":"product-type-simple"},"acf":[],"_links":{"self":[{"href":"https:\/\/quantum.com.pl\/pl\/wp-json\/wp\/v2\/product\/8046","targetHints":{"allow":["GET"]}}],"collection":[{"href":"https:\/\/quantum.com.pl\/pl\/wp-json\/wp\/v2\/product"}],"about":[{"href":"https:\/\/quantum.com.pl\/pl\/wp-json\/wp\/v2\/types\/product"}],"wp:featuredmedia":[{"embeddable":true,"href":"https:\/\/quantum.com.pl\/pl\/wp-json\/wp\/v2\/media\/11384"}],"wp:attachment":[{"href":"https:\/\/quantum.com.pl\/pl\/wp-json\/wp\/v2\/media?parent=8046"}],"wp:term":[{"taxonomy":"product_brand","embeddable":true,"href":"https:\/\/quantum.com.pl\/pl\/wp-json\/wp\/v2\/product_brand?post=8046"},{"taxonomy":"product_cat","embeddable":true,"href":"https:\/\/quantum.com.pl\/pl\/wp-json\/wp\/v2\/product_cat?post=8046"},{"taxonomy":"product_tag","embeddable":true,"href":"https:\/\/quantum.com.pl\/pl\/wp-json\/wp\/v2\/product_tag?post=8046"}],"curies":[{"name":"wp","href":"https:\/\/api.w.org\/{rel}","templated":true}]}}