{"id":8055,"date":"2019-12-29T16:51:55","date_gmt":"2019-12-29T15:51:55","guid":{"rendered":"https:\/\/quantum.com.pl\/?post_type=product&#038;p=8055"},"modified":"2020-05-19T22:18:51","modified_gmt":"2020-05-19T20:18:51","slug":"g-prdc-120tp","status":"publish","type":"product","link":"https:\/\/quantum.com.pl\/pl\/product\/g-prdc-120tp\/","title":{"rendered":"G-PRDC-120TP"},"content":{"rendered":"<p>Szufladowy KVM 1U Rackmount z wy\u015bwietlaczem 20&#8243; LCD i panelem dotykowym<\/p>\n<h4>Cechy szczeg\u00f3lne:<\/h4>\n<ul>\n<li>Drawer 1U Rackmount z szerokim 2o-calowym wy\u015bwietlaczem LCD<\/li>\n<li>Ultra wysoka rozdzielczo\u015b\u0107 1600 x 1200<\/li>\n<li>Wej\u015bcie DVI-D<\/li>\n<li>3 dolna mysz membranowa<\/li>\n<li>Interfejs combo PS\/2 lub USB do szuflady klawiatury<\/li>\n<li>Opcjonalnie: wiele opcji wyboru j\u0119zyka klawiatury<\/li>\n<li>Zwi\u0119kszona estetyka dzi\u0119ki nowemu profilowanemu panelowi przedniemu i dwupunktowemu zamkowi<\/li>\n<li>Opcjonalnie: pob\u00f3r mocy pr\u0105du sta\u0142ego<\/li>\n<\/ul>\n","protected":false},"excerpt":{"rendered":"<p>Szufladowy KVM 1U Rackmount z wy\u015bwietlaczem 20&#8243; LCD i panelem dotykowym<\/p>\n","protected":false},"featured_media":11382,"template":"","meta":{"_acf_changed":false,"inline_featured_image":false,"_monsterinsights_skip_tracking":false,"_monsterinsights_sitenote_active":false,"_monsterinsights_sitenote_note":"","_monsterinsights_sitenote_category":0},"product_brand":[],"product_cat":[1450,972],"product_tag":[],"class_list":{"0":"post-8055","1":"product","2":"type-product","3":"status-publish","4":"has-post-thumbnail","6":"product_cat-kvm-pl","7":"product_cat-portwell-pl","9":"first","10":"instock","11":"shipping-taxable","12":"product-type-simple"},"acf":[],"_links":{"self":[{"href":"https:\/\/quantum.com.pl\/pl\/wp-json\/wp\/v2\/product\/8055","targetHints":{"allow":["GET"]}}],"collection":[{"href":"https:\/\/quantum.com.pl\/pl\/wp-json\/wp\/v2\/product"}],"about":[{"href":"https:\/\/quantum.com.pl\/pl\/wp-json\/wp\/v2\/types\/product"}],"wp:featuredmedia":[{"embeddable":true,"href":"https:\/\/quantum.com.pl\/pl\/wp-json\/wp\/v2\/media\/11382"}],"wp:attachment":[{"href":"https:\/\/quantum.com.pl\/pl\/wp-json\/wp\/v2\/media?parent=8055"}],"wp:term":[{"taxonomy":"product_brand","embeddable":true,"href":"https:\/\/quantum.com.pl\/pl\/wp-json\/wp\/v2\/product_brand?post=8055"},{"taxonomy":"product_cat","embeddable":true,"href":"https:\/\/quantum.com.pl\/pl\/wp-json\/wp\/v2\/product_cat?post=8055"},{"taxonomy":"product_tag","embeddable":true,"href":"https:\/\/quantum.com.pl\/pl\/wp-json\/wp\/v2\/product_tag?post=8055"}],"curies":[{"name":"wp","href":"https:\/\/api.w.org\/{rel}","templated":true}]}}