{"id":8063,"date":"2019-12-29T16:59:45","date_gmt":"2019-12-29T15:59:45","guid":{"rendered":"https:\/\/quantum.com.pl\/?post_type=product&#038;p=8063"},"modified":"2020-07-21T22:57:00","modified_gmt":"2020-07-21T20:57:00","slug":"g-prdc-1208tp-ip","status":"publish","type":"product","link":"https:\/\/quantum.com.pl\/pl\/product\/g-prdc-1208tp-ip\/","title":{"rendered":"G-PRDC-1208TP-IP"},"content":{"rendered":"<p>Szufladowy KVM IP 1U z wy\u015bwietlaczem 20&#8243; LCD i 8 portami<\/p>\n<h4>Cechy szczeg\u00f3lne:<\/h4>\n<ul>\n<li>Drawer 1U Rackmount z szerokim 19-calowym wy\u015bwietlaczem LCD<\/li>\n<li>Ultra wysoka rozdzielczo\u015b\u0107 1600 x 1200<\/li>\n<li>8-portowy KVM z 1 x lokalny, 1 x IP<\/li>\n<li>3 dolna mysz membranowa<\/li>\n<li>Interfejs combo PS\/2 lub USB do szuflady klawiatury<\/li>\n<li>Opcjonalnie: wiele opcji wyboru j\u0119zyka klawiatury<\/li>\n<li>Zwi\u0119kszona estetyka dzi\u0119ki nowemu profilowanemu panelowi przedniemu i dwupunktowemu zamkowi<\/li>\n<li>Opcjonalnie: pob\u00f3r mocy pr\u0105du sta\u0142ego<\/li>\n<\/ul>\n<p>&nbsp;<\/p>\n","protected":false},"excerpt":{"rendered":"<p>Szufladowy KVM IP 1U 20&#8243; LCD 8 port\u00f3w z panelem dotykowym<\/p>\n","protected":false},"featured_media":11380,"template":"","meta":{"_acf_changed":false,"inline_featured_image":false,"_monsterinsights_skip_tracking":false,"_monsterinsights_sitenote_active":false,"_monsterinsights_sitenote_note":"","_monsterinsights_sitenote_category":0},"product_brand":[],"product_cat":[1597,1450,972],"product_tag":[],"class_list":{"0":"post-8063","1":"product","2":"type-product","3":"status-publish","4":"has-post-thumbnail","6":"product_cat-kvm","7":"product_cat-kvm-pl","8":"product_cat-portwell-pl","10":"first","11":"instock","12":"shipping-taxable","13":"product-type-simple"},"acf":[],"_links":{"self":[{"href":"https:\/\/quantum.com.pl\/pl\/wp-json\/wp\/v2\/product\/8063","targetHints":{"allow":["GET"]}}],"collection":[{"href":"https:\/\/quantum.com.pl\/pl\/wp-json\/wp\/v2\/product"}],"about":[{"href":"https:\/\/quantum.com.pl\/pl\/wp-json\/wp\/v2\/types\/product"}],"wp:featuredmedia":[{"embeddable":true,"href":"https:\/\/quantum.com.pl\/pl\/wp-json\/wp\/v2\/media\/11380"}],"wp:attachment":[{"href":"https:\/\/quantum.com.pl\/pl\/wp-json\/wp\/v2\/media?parent=8063"}],"wp:term":[{"taxonomy":"product_brand","embeddable":true,"href":"https:\/\/quantum.com.pl\/pl\/wp-json\/wp\/v2\/product_brand?post=8063"},{"taxonomy":"product_cat","embeddable":true,"href":"https:\/\/quantum.com.pl\/pl\/wp-json\/wp\/v2\/product_cat?post=8063"},{"taxonomy":"product_tag","embeddable":true,"href":"https:\/\/quantum.com.pl\/pl\/wp-json\/wp\/v2\/product_tag?post=8063"}],"curies":[{"name":"wp","href":"https:\/\/api.w.org\/{rel}","templated":true}]}}