{"id":9792,"date":"2020-04-20T22:37:10","date_gmt":"2020-04-20T20:37:10","guid":{"rendered":"https:\/\/quantum.com.pl\/product\/import-placeholder-for-8532\/"},"modified":"2020-12-09T17:13:52","modified_gmt":"2020-12-09T16:13:52","slug":"xtreme-i-o-opto","status":"publish","type":"product","link":"https:\/\/quantum.com.pl\/pl\/product\/xtreme-i-o-opto\/","title":{"rendered":"Xtreme I\/O Opto"},"content":{"rendered":"<h3>Najwa\u017cniejsze cechy<\/h3>\n<ul>\n<li>Wej\u015bcia: wybieralne generowanie przerwa\u0144 dla dowolnego sygna\u0142u wej\u015bciowego (zmiana stanu, zbocze narastaj\u0105ce lub opadaj\u0105ce) z rezystorem szeregowym ograniczaj\u0105cym pr\u0105d 1.8kOhm na ka\u017cdym wej\u015bciu i szeroki zakres napi\u0119cia wej\u015bciowego od +0 do +40 V DC<\/li>\n<li>Wyj\u015bcia: Indywidualnie wybierane poziomy napi\u0119cia wyj\u015bciowego z podniesieniem 4,7 kOhm, maksymalny pr\u0105d wyj\u015bciowy 8 mA i szeroki zakres napi\u0119cia wej\u015bciowego od +0 do + 40 V DC<\/li>\n<li>Elastyczno\u015b\u0107: rejestrowane urz\u0105dzenie FPGA (zworki nie s\u0105 wymagane)<\/li>\n<li>Izolacja optyczna: 3kV RMS<\/li>\n<\/ul>\n<p>&nbsp;<\/p>\n<h3>Wi\u0119cej Informacji<\/h3>\n<p>Connect Tech Xtreme I \/ O Opto to 48-bitowa izolowana cyfrowa karta we \/ wy PCI-104 zgrupowana z 24 optycznie izolowanymi wej\u015bciami i 24 optycznie izolowanymi wyj\u015bciami. Elastyczno\u015b\u0107 technologii FPGA pozwala na integracj\u0119 i dostosowanie do wymaga\u0144 aplikacji.<\/p>\n<p>W pe\u0142ni zgodny z PCI-104, Xtreme I \/ O Opto Digital I \/ O mo\u017cna kontrolowa\u0107 bezpo\u015brednio z rejestru odwzorowanego w pami\u0119ci w dowolnym systemie operacyjnym.<\/p>\n<p>Niezawodno\u015b\u0107 Xtreme I \/ O Opto, wraz z dodatkow\u0105 ochron\u0105 zapewnian\u0105 przez izolacj\u0119 3kV na cyfrowych I \/ O zapewnia optymaln\u0105 wydajno\u015b\u0107 i ochron\u0119 w ekstremalnych warunkach \u015brodowiskowych. Xtreme I \/ O Opto jest idealny do komputer\u00f3w PC \/ 104 i innych aplikacji technologii osadzonej w sektorach wojskowym, lotniczym, medycznym i przemys\u0142owym.<\/p>\n<p>&nbsp;<\/p>\n<h3>Dane Techniczne<\/h3>\n\n<table id=\"tablepress-463\" class=\"tablepress tablepress-id-463\">\n<tbody class=\"row-striping row-hover\">\n<tr class=\"row-1\">\n\t<td class=\"column-1\">Inputs<\/td><td class=\"column-2\">\u2022 24 optically isolated inputs (24-bits)<br \/>\n\u2022 Wide input voltage range from +0 up to +40V DC<br \/>\n\u2022 Independent grounds and reverse voltage protection<br \/>\n\u2022 Selectable interrupt generation on any input signal (change of state, rising or falling edge)<br \/>\n\u2022 1.8kOhm current limiting series resistor on each input<\/td>\n<\/tr>\n<tr class=\"row-2\">\n\t<td class=\"column-1\">Outputs<\/td><td class=\"column-2\">\u2022 24 optically isolated outputs (24-bits)<br \/>\n\u2022 Wide output voltage range from +0 up to +40V DC<br \/>\n\u2022 Open collector configuration with common emitters<br \/>\n\u2022 Individual selectable output voltage levels with a 4.7kOhm pull up<br \/>\n\u2022 Maximum output current: 8mA<\/td>\n<\/tr>\n<tr class=\"row-3\">\n\t<td class=\"column-1\">Connectors<\/td><td class=\"column-2\">2\u00d725 (50 position) 0.1\u201d (DIL) pin headers available in vertical or right angle<\/td>\n<\/tr>\n<tr class=\"row-4\">\n\t<td class=\"column-1\">Optical Isolation<\/td><td class=\"column-2\">3kV RMS<\/td>\n<\/tr>\n<tr class=\"row-5\">\n\t<td class=\"column-1\">Control\/Addressing<\/td><td class=\"column-2\">\u2022 FPGA Register Controlled Device (No jumpers needed)<br \/>\n\u2022 Custom logic available upon request<\/td>\n<\/tr>\n<tr class=\"row-6\">\n\t<td class=\"column-1\">Operating Temperature<\/td><td class=\"column-2\">-40\u00b0C to +85\u00b0C (-40\u00b0F to +185\u00b0F)<\/td>\n<\/tr>\n<tr class=\"row-7\">\n\t<td class=\"column-1\">Dimensions<\/td><td class=\"column-2\">PC\/104 Compliant<\/td>\n<\/tr>\n<tr class=\"row-8\">\n\t<td class=\"column-1\">Bus<\/td><td class=\"column-2\">ISA (PC\/104) connector can be optionally installed as a pass-through connector, PCI-104 (PCI) option<\/td>\n<\/tr>\n<tr class=\"row-9\">\n\t<td class=\"column-1\">Software Compatibility<\/td><td class=\"column-2\">\u2022 Custom CTI Device Drivers for QNX, Linux, Windows<br \/>\n\u2022 Device can also be controlled directly from a memory mapped register set in any operating system<\/td>\n<\/tr>\n<tr class=\"row-10\">\n\t<td class=\"column-1\">Additional Product Numbers<\/td><td class=\"column-2\">DAG001, DAG002<\/td>\n<\/tr>\n<\/tbody>\n<\/table>\n<!-- #tablepress-463 from cache -->\n","protected":false},"excerpt":{"rendered":"<p>Produkty FPGA firmy Connect Tech oparte s\u0105 na uk\u0142adach FPGA Xilinx Spartan-6, Spartan-3E, Virtex-6 lub Virtex-5. P\u0142ytki rozwojowe FPGA s\u0105 fabrycznie w pe\u0142ni wyposa\u017cone, co umo\u017cliwia komunikacj\u0119 poprzez magistral\u0119 PC \/ 104 lub PCI-104 z cz\u0119\u015bci\u0105 kontroln\u0105 i rejestruj\u0105c\u0105 urz\u0105dzenia FPGA.<\/p>\n","protected":false},"featured_media":10025,"template":"","meta":{"_acf_changed":false,"inline_featured_image":false,"_monsterinsights_skip_tracking":false,"_monsterinsights_sitenote_active":false,"_monsterinsights_sitenote_note":"","_monsterinsights_sitenote_category":0},"product_brand":[],"product_cat":[1472,1487],"product_tag":[],"class_list":{"0":"post-9792","1":"product","2":"type-product","3":"status-publish","4":"has-post-thumbnail","6":"product_cat-connect-tech-inc","7":"product_cat-fpga","9":"first","10":"instock","11":"shipping-taxable","12":"product-type-simple"},"acf":[],"_links":{"self":[{"href":"https:\/\/quantum.com.pl\/pl\/wp-json\/wp\/v2\/product\/9792","targetHints":{"allow":["GET"]}}],"collection":[{"href":"https:\/\/quantum.com.pl\/pl\/wp-json\/wp\/v2\/product"}],"about":[{"href":"https:\/\/quantum.com.pl\/pl\/wp-json\/wp\/v2\/types\/product"}],"wp:featuredmedia":[{"embeddable":true,"href":"https:\/\/quantum.com.pl\/pl\/wp-json\/wp\/v2\/media\/10025"}],"wp:attachment":[{"href":"https:\/\/quantum.com.pl\/pl\/wp-json\/wp\/v2\/media?parent=9792"}],"wp:term":[{"taxonomy":"product_brand","embeddable":true,"href":"https:\/\/quantum.com.pl\/pl\/wp-json\/wp\/v2\/product_brand?post=9792"},{"taxonomy":"product_cat","embeddable":true,"href":"https:\/\/quantum.com.pl\/pl\/wp-json\/wp\/v2\/product_cat?post=9792"},{"taxonomy":"product_tag","embeddable":true,"href":"https:\/\/quantum.com.pl\/pl\/wp-json\/wp\/v2\/product_tag?post=9792"}],"curies":[{"name":"wp","href":"https:\/\/api.w.org\/{rel}","templated":true}]}}