{"id":9818,"date":"2020-04-20T22:44:34","date_gmt":"2020-04-20T20:44:34","guid":{"rendered":"https:\/\/quantum.com.pl\/product\/import-placeholder-for-8089\/"},"modified":"2020-11-20T15:27:56","modified_gmt":"2020-11-20T14:27:56","slug":"powerdebug-pro-ethernet","status":"publish","type":"product","link":"https:\/\/quantum.com.pl\/pl\/product\/powerdebug-pro-ethernet\/","title":{"rendered":"PowerDebug PRO Ethernet"},"content":{"rendered":"<h3>Rozszerzenia i konfiguracja<\/h3>\n<p>Dzi\u0119ki koncepcji modu\u0142owo\u015bci Lauterbach, narz\u0119dzia s\u0105 zaprojektowane wok\u00f3\u0142 modu\u0142\u00f3w podstawowych, kt\u00f3re s\u0105 uniwersalne i niezale\u017cne od architektury. PowerDebug PRO jako modu\u0142 debugowania zostanie nast\u0119pnie pod\u0142\u0105czony do urz\u0105dzenia za pomoc\u0105 specyficznych dla architektury kabli debugowania, kt\u00f3re obs\u0142uguj\u0105 ponad 80 architektur mikroprocesor\u00f3w u\u017cywanych na rynku urz\u0105dze\u0144 wbudowanych. Poni\u017cszy obrazek pokazuje rozszerzenia PowerDebug PRO i przyk\u0142ady konfiguracji.<\/p>\n<p><img decoding=\"async\" src=\"https:\/\/www.lauterbach.com\/pic\/pd-pro-extension.jpg\" alt=\"Configuration of PowerDebug PRO\" \/><\/p>\n<p>&nbsp;<\/p>\n<h3>Rozszerzenia<\/h3>\n<p><a href=\"https:\/\/www.lauterbach.com\/powertrace2.html\">PowerTrace II<\/a><\/p>\n<p><img decoding=\"async\" src=\"https:\/\/www.lauterbach.com\/pic\/i_powertrace2.gif\" \/><\/p>\n<ul>\n<li>1, 2 lub 4 GB pami\u0119ci trace<\/li>\n<li>Uniwersalny modu\u0142 \u015bledzenia, pod\u0142\u0105czany do urz\u0105dzenia za pomoc\u0105 sond \u015bledzenia zale\u017cnych od architektury (r\u00f3wnoleg\u0142y lub szeregowy preprocesor)<\/li>\n<li>Maksymalna przepustowo\u015b\u0107 19,2 GBit\/s<\/li>\n<li>Szybkie przesy\u0142anie \u015bledzenia do komputera hosta<\/li>\n<li>Obs\u0142uga r\u00f3wnoleg\u0142ych port\u00f3w \u015bledzenia z maksymalnie 32-bitami przy 300 MHz DDR<\/li>\n<li>Obs\u0142uga szeregowych port\u00f3w \u015bledzenia, ka\u017cdy maks. 6,5 Gbit\/s, \u0142\u0105cznie do 19,2 GBit\/s<\/li>\n<li>Obs\u0142uga przesy\u0142ania strumieniowego TRACE32 do 180 MB\/s, kompresja umo\u017cliwia osi\u0105gni\u0119cie wy\u017cszych pr\u0119dko\u015bci danych<\/li>\n<li>Interfejs PODBUS Express do PowerDebug PRO<\/li>\n<li>Interfejsy PODBUS i PODBUS Express do modu\u0142\u00f3w Logic Analyzer, np. PowerProbe, PowerIntegrator<\/li>\n<li>Dodatkowy niezale\u017cny 17 kana\u0142owy analizator logiczny (z do\u0142\u0105czon\u0105 sond\u0105 standardow\u0105)<\/li>\n<li>Profilowanie energii (z opcjonaln\u0105 sond\u0105 analogow\u0105)<\/li>\n<\/ul>\n<p>&nbsp;<\/p>\n<p><a href=\"https:\/\/www.lauterbach.com\/powertrace_serial.html\">PowerTrace Serial<\/a><\/p>\n<p><img decoding=\"async\" src=\"https:\/\/www.lauterbach.com\/pic\/i_powertrace_serial.gif\" \/><\/p>\n<ul>\n<li>4 GB pami\u0119ci \u015bledzenia<\/li>\n<li>Uniwersalny modu\u0142, dostarczany wraz licencj\u0105 na protok\u00f3\u0142 \u015bledzenia<\/li>\n<li>Mo\u017cliwo\u015bc dodania dodatkowych licencji dla protoko\u0142u \u015bledzenia<\/li>\n<li>Do 12,5 Gbit\/s na kana\u0142<\/li>\n<li>Maksymalna przepustowo\u015b\u0107 100 GBit\/s<\/li>\n<li>Protoko\u0142y \u015bledzenia oparte na Aurorze do 8 linii RX<\/li>\n<li>Protok\u00f3\u0142 \u015bledzenia oparty na PCIe 3.0 do 8 linii RX\/TX<\/li>\n<li>Obs\u0142uga zegara referencyjnego i zegara bitowego<\/li>\n<li>Szybkie przesy\u0142anie \u015bledzenia do komputera hosta<\/li>\n<li>Obs\u0142uga przesy\u0142ania strumieniowego TRACE32 do 180 MB\/s, kompresja umo\u017cliwia osi\u0105gni\u0119cie wy\u017cszych pr\u0119dko\u015bci danych<\/li>\n<li>Interfejs PODBUS Express do PowerDebug PRO<\/li>\n<li>Interfejsy PODBUS i PODBUS Express do modu\u0142\u00f3w Logic Analyzer, np. PowerProbe, PowerIntegrator<\/li>\n<li>Dodatkowy niezale\u017cny 17 kana\u0142owy analizator logiczny (z do\u0142\u0105czon\u0105 sond\u0105 standardow\u0105)<\/li>\n<\/ul>\n<p>&nbsp;<\/p>\n<p><a href=\"https:\/\/www.lauterbach.com\/pp.html\">Medium-speed Logic Analyzer (PowerProbe)<\/a><\/p>\n<p><img decoding=\"async\" src=\"https:\/\/www.lauterbach.com\/pic\/i_pp.gif\" \/><\/p>\n<ul>\n<li>Analizator taktowania do 400 MHz<\/li>\n<li>Analizator stanu do 100 MHz<\/li>\n<li>64 kana\u0142y wej\u015bciowe<\/li>\n<li>Nagrywanie przej\u015bciowe<\/li>\n<li>Korelacja czasowa z RISC Trace<\/li>\n<li>Kwalifikator zegara dla zegara stanu<\/li>\n<li>Tryb mieszany i tryb pomiaru czasu<\/li>\n<li>4 wej\u015bcia zegara stanu<\/li>\n<li>Opcjonalne \u015bledzenie FPGA Onchip<\/li>\n<li>Opcjonalny generator wzorc\u00f3w<\/li>\n<li>Obs\u0142uga protoko\u0142u dla CAN, USB itp.<\/li>\n<\/ul>\n<p>&nbsp;<\/p>\n<p><a href=\"https:\/\/www.lauterbach.com\/pi.html\">High-speed Logic Analyzer (PowerIntegrator)<\/a><\/p>\n<p><img decoding=\"async\" src=\"https:\/\/www.lauterbach.com\/pic\/i_pi.gif\" \/><\/p>\n<ul>\n<li>Analizator synchronizacji z 500 MHz na wszystkich kana\u0142ach<\/li>\n<li>State Analyzer do 200 MHz DDR<\/li>\n<li>204 kana\u0142y wej\u015bciowe<\/li>\n<li>Nagrywanie przej\u015bciowe<\/li>\n<li>Korelacja czasu z innymi Tracetools<\/li>\n<li>Kwalifikator zegara dla zegara stanu<\/li>\n<li>Tryb mieszany i tryb pomiaru czasu<\/li>\n<li>4 wej\u015bcia zegarowe<\/li>\n<li>MICTOR i sondy standardowe (single ended)<\/li>\n<li>Sondy r\u00f3\u017cnicowe MICTOR<\/li>\n<li>Analogowa sonda napi\u0119cia i pr\u0105du<\/li>\n<li>Obs\u0142uga protoko\u0142u 3G\/DigRF<\/li>\n<\/ul>\n<p>&nbsp;<\/p>\n","protected":false},"excerpt":{"rendered":"<h3><strong>LA-3505<\/strong><\/h3>\n<div>PowerDebug PRO jako nast\u0119pca PowerDebug II zapewnia u\u017cytkownikom lepsz\u0105 obs\u0142ug\u0119 dzi\u0119ki integracji szybszego interfejsu hosta i szybszego przesy\u0142ania danych \u015bledzenia.<\/div>\n","protected":false},"featured_media":10002,"template":"","meta":{"_acf_changed":false,"inline_featured_image":false,"_monsterinsights_skip_tracking":false,"_monsterinsights_sitenote_active":false,"_monsterinsights_sitenote_note":"","_monsterinsights_sitenote_category":0},"product_brand":[],"product_cat":[1623,105,1631],"product_tag":[],"class_list":{"0":"post-9818","1":"product","2":"type-product","3":"status-publish","4":"has-post-thumbnail","6":"product_cat-debugger-hardware","7":"product_cat-lauterbach","8":"product_cat-powerdebug-pro","10":"first","11":"instock","12":"shipping-taxable","13":"product-type-simple"},"acf":[],"_links":{"self":[{"href":"https:\/\/quantum.com.pl\/pl\/wp-json\/wp\/v2\/product\/9818","targetHints":{"allow":["GET"]}}],"collection":[{"href":"https:\/\/quantum.com.pl\/pl\/wp-json\/wp\/v2\/product"}],"about":[{"href":"https:\/\/quantum.com.pl\/pl\/wp-json\/wp\/v2\/types\/product"}],"wp:featuredmedia":[{"embeddable":true,"href":"https:\/\/quantum.com.pl\/pl\/wp-json\/wp\/v2\/media\/10002"}],"wp:attachment":[{"href":"https:\/\/quantum.com.pl\/pl\/wp-json\/wp\/v2\/media?parent=9818"}],"wp:term":[{"taxonomy":"product_brand","embeddable":true,"href":"https:\/\/quantum.com.pl\/pl\/wp-json\/wp\/v2\/product_brand?post=9818"},{"taxonomy":"product_cat","embeddable":true,"href":"https:\/\/quantum.com.pl\/pl\/wp-json\/wp\/v2\/product_cat?post=9818"},{"taxonomy":"product_tag","embeddable":true,"href":"https:\/\/quantum.com.pl\/pl\/wp-json\/wp\/v2\/product_tag?post=9818"}],"curies":[{"name":"wp","href":"https:\/\/api.w.org\/{rel}","templated":true}]}}