{"id":9819,"date":"2020-04-20T22:44:34","date_gmt":"2020-04-20T20:44:34","guid":{"rendered":"https:\/\/quantum.com.pl\/product\/import-placeholder-for-8090\/"},"modified":"2024-12-17T12:39:16","modified_gmt":"2024-12-17T11:39:16","slug":"powerdebug-usb-3","status":"publish","type":"product","link":"https:\/\/quantum.com.pl\/pl\/product\/powerdebug-usb-3\/","title":{"rendered":"PowerDebug USB 3"},"content":{"rendered":"<h3>LA-3500<\/h3>\n<h4>Najwa\u017cniejsze cechy<\/h4>\n<ul>\n<li>Obs\u0142uga ponad 80 architektur mikroprocesor\u00f3w, np. ARM, Cortex, Power Architecture, Intel x86 \/ x64 itp.<\/li>\n<li>Uniwersalny modu\u0142 debugowania, pod\u0142\u0105czany do urz\u0105dzenia za pomoc\u0105 zale\u017cnych od architektury kabli debugowania<\/li>\n<li>Uniwersalny modu\u0142 debugowania, \u0142\u0105cz\u0105cy si\u0119 z urz\u0105dzeniem za pomoc\u0105 CombiProbe w celu debugowania i 4-bitowego \u015bledzenia systemu<\/li>\n<li>Interfejs USB 3.0 do wszystkich host\u00f3w<\/li>\n<li>Interfejs PODBUS do modu\u0142\u00f3w Logic Analyzer, np. PowerProbe, PowerIntegrator<\/li>\n<li>Z\u0142\u0105cze wyzwalaj\u0105ce do wysy\u0142ania i odbierania impuls\u00f3w wyzwalaj\u0105cych<\/li>\n<\/ul>\n<p>&nbsp;<\/p>\n<h4>Rozszerzenia i konfiguracja<\/h4>\n<p>Dzi\u0119ki koncepcji modu\u0142owo\u015bci Lauterbach, narz\u0119dzia s\u0105 zaprojektowane wok\u00f3\u0142 modu\u0142\u00f3w podstawowych, kt\u00f3re s\u0105 uniwersalne i niezale\u017cne od architektury. PowerDebug USB 3 jako modu\u0142 debugowania zostanie nast\u0119pnie pod\u0142\u0105czony do celu za pomoc\u0105 specyficznych dla architektury kabli debugowania lub CombiProbe, kt\u00f3re obs\u0142uguj\u0105 ponad 80 architektur mikroprocesor\u00f3w u\u017cywanych na rynku urz\u0105dze\u0144 wbudowanych. CombiProbe jest u\u017cywany g\u0142\u00f3wnie w architekturze Intel\u00ae x86. PowerDebug USB 3 jest samodzielnym modu\u0142em bez rozszerzenia \u015bledzenia, je\u015bli wymagane jest \u015bledzenie lub preferowane jest szybsze przesy\u0142anie i pobieranie, sprawd\u017a PowerDebug PRO.<\/p>\n<p>Poni\u017cszy obrazek pokazuje rozszerzenia PowerDebug USB 3 oraz przyk\u0142ady konfiguracji.<\/p>\n<p>&nbsp;<\/p>\n<h4>Rozszerzenia<\/h4>\n<p>Medium-speed Logic Analyzer (PowerProbe)<\/p>\n<ul>\n<li>Analizator taktowania do 400 MHz<\/li>\n<li>Analizator stanu do 100 MHz<\/li>\n<li>64 kana\u0142y wej\u015bciowe<\/li>\n<li>Nagrywanie przej\u015bciowe<\/li>\n<li>Korelacja czasowa z RISC Trace<\/li>\n<li>Kwalifikator zegara dla zegara stanu<\/li>\n<li>Tryb mieszany i tryb pomiaru czasu<\/li>\n<li>4 wej\u015bcia zegara stanu<\/li>\n<li>Opcjonalne \u015bledzenie FPGA Onchip<\/li>\n<li>Opcjonalny generator wzor\u00f3w<\/li>\n<li>Obs\u0142uga protoko\u0142u dla CAN, USB itp.<\/li>\n<\/ul>\n<p>High-speed Logic Analyzer (PowerIntegrator)<\/p>\n<ul>\n<li>Analizator synchronizacji z 500 MHz na wszystkich kana\u0142ach<\/li>\n<li>State Analyzer do 200 MHz DDR<\/li>\n<li>204 kana\u0142y wej\u015bciowe<\/li>\n<li>Nagrywanie przej\u015bciowe<\/li>\n<li>Korelacja czasu z innymi Tracetools<\/li>\n<li>Kwalifikator zegara dla zegara stanu<\/li>\n<li>Tryb mieszany i tryb pomiaru czasu<\/li>\n<li>4 wej\u015bcia zegarowe<\/li>\n<li>MICTOR i sondy standardowe (single-ended)<\/li>\n<li>Sondy r\u00f3\u017cnicowe MICTOR<\/li>\n<li>Analogowa sonda napi\u0119cia i pr\u0105du<\/li>\n<li>Obs\u0142uga protoko\u0142u 3G \/ DigRF<\/li>\n<\/ul>\n<h4>Produkt od 1.04 b\u0119dzie niedost\u0119pny zast\u0105piony przez LA-3503<\/h4>\n<blockquote class=\"wp-embedded-content\" data-secret=\"ZqCiz86GTY\"><p><a href=\"https:\/\/quantum.com.pl\/pl\/product\/powerdebug-e40\/\">PowerDebug E40<\/a><\/p><\/blockquote>\n<p><iframe loading=\"lazy\" class=\"wp-embedded-content\" sandbox=\"allow-scripts\" security=\"restricted\" style=\"position: absolute; clip: rect(1px, 1px, 1px, 1px);\" title=\"&#8222;PowerDebug E40&#8221; &#8212; Quantum\" src=\"https:\/\/quantum.com.pl\/pl\/product\/powerdebug-e40\/embed\/#?secret=ZqCiz86GTY\" data-secret=\"ZqCiz86GTY\" width=\"600\" height=\"338\" frameborder=\"0\" marginwidth=\"0\" marginheight=\"0\" scrolling=\"no\"><\/iframe><\/p>\n","protected":false},"excerpt":{"rendered":"<p>LA-3500 Najwa\u017cniejsze cechy Obs\u0142uga ponad 80 architektur mikroprocesor\u00f3w, np. ARM, Cortex, Power Architecture, Intel x86 \/ x64 itp. Uniwersalny modu\u0142 debugowania, pod\u0142\u0105czany do urz\u0105dzenia za pomoc\u0105 zale\u017cnych od architektury kabli debugowania Uniwersalny modu\u0142 debugowania, \u0142\u0105cz\u0105cy si\u0119 z urz\u0105dzeniem za pomoc\u0105 CombiProbe w celu debugowania i 4-bitowego \u015bledzenia systemu Interfejs USB 3.0 do wszystkich host\u00f3w Interfejs [&hellip;]<\/p>\n","protected":false},"featured_media":10004,"template":"","meta":{"_acf_changed":false,"inline_featured_image":false,"_monsterinsights_skip_tracking":false,"_monsterinsights_sitenote_active":false,"_monsterinsights_sitenote_note":"","_monsterinsights_sitenote_category":0},"product_brand":[],"product_cat":[1623,105,1629],"product_tag":[],"class_list":{"0":"post-9819","1":"product","2":"type-product","3":"status-publish","4":"has-post-thumbnail","6":"product_cat-debugger-hardware","7":"product_cat-lauterbach","8":"product_cat-powerdebug-usb-3-x","10":"first","11":"instock","12":"shipping-taxable","13":"product-type-simple"},"acf":[],"_links":{"self":[{"href":"https:\/\/quantum.com.pl\/pl\/wp-json\/wp\/v2\/product\/9819","targetHints":{"allow":["GET"]}}],"collection":[{"href":"https:\/\/quantum.com.pl\/pl\/wp-json\/wp\/v2\/product"}],"about":[{"href":"https:\/\/quantum.com.pl\/pl\/wp-json\/wp\/v2\/types\/product"}],"wp:featuredmedia":[{"embeddable":true,"href":"https:\/\/quantum.com.pl\/pl\/wp-json\/wp\/v2\/media\/10004"}],"wp:attachment":[{"href":"https:\/\/quantum.com.pl\/pl\/wp-json\/wp\/v2\/media?parent=9819"}],"wp:term":[{"taxonomy":"product_brand","embeddable":true,"href":"https:\/\/quantum.com.pl\/pl\/wp-json\/wp\/v2\/product_brand?post=9819"},{"taxonomy":"product_cat","embeddable":true,"href":"https:\/\/quantum.com.pl\/pl\/wp-json\/wp\/v2\/product_cat?post=9819"},{"taxonomy":"product_tag","embeddable":true,"href":"https:\/\/quantum.com.pl\/pl\/wp-json\/wp\/v2\/product_tag?post=9819"}],"curies":[{"name":"wp","href":"https:\/\/api.w.org\/{rel}","templated":true}]}}