{"id":9820,"date":"2020-04-20T22:44:34","date_gmt":"2020-04-20T20:44:34","guid":{"rendered":"https:\/\/quantum.com.pl\/product\/import-placeholder-for-8096\/"},"modified":"2024-12-10T14:07:51","modified_gmt":"2024-12-10T13:07:51","slug":"powertrace-ii-lite-2","status":"publish","type":"product","link":"https:\/\/quantum.com.pl\/pl\/product\/powertrace-ii-lite-2\/","title":{"rendered":"PowerTrace II LITE"},"content":{"rendered":"<h3>Najwa\u017cniejsze cechy<\/h3>\n<ul>\n<li>512 MB pami\u0119ci \u015bledzenia<\/li>\n<li>Uniwersalny modu\u0142 \u015bledzenia, pod\u0142\u0105czany do urz\u0105dzenia za pomoc\u0105 sond \u015bledzenia zale\u017cnych od architektury (r\u00f3wnoleg\u0142y lub szeregowy preprocesor)<\/li>\n<li>Maksymalna przepustowo\u015b\u0107 9,6 GBit\/s<\/li>\n<li>Szybkie przesy\u0142anie \u015bledzenia do komputera hosta<\/li>\n<li>Obs\u0142uga r\u00f3wnoleg\u0142ych port\u00f3w \u015bledzenia z maksymalnie 16 bitami przy 200 MHz DDR<\/li>\n<li>Obs\u0142uga szeregowych port\u00f3w \u015bledzenia, ka\u017cdy tor maks. 6,5 Gbit\/s, \u0142\u0105cznie do 9,6 GBit\/s<\/li>\n<li>Obs\u0142uga przesy\u0142ania strumieniowego TRACE32 do 50 MB\/s<\/li>\n<li>Interfejs PODBUS Express do PowerDebug PRO<\/li>\n<li>Interfejsy PODBUS i PODBUS Express do modu\u0142\u00f3w Logic Analyzer, np. PowerProbe, PowerIntegrator<\/li>\n<\/ul>\n<p>&nbsp;<\/p>\n<h3>Uniwersalny modu\u0142 \u015bledzenia Power Trace II LITE<\/h3>\n<p>Dzi\u0119ki koncepcji modu\u0142owo\u015bci TRACE32, narz\u0119dzia s\u0105 zaprojektowane wok\u00f3\u0142 modu\u0142\u00f3w podstawowych, kt\u00f3re s\u0105 uniwersalne i niezale\u017cne od architektury. PowerTrace II LITE jako modu\u0142 \u015bledzenia jest po\u0142\u0105czony z urz\u0105dzeniem za pomoc\u0105 specyficznych dla architektury Preprocesor\u00f3w. Aby uzyska\u0107 po\u0142\u0105czenie z hostem, PowerTrace II LITE mo\u017ce zosta\u0107 rozszerzony o PowerDebug PRO. Poni\u017cszy obrazek pokazuje przyk\u0142ady konfiguracji dla PowerTrace II LITE.<\/p>\n<p><img decoding=\"async\" src=\"https:\/\/www.lauterbach.com\/pic\/pt-ii-lite-extension.jpg\" alt=\"Configuration of PowerTrace II LITE\" \/><\/p>\n<p>&nbsp;<\/p>\n<h3>Rozszerzenia<\/h3>\n<p><a href=\"https:\/\/www.lauterbach.com\/powerdebugpro.html\">PowerDebug PRO<\/a><\/p>\n<p><img decoding=\"async\" src=\"https:\/\/www.lauterbach.com\/pic\/i_pdpro.gif\" \/><\/p>\n<ul>\n<li>Uniwersalny modu\u0142 debugowania, pod\u0142\u0105czany do urz\u0105dzenia za pomoc\u0105 zale\u017cnych od architektury kabli debugowania lub CombiProbe Whisker<\/li>\n<li>Interfejs USB 3.0 lub Gigabit Ethernet do wszystkich host\u00f3w<\/li>\n<li>Interfejs PODBUS Express do \u015bledzenia modu\u0142\u00f3w, np. PowerTrace II i PowerTrace Serial do szybkiego przesy\u0142ania danych \u015bledzenia<\/li>\n<li>Interfejsy PODBUS i PODBUS Express do modu\u0142\u00f3w Logic Analyzer, np. PowerProbe, PowerIntegrator<\/li>\n<li>Z\u0142\u0105cze wyzwalaj\u0105ce do wysy\u0142ania i odbierania impuls\u00f3w wyzwalaj\u0105cych<\/li>\n<\/ul>\n<p>&nbsp;<\/p>\n<p><a href=\"https:\/\/www.lauterbach.com\/pp.html\">Medium-speed Logic Analyzer (PowerProbe)<\/a><\/p>\n<p><img decoding=\"async\" src=\"https:\/\/www.lauterbach.com\/pic\/i_pp.gif\" \/><\/p>\n<ul>\n<li>Analizator taktowania do 400 MHz<\/li>\n<li>Analizator stanu do 100 MHz<\/li>\n<li>64 kana\u0142y wej\u015bciowe<\/li>\n<li>Nagrywanie przej\u015bciowe<\/li>\n<li>Korelacja czasowa z RISC Trace<\/li>\n<li>Kwalifikator zegara dla zegara stanu<\/li>\n<li>Tryb mieszany i tryb pomiaru czasu<\/li>\n<li>4 wej\u015bcia zegara stanu<\/li>\n<li>Opcjonalne \u015bledzenie FPGA Onchip<\/li>\n<li>Opcjonalny generator wzorc\u00f3w<\/li>\n<li>Obs\u0142uga protoko\u0142u dla CAN, USB itp.<\/li>\n<\/ul>\n<p>&nbsp;<\/p>\n<p><a href=\"https:\/\/www.lauterbach.com\/pi.html\">High-speed Logic Analyzer (PowerIntegrator)<\/a><\/p>\n<p><img decoding=\"async\" src=\"https:\/\/www.lauterbach.com\/pic\/i_pi.gif\" \/><\/p>\n<ul>\n<li>Analizator synchronizacji z 500 MHz na wszystkich kana\u0142ach<\/li>\n<li>State Analyzer do 200 MHz DDR<\/li>\n<li>204 kana\u0142y wej\u015bciowe<\/li>\n<li>Nagrywanie przej\u015bciowe<\/li>\n<li>Korelacja czasu z innymi Tracetools<\/li>\n<li>Kwalifikator zegara dla zegara stanu<\/li>\n<li>Tryb mieszany i tryb pomiaru czasu<\/li>\n<li>4 wej\u015bcia zegarowe<\/li>\n<li>MICTOR i sondy standardowe (single ended)<\/li>\n<li>Sondy r\u00f3\u017cnicowe MICTOR<\/li>\n<li>Analogowa sonda napi\u0119cia i pr\u0105du<\/li>\n<li>Obs\u0142uga protoko\u0142u 3G\/DigRF<\/li>\n<\/ul>\n<p>&nbsp;<\/p>\n<p>&nbsp;<\/p>\n","protected":false},"excerpt":{"rendered":"<h3><strong>LA-3580<\/strong><\/h3>\n","protected":false},"featured_media":10006,"template":"","meta":{"_acf_changed":false,"inline_featured_image":false,"_monsterinsights_skip_tracking":false,"_monsterinsights_sitenote_active":false,"_monsterinsights_sitenote_note":"","_monsterinsights_sitenote_category":0},"product_brand":[],"product_cat":[1581,105,1463],"product_tag":[],"class_list":{"0":"post-9820","1":"product","2":"type-product","3":"status-publish","4":"has-post-thumbnail","6":"product_cat-jtag-rd-tools","7":"product_cat-lauterbach","8":"product_cat-trace-modules-trace","10":"first","11":"instock","12":"shipping-taxable","13":"product-type-simple"},"acf":[],"_links":{"self":[{"href":"https:\/\/quantum.com.pl\/pl\/wp-json\/wp\/v2\/product\/9820","targetHints":{"allow":["GET"]}}],"collection":[{"href":"https:\/\/quantum.com.pl\/pl\/wp-json\/wp\/v2\/product"}],"about":[{"href":"https:\/\/quantum.com.pl\/pl\/wp-json\/wp\/v2\/types\/product"}],"wp:featuredmedia":[{"embeddable":true,"href":"https:\/\/quantum.com.pl\/pl\/wp-json\/wp\/v2\/media\/10006"}],"wp:attachment":[{"href":"https:\/\/quantum.com.pl\/pl\/wp-json\/wp\/v2\/media?parent=9820"}],"wp:term":[{"taxonomy":"product_brand","embeddable":true,"href":"https:\/\/quantum.com.pl\/pl\/wp-json\/wp\/v2\/product_brand?post=9820"},{"taxonomy":"product_cat","embeddable":true,"href":"https:\/\/quantum.com.pl\/pl\/wp-json\/wp\/v2\/product_cat?post=9820"},{"taxonomy":"product_tag","embeddable":true,"href":"https:\/\/quantum.com.pl\/pl\/wp-json\/wp\/v2\/product_tag?post=9820"}],"curies":[{"name":"wp","href":"https:\/\/api.w.org\/{rel}","templated":true}]}}