{"id":9821,"date":"2020-04-20T22:44:34","date_gmt":"2020-04-20T20:44:34","guid":{"rendered":"https:\/\/quantum.com.pl\/product\/import-placeholder-for-8100\/"},"modified":"2020-08-25T22:43:21","modified_gmt":"2020-08-25T20:43:21","slug":"powertrace-ii","status":"publish","type":"product","link":"https:\/\/quantum.com.pl\/pl\/product\/powertrace-ii\/","title":{"rendered":"PowerTrace II"},"content":{"rendered":"<h3>Najwa\u017cniejsze cechy<\/h3>\n<ul>\n<li>1, 2 lub 4 GB pami\u0119ci \u015bledzenia<\/li>\n<li>Uniwersalny modu\u0142 \u015bledzenia, pod\u0142\u0105czany do urz\u0105dzenia za pomoc\u0105 sond \u015bledzenia zale\u017cnych od architektury (r\u00f3wnoleg\u0142y lub szeregowy preprocesor)<\/li>\n<li>Maksymalna przepustowo\u015b\u0107 19,2 GBit\/s<\/li>\n<li>Szybkie przesy\u0142anie \u015bledzenia do komputera hosta<\/li>\n<li>Obs\u0142uga r\u00f3wnoleg\u0142ych port\u00f3w \u015bledzenia z maksymalnie 32-bitami przy 300 MHz DDR<\/li>\n<li>Obs\u0142uga szeregowych port\u00f3w \u015bledzenia, ka\u017cdy tor maks. 6,5 Gbit\/s, \u0142\u0105cznie do 19,2 GBit\/s<\/li>\n<li>Obs\u0142uga przesy\u0142ania strumieniowego TRACE32 do 200 MB \/ s, kompresja umo\u017cliwia osi\u0105gni\u0119cie wy\u017cszych pr\u0119dko\u015bci transmisji<\/li>\n<li>Interfejs PODBUS Express do PowerDebug PRO<\/li>\n<li>Interfejsy PODBUS i PODBUS Express do modu\u0142\u00f3w Logic Analyzer, np. PowerProbe, PowerIntegrator<\/li>\n<li>Dodatkowy niezale\u017cny 17 kana\u0142owy analizator logiczny (z do\u0142\u0105czon\u0105 sond\u0105 standardow\u0105)<\/li>\n<li>Profilowanie energii (z opcjonaln\u0105 sond\u0105 analogow\u0105)<\/li>\n<\/ul>\n<h3><\/h3>\n<h3>The Univeral Trace Module PowerTrace II<\/h3>\n<p>Dzi\u0119ki koncepcji modu\u0142owo\u015bci TRACE32 narz\u0119dzia s\u0105 zaprojektowane wok\u00f3\u0142 modu\u0142\u00f3w podstawowych, kt\u00f3re s\u0105 uniwersalne i niezale\u017cne od architektury. PowerTrace II jako modu\u0142 \u015bledzenia jest po\u0142\u0105czony z urz\u0105dzeniem za pomoc\u0105 specyficznych dla architektury Preprocesor\u00f3w. Aby uzyska\u0107 po\u0142\u0105czenie z hostem, PowerTrace II mo\u017ce zosta\u0107 rozszerzony o PowerDebug PRO. Poni\u017cszy obrazek pokazuje przyk\u0142ady konfiguracji dla PowerTrace II.<\/p>\n<p><img decoding=\"async\" src=\"https:\/\/www.lauterbach.com\/pic\/pt-ii-extension.jpg\" alt=\"Configuration of PowerTrace II\" \/><\/p>\n<p>&nbsp;<\/p>\n<h3>Dodatkowe funkcje<\/h3>\n<p>Opr\u00f3cz standardowych funkcji \u015bledzenia PowerTrace II mo\u017ce by\u0107 u\u017cywany jako 17-kana\u0142owy analizator logiczny z dostarczon\u0105 sond\u0105 standardow\u0105 do rejestrowania stan\u00f3w przej\u015bciowych, prostego wyzwalania, analizy protoko\u0142u itp. Z sond\u0105 analogow\u0105 TRACE32, kt\u00f3r\u0105 mo\u017cna zam\u00f3wi\u0107 osobno, warto\u015bci napi\u0119cia i pr\u0105du mog\u0105 by\u0107 mierzone w celu profilowania energii.<\/p>\n<p><img decoding=\"async\" src=\"https:\/\/www.lauterbach.com\/pic\/pt2-probe.jpg\" alt=\"IProbe of PowerTrace II\" \/><\/p>\n<p>&nbsp;<\/p>\n<h3>Rozszerzenia<\/h3>\n<p><a href=\"https:\/\/www.lauterbach.com\/powerdebugpro.html\">PowerDebug PRO<\/a><\/p>\n<p><img decoding=\"async\" src=\"https:\/\/www.lauterbach.com\/pic\/i_pdpro.gif\" \/><\/p>\n<ul>\n<li>Uniwersalny modu\u0142 debugowania, pod\u0142\u0105czany do urz\u0105dzenia za pomoc\u0105 zale\u017cnych od architektury kabli debugowania lub CombiProbe Whisker<\/li>\n<li>Interfejs USB 3.0 lub Gigabit Ethernet do wszystkich host\u00f3w<\/li>\n<li>Interfejs PODBUS Express do \u015bledzenia modu\u0142\u00f3w, np. PowerTrace II i PowerTrace Serial do szybkiego przesy\u0142ania danych \u015bledzenia<\/li>\n<li>Interfejsy PODBUS i PODBUS Express do modu\u0142\u00f3w Logic Analyzer, np. PowerProbe, PowerIntegrator<\/li>\n<li>Z\u0142\u0105cze wyzwalaj\u0105ce do wysy\u0142ania i odbierania impuls\u00f3w wyzwalaj\u0105cych<\/li>\n<\/ul>\n<p>&nbsp;<\/p>\n<p><a href=\"https:\/\/www.lauterbach.com\/pp.html\">Medium-speed Logic Analyzer (PowerProbe)<\/a><\/p>\n<p><img decoding=\"async\" src=\"https:\/\/www.lauterbach.com\/pic\/i_pp.gif\" \/><\/p>\n<ul>\n<li>Analizator taktowania do 400 MHz<\/li>\n<li>Analizator stanu do 100 MHz<\/li>\n<li>64 kana\u0142y wej\u015bciowe<\/li>\n<li>Nagrywanie przej\u015bciowe<\/li>\n<li>Korelacja czasowa z RISC Trace<\/li>\n<li>Kwalifikator zegara dla zegara stanu<\/li>\n<li>Tryb mieszany i tryb pomiaru czasu<\/li>\n<li>4 wej\u015bcia zegara stanu<\/li>\n<li>Opcjonalne \u015bledzenie FPGA Onchip<\/li>\n<li>Opcjonalny generator wzorc\u00f3w<\/li>\n<li>Obs\u0142uga protoko\u0142u dla CAN, USB itp.<\/li>\n<\/ul>\n<p>&nbsp;<\/p>\n<p><a href=\"https:\/\/www.lauterbach.com\/pi.html\">High-speed Logic Analyzer (PowerIntegrator)<\/a><\/p>\n<p><img decoding=\"async\" src=\"https:\/\/www.lauterbach.com\/pic\/i_pi.gif\" \/><\/p>\n<ul>\n<li>Analizator synchronizacji z 500 MHz na wszystkich kana\u0142ach<\/li>\n<li>State Analyzer do 200 MHz DDR<\/li>\n<li>204 kana\u0142y wej\u015bciowe<\/li>\n<li>Nagrywanie przej\u015bciowe<\/li>\n<li>Korelacja czasu z innymi Tracetools<\/li>\n<li>Kwalifikator zegara dla zegara stanu<\/li>\n<li>Tryb mieszany i tryb pomiaru czasu<\/li>\n<li>4 wej\u015bcia zegarowe<\/li>\n<li>MICTOR i sondy standardowe (single ended)<\/li>\n<li>Sondy r\u00f3\u017cnicowe MICTOR<\/li>\n<li>Analogowa sonda napi\u0119cia i pr\u0105du<\/li>\n<li>Obs\u0142uga protoko\u0142u 3G\/DigRF<\/li>\n<\/ul>\n","protected":false},"excerpt":{"rendered":"<p>Najwa\u017cniejsze cechy 1, 2 lub 4 GB pami\u0119ci \u015bledzenia Uniwersalny modu\u0142 \u015bledzenia, pod\u0142\u0105czany do urz\u0105dzenia za pomoc\u0105 sond \u015bledzenia zale\u017cnych od architektury (r\u00f3wnoleg\u0142y lub szeregowy preprocesor) Maksymalna przepustowo\u015b\u0107 19,2 GBit\/s Szybkie przesy\u0142anie \u015bledzenia do komputera hosta Obs\u0142uga r\u00f3wnoleg\u0142ych port\u00f3w \u015bledzenia z maksymalnie 32-bitami przy 300 MHz DDR Obs\u0142uga szeregowych port\u00f3w \u015bledzenia, ka\u017cdy tor maks. 6,5 [&hellip;]<\/p>\n","protected":false},"featured_media":10008,"template":"","meta":{"_acf_changed":false,"inline_featured_image":false,"_monsterinsights_skip_tracking":false,"_monsterinsights_sitenote_active":false,"_monsterinsights_sitenote_note":"","_monsterinsights_sitenote_category":0},"product_brand":[],"product_cat":[1581,105,1463],"product_tag":[],"class_list":{"0":"post-9821","1":"product","2":"type-product","3":"status-publish","4":"has-post-thumbnail","6":"product_cat-jtag-rd-tools","7":"product_cat-lauterbach","8":"product_cat-trace-modules-trace","10":"first","11":"instock","12":"shipping-taxable","13":"product-type-simple"},"acf":[],"_links":{"self":[{"href":"https:\/\/quantum.com.pl\/pl\/wp-json\/wp\/v2\/product\/9821","targetHints":{"allow":["GET"]}}],"collection":[{"href":"https:\/\/quantum.com.pl\/pl\/wp-json\/wp\/v2\/product"}],"about":[{"href":"https:\/\/quantum.com.pl\/pl\/wp-json\/wp\/v2\/types\/product"}],"wp:featuredmedia":[{"embeddable":true,"href":"https:\/\/quantum.com.pl\/pl\/wp-json\/wp\/v2\/media\/10008"}],"wp:attachment":[{"href":"https:\/\/quantum.com.pl\/pl\/wp-json\/wp\/v2\/media?parent=9821"}],"wp:term":[{"taxonomy":"product_brand","embeddable":true,"href":"https:\/\/quantum.com.pl\/pl\/wp-json\/wp\/v2\/product_brand?post=9821"},{"taxonomy":"product_cat","embeddable":true,"href":"https:\/\/quantum.com.pl\/pl\/wp-json\/wp\/v2\/product_cat?post=9821"},{"taxonomy":"product_tag","embeddable":true,"href":"https:\/\/quantum.com.pl\/pl\/wp-json\/wp\/v2\/product_tag?post=9821"}],"curies":[{"name":"wp","href":"https:\/\/api.w.org\/{rel}","templated":true}]}}