{"id":9822,"date":"2020-04-20T22:44:34","date_gmt":"2020-04-20T20:44:34","guid":{"rendered":"https:\/\/quantum.com.pl\/product\/import-placeholder-for-8104\/"},"modified":"2024-12-10T14:35:59","modified_gmt":"2024-12-10T13:35:59","slug":"powertrace-serial-2","status":"publish","type":"product","link":"https:\/\/quantum.com.pl\/pl\/product\/powertrace-serial-2\/","title":{"rendered":"PowerTrace Serial"},"content":{"rendered":"<h3>Najwa\u017cniejsze cechy<\/h3>\n<ul>\n<li>4 GB pami\u0119ci \u015bledzenia<\/li>\n<li>Uniwersalny modu\u0142, dotarczany z licencj\u0105 na protok\u00f3\u0142 \u015bledzenia<\/li>\n<li>Mo\u017cna doda\u0107 dodatkowe licencje protoko\u0142u \u015bledzenia<\/li>\n<li>Do 12,5 Gbit\/s na kana\u0142<\/li>\n<li>Maksymalna przepustowo\u015b\u0107 100 GBit\/s<\/li>\n<li>Protoko\u0142y \u015bledzenia oparte na Aurorze do 8 linii RX<\/li>\n<li>Protok\u00f3\u0142 \u015bledzenia oparty na PCIe 3.0 do 8 linii RX\/ TX<\/li>\n<li>Obs\u0142uga zegara referencyjnego i zegara bitowego<\/li>\n<li>Szybkie przesy\u0142anie \u015bledzenia do komputera hosta<\/li>\n<li>Obs\u0142uga przesy\u0142ania strumieniowego TRACE32 do 180 MB\/s, kompresja umo\u017cliwia osi\u0105gni\u0119cie wy\u017cszych pr\u0119dko\u015bci danych<\/li>\n<li>Interfejs PODBUS Express do PowerDebug PRO<\/li>\n<li>Interfejsy PODBUS i PODBUS Express do modu\u0142\u00f3w Logic Analyzer, np. PowerProbe, PowerIntegrator<\/li>\n<li>Dodatkowy, niezale\u017cny 17 kana\u0142owy analizator logiczny (z do\u0142\u0105czon\u0105 sond\u0105 standardow\u0105)<\/li>\n<li>Wsparcie dla ARM \/ Cortex, ARC, CEVA-X, MPC57xx, QorIQ, RH850, TriCore<\/li>\n<\/ul>\n<p>&nbsp;<\/p>\n<h3>The Univeral Trace Module PowerTrace Serial<\/h3>\n<p>Dzi\u0119ki koncepcji modu\u0142owo\u015bci Lauterbach, narz\u0119dzia s\u0105 zaprojektowane wok\u00f3\u0142 modu\u0142\u00f3w podstawowych, kt\u00f3re s\u0105 uniwersalne i niezale\u017cne od architektury. <strong>PowerTrace Serial<\/strong> jako uniwersalny modu\u0142 \u015bledzenia jest wst\u0119pnie skonfigurowany dla protoko\u0142u \u015bledzenia (np. ARM-ETM) i mo\u017ce by\u0107 pod\u0142\u0105czony do urz\u0105dzenia za pomoc\u0105 przed\u0142u\u017cacza.<\/p>\n<p>PowerTrace Serial potrzebuje PowerDebug PRO w celu debugowania i po\u0142\u0105czenia z komputerem hosta. Poni\u017cszy obrazek pokazuje konfiguracj\u0119.<\/p>\n<p><img decoding=\"async\" src=\"https:\/\/www.lauterbach.com\/pic\/ff_powertrace_serial1.gif\" alt=\"Configuration of PowerTrace Serial\" \/><\/p>\n<p>&nbsp;<\/p>\n<p><a href=\"https:\/\/www.lauterbach.com\/powerdebugpro.html\">PowerDebug PRO<\/a><\/p>\n<p><img decoding=\"async\" src=\"https:\/\/www.lauterbach.com\/pic\/i_pdpro.gif\" \/><\/p>\n<ul>\n<li>Uniwersalny modu\u0142 debugowania, pod\u0142\u0105czany do urz\u0105dzenia za pomoc\u0105 zale\u017cnych od architektury kabli debugowania lub CombiProbe Whisker<\/li>\n<li>Interfejs USB 3.0 lub Gigabit Ethernet do wszystkich host\u00f3w<\/li>\n<li>Interfejs PODBUS Express do \u015bledzenia modu\u0142\u00f3w, np. PowerTrace II i PowerTrace Serial do szybkiego przesy\u0142ania danych \u015bledzenia<\/li>\n<li>Interfejsy PODBUS i PODBUS Express do modu\u0142\u00f3w Logic Analyzer, np. PowerProbe, PowerIntegrator<\/li>\n<li>Z\u0142\u0105cze wyzwalaj\u0105ce do wysy\u0142ania i odbierania impuls\u00f3w wyzwalaj\u0105cych<\/li>\n<\/ul>\n<p>&nbsp;<\/p>\n<h3>Dodatkowe funkcje<\/h3>\n<p>Opr\u00f3cz standardowych funkcji \u015bledzenia PowerTrace Serial mo\u017ce by\u0107 u\u017cywany jako 17-kana\u0142owy analizator logiczny z dostarczon\u0105 Standardow\u0105 sond\u0105 do rejestrowania stan\u00f3w przej\u015bciowych, prostego wyzwalania, analizy protoko\u0142u itp. Z sond\u0105 analogow\u0105 TRACE32, kt\u00f3r\u0105 mo\u017cna zam\u00f3wi\u0107 osobno, warto\u015bci napi\u0119cia i pr\u0105du mog\u0105 by\u0107 mierzone w celu profilowania energii.<\/p>\n<p><img decoding=\"async\" src=\"https:\/\/www.lauterbach.com\/pic\/ff_powertrace_serial2.gif\" alt=\"IProbe of PowerTrace II\" \/><\/p>\n<p>&nbsp;<\/p>\n<h3>Adaptacje<\/h3>\n<ul>\n<li><a href=\"https:\/\/www.lauterbach.com\/adetmhsstp.html\">Dostosowanie do\u00a0ARM HSSTP<\/a><\/li>\n<li><a href=\"https:\/\/www.lauterbach.com\/adstpmpc5500.html\">Dostosowanie do MPC5xxx\/SPC5xx Aurora Nexus<\/a><\/li>\n<li><a href=\"https:\/\/www.lauterbach.com\/adstpqoriq.html\">Dostosowanie do QorIQ PowerPC Aurora Trace Port<\/a><\/li>\n<li><a href=\"https:\/\/www.lauterbach.com\/adstprh850.html\">Dostosowanie do RH850 Aurora<\/a><\/li>\n<li><a href=\"https:\/\/www.lauterbach.com\/adicrstptc.html\">Dostosowanie do TriCore AGBT<\/a><\/li>\n<li><a href=\"https:\/\/www.lauterbach.com\/adpts_pcie.html\">Dostosowanie do PCIe on PowerTrace Serial<\/a><\/li>\n<\/ul>\n","protected":false},"excerpt":{"rendered":"<h3><strong>LA-3520<\/strong><\/h3>\n","protected":false},"featured_media":10010,"template":"","meta":{"_acf_changed":false,"inline_featured_image":false,"_monsterinsights_skip_tracking":false,"_monsterinsights_sitenote_active":false,"_monsterinsights_sitenote_note":"","_monsterinsights_sitenote_category":0},"product_brand":[],"product_cat":[1581,105,1463],"product_tag":[],"class_list":{"0":"post-9822","1":"product","2":"type-product","3":"status-publish","4":"has-post-thumbnail","6":"product_cat-jtag-rd-tools","7":"product_cat-lauterbach","8":"product_cat-trace-modules-trace","10":"first","11":"instock","12":"shipping-taxable","13":"product-type-simple"},"acf":[],"_links":{"self":[{"href":"https:\/\/quantum.com.pl\/pl\/wp-json\/wp\/v2\/product\/9822","targetHints":{"allow":["GET"]}}],"collection":[{"href":"https:\/\/quantum.com.pl\/pl\/wp-json\/wp\/v2\/product"}],"about":[{"href":"https:\/\/quantum.com.pl\/pl\/wp-json\/wp\/v2\/types\/product"}],"wp:featuredmedia":[{"embeddable":true,"href":"https:\/\/quantum.com.pl\/pl\/wp-json\/wp\/v2\/media\/10010"}],"wp:attachment":[{"href":"https:\/\/quantum.com.pl\/pl\/wp-json\/wp\/v2\/media?parent=9822"}],"wp:term":[{"taxonomy":"product_brand","embeddable":true,"href":"https:\/\/quantum.com.pl\/pl\/wp-json\/wp\/v2\/product_brand?post=9822"},{"taxonomy":"product_cat","embeddable":true,"href":"https:\/\/quantum.com.pl\/pl\/wp-json\/wp\/v2\/product_cat?post=9822"},{"taxonomy":"product_tag","embeddable":true,"href":"https:\/\/quantum.com.pl\/pl\/wp-json\/wp\/v2\/product_tag?post=9822"}],"curies":[{"name":"wp","href":"https:\/\/api.w.org\/{rel}","templated":true}]}}