{"id":9823,"date":"2020-04-20T22:44:35","date_gmt":"2020-04-20T20:44:35","guid":{"rendered":"https:\/\/quantum.com.pl\/product\/import-placeholder-for-8109\/"},"modified":"2020-09-23T22:52:04","modified_gmt":"2020-09-23T20:52:04","slug":"arm-cortex-trace-parallel","status":"publish","type":"product","link":"https:\/\/quantum.com.pl\/pl\/product\/arm-cortex-trace-parallel\/","title":{"rendered":"ARM\/Cortex Trace (parallel)"},"content":{"rendered":"<h3>Najwa\u017cniejsze cechy<\/h3>\n<ul>\n<li>Do 4 GB buforu \u015bledzenia<\/li>\n<li>Napi\u0119cie docelowe 1,2 &#8230; 3,3 V.<\/li>\n<li>Znacznik czasu 5 ns<\/li>\n<li>\u015aledzenie programu i danych<\/li>\n<li>Analiza wydajno\u015bci<\/li>\n<li>Pomiar czasu dzia\u0142ania i procesu<\/li>\n<li>Pokrycie kodu<\/li>\n<li>Wsparcie dla Embedded Trace Macrocell (ETM), Program Trace Macrocell (PTM)<\/li>\n<li>Obs\u0142uga wbudowanego bufora \u015bledzenia (ETB), kontrolera pami\u0119ci \u015bledzenia (TMC), modu\u0142u interfejsu portu \u015bledzenia (TPIU)<\/li>\n<li>Obs\u0142uga wielu \u017ar\u00f3de\u0142 \u015bledzenia w jednym strumieniu (\u015bledzenie CoreSight)<\/li>\n<\/ul>\n<p>&nbsp;<\/p>\n<h3>Wprowadzenie<\/h3>\n<p>PowerTrace lub PowerTrace-II dla ARM ETM\/PTM pr\u00f3bkuje wszystkie dane \u015bledzenia z szybko\u015bciami do 600 Mbit\/s na kana\u0142 \u015bledzenia w buforze \u015bledzenia.<\/p>\n<p>Obs\u0142uguje Embedded Trace Macrocell (ETM), a tak\u017ce Program Trace Macrocell (PTM).<\/p>\n<p>\u015aledzenie zapewnia funkcje znacznik\u00f3w czasu i mo\u017ce s\u0142u\u017cy\u0107 do filtrowania i wyzwalania funkcji ETM\/PTM. System mo\u017ce dzia\u0142a\u0107 na komputerach PC lub dowolnej stacji roboczej.<\/p>\n<p>Po\u0142\u0105czenie z urz\u0105dzeniem odbywa si\u0119 za pomoc\u0105 standardowych adapter\u00f3w zdefiniowanych przez ARM.<\/p>\n<p>&nbsp;<\/p>\n<h3>Samokalibracja<\/h3>\n<p>Ponad 600 Mbit \/ s na kana\u0142 \u015bledzenia z adapterami \u015bledzenia wykorzystuj\u0105cymi technologi\u0119 autokalibracji <a href=\"https:\/\/www.lauterbach.com\/autofocus.html\">AUTOFOCUS<\/a>.<\/p>\n<p><strong><img decoding=\"async\" src=\"https:\/\/www.lauterbach.com\/pic\/newsautofocus.gif\" \/><\/strong><\/p>\n<p>&nbsp;<\/p>\n<h3>Wy\u015bwietlanie \u015bladu<\/h3>\n<p>TRACE32 oferuje kompleksowe wy\u015bwietlanie i analiz\u0119 \u015blad\u00f3w.<\/p>\n<p><img decoding=\"async\" src=\"https:\/\/www.lauterbach.com\/pic\/etmtracedis_600_0_5.gif\" \/><\/p>\n<p>&nbsp;<\/p>\n<h3>Ustawienia ETM<\/h3>\n<p>TRACE32 oferuje intuicyjny dost\u0119p do wszystkich ustawie\u0144 ETM.<\/p>\n<p><img decoding=\"async\" src=\"https:\/\/www.lauterbach.com\/pic\/etmset_600_0_5.gif\" \/><\/p>\n<p>&nbsp;<\/p>\n<h3>Podstawowy filtr i wyzwalacz ETM<\/h3>\n<p>Podstawowe funkcje filtr\u00f3w i wyzwalaczy s\u0105 \u0142atwe w u\u017cyciu.<\/p>\n<p><img decoding=\"async\" src=\"https:\/\/www.lauterbach.com\/pic\/etmfilter_400_0_5.gif\" \/><\/p>\n<ul>\n<li><strong>TraceEnable<\/strong>: pr\u00f3bka tylko okre\u015blonego zdarzenia.<\/li>\n<li><strong>TraceData<\/strong>: Pr\u00f3bka ca\u0142ego przep\u0142ywu programu i okre\u015blonego zdarzenia danych.<\/li>\n<li><strong>TraceON<\/strong>: W\u0142\u0105cz pr\u00f3bkowanie do bufora \u015bledzenia po wyst\u0105pieniu okre\u015blonego zdarzenia.<\/li>\n<li><strong>TraceOFF<\/strong>: wy\u0142\u0105cz pr\u00f3bkowanie na bufor \u015bledzenia po wyst\u0105pieniu okre\u015blonego zdarzenia.<\/li>\n<li><strong>TraceTrigger<\/strong>: Zatrzymaj pr\u00f3bkowanie do bufora \u015bledzenia przy okre\u015blonym zdarzeniu. Mo\u017cliwe jest op\u00f3\u017anienie wyzwalania.<\/li>\n<\/ul>\n<p>&nbsp;<\/p>\n<h3>Sekwencer 3-stanowy<\/h3>\n<p>Programowanie sekwensera 3-stanowego jest obs\u0142ugiwane przez specjalne okno dialogowe.<\/p>\n<p><img decoding=\"async\" src=\"https:\/\/www.lauterbach.com\/pic\/etmdialog1_600_0_5.gif\" \/><\/p>\n<p>&nbsp;<\/p>\n<h3>Dodatkowe standardowe funkcje \u015bledzenia<\/h3>\n<p><a href=\"https:\/\/www.lauterbach.com\/statistic.html\">Profilowanie oparte na \u015bledzeniu<\/a><\/p>\n<p><img decoding=\"async\" src=\"https:\/\/www.lauterbach.com\/pic\/i_statistic.gif\" \/><\/p>\n<ul>\n<li>Szczeg\u00f3\u0142owa analiza czas\u00f3w dzia\u0142ania funkcji<\/li>\n<li>Szczeg\u00f3\u0142owa analiza czas\u00f3w wykonania i stanu zadania<\/li>\n<li>Graficzna analiza warto\u015bci zmiennych w czasie<\/li>\n<li>Analiza przedzia\u0142u czasowego pojedynczego zdarzenia (np. Przerwanie)<\/li>\n<li>Analiza odst\u0119pu czasu mi\u0119dzy 2 zdefiniowanymi zdarzeniami<\/li>\n<\/ul>\n<p>&nbsp;<\/p>\n<p><a href=\"https:\/\/www.lauterbach.com\/performance.html\">Profilowanie na podstawie pr\u00f3bek<\/a><\/p>\n<p><img decoding=\"async\" src=\"https:\/\/www.lauterbach.com\/pic\/i_performance.gif\" \/><\/p>\n<ul>\n<li>D\u0142ugoterminowa analiza wydajno\u015bci dla funkcji<\/li>\n<li>D\u0142ugoterminowa analiza wydajno\u015bci zada\u0144<\/li>\n<li>D\u0142ugoterminowa analiza zawarto\u015bci zmiennej lub lokalizacji pami\u0119ci i wiele innych<\/li>\n<\/ul>\n<p>&nbsp;<\/p>\n<p><a href=\"https:\/\/www.lauterbach.com\/cts.html\">Debugowanie oparte na \u015bledzeniu (CTS)<\/a><\/p>\n<p><img decoding=\"async\" src=\"https:\/\/www.lauterbach.com\/pic\/i_cts.gif\" \/><\/p>\n<ul>\n<li>Umo\u017cliwia ponowne debugowanie \u015bledzonej sekcji programu<\/li>\n<li>Zapewnia funkcje debugowania do przodu i do ty\u0142u<\/li>\n<li>Wysoki poziom wy\u015bwietlania j\u0119zyka wraz ze wszystkimi zmiennymi lokalnymi<\/li>\n<li>Wy\u015bwietlanie czasu i funkcji zagnie\u017cd\u017cania<\/li>\n<li>Ma zdolno\u015b\u0107 do wype\u0142niania wi\u0119kszo\u015bci luk \u015bledzenia spowodowanych ograniczon\u0105 przepustowo\u015bci\u0105 portu \u015bledzenia<\/li>\n<\/ul>\n<p>&nbsp;<\/p>\n<p><a href=\"https:\/\/www.lauterbach.com\/energyprofiling.html\">Profilowanie energii<\/a><\/p>\n<p><img decoding=\"async\" src=\"https:\/\/www.lauterbach.com\/pic\/i_energyprofiling.gif\" \/><\/p>\n<ul>\n<li>Pomiar w czasie rzeczywistym 3 linii pr\u0105dowych i 4 linii napi\u0119ciowych<\/li>\n<li>Wyzwalanie w czasie rzeczywistym pr\u0105du, napi\u0119cia i mocy<\/li>\n<li>Korelacja czasu z innymi narz\u0119dziami \u015bledzenia TRACE32<\/li>\n<li>Statystyka energii na poziomie funkcji i zadania<\/li>\n<li>W pe\u0142ni zintegrowany z interfejsem u\u017cytkownika TRACE32<\/li>\n<\/ul>\n<p>&nbsp;<\/p>\n<p><a href=\"https:\/\/www.lauterbach.com\/coverage.html\">Pokrycie kodu oparte na \u015bledzeniu<\/a><\/p>\n<p><img decoding=\"async\" src=\"https:\/\/www.lauterbach.com\/pic\/i_coverage.gif\" \/><\/p>\n<ul>\n<li>Pokrycie kodu w czasie rzeczywistym bez oprzyrz\u0105dowania<\/li>\n<li>Dostosowany do d\u0142ugotrwa\u0142ych test\u00f3w<\/li>\n<li>Obs\u0142uga wszystkich popularnych wska\u017anik\u00f3w zasi\u0119gu kodu<\/li>\n<li>Zautomatyzowane generowanie raport\u00f3w<\/li>\n<li>Pe\u0142ne wsparcie dla uk\u0142ad\u00f3w wielordzeniowych<\/li>\n<\/ul>\n<p>&nbsp;<\/p>\n<h3>Rekonstrukcja luk \u015bladowych<\/h3>\n<p>Du\u017ca liczba oddzia\u0142\u00f3w po\u015brednich lub du\u017ca liczba przesy\u0142anych danych mo\u017ce spowodowa\u0107 przepe\u0142nienie wewn\u0119trznego ETM FIFO. W rezultacie informacje \u015bledzenia s\u0105 tracone. TRACE32 mo\u017ce zrekonstruowa\u0107 takie straty \u015bladowe za pomoc\u0105 SmartTrace i CTS.<\/p>\n<p><img decoding=\"async\" src=\"https:\/\/www.lauterbach.com\/pic\/etmfifofull_400_0_5.gif\" \/><\/p>\n<p><img decoding=\"async\" src=\"https:\/\/www.lauterbach.com\/pic\/etmcts1_600_0_5.gif\" \/><\/p>\n<p>&nbsp;<\/p>\n<h3>Metody adaptacji<\/h3>\n<ul>\n<li><a href=\"https:\/\/www.lauterbach.com\/adetmmictor.html\">Dostosowanie do ARM ETM Preprocessor Mictor<\/a><\/li>\n<li><a href=\"https:\/\/www.lauterbach.com\/adetmmipi60.html\">Dostosowanie do ARM ETM Preprocessor MIPI-60<\/a><\/li>\n<\/ul>\n<p>&nbsp;<\/p>\n<h3>Adaptery FLEX<\/h3>\n<p><a href=\"https:\/\/www.lauterbach.com\/adflex.html\">FLEX Adapter<\/a><\/p>\n<p><img decoding=\"async\" src=\"https:\/\/www.lauterbach.com\/pic\/i_flexcable.gif\" \/><\/p>\n<ul>\n<li>Wysoce elastyczne adaptery<\/li>\n<li>Dla debugger\u00f3w i ICD Trace<\/li>\n<li>Wysoka jako\u015b\u0107 sygna\u0142u<\/li>\n<li>Dostosowana impedancja<\/li>\n<li>MICTOR<\/li>\n<li>100 MIL<\/li>\n<li>SAMTEC<\/li>\n<li>YAMAICHI<\/li>\n<li><\/li>\n<\/ul>\n<h3>Szczeg\u00f3\u0142y i konfiguracje<\/h3>\n<p><a href=\"https:\/\/www.lauterbach.com\/pro\/pro__siliconmobility.html\">Silicon Mobility<\/a><\/p>\n<p>&nbsp;<\/p>\n","protected":false},"excerpt":{"rendered":"<h3>Dost\u0119pne preprocesory dla ARM \/ Cortex ETM (parallel):<\/h3>\n<ul>\n<li class=\"noexpand\">\n<div class=\"div_hover div_text\"><a class=\"nava\" href=\"https:\/\/www.lauterbach.com\/autofocuseyefinder.html\" target=\"_blank\" rel=\"noopener noreferrer\">Analiza portu \u015bledzenia fizycznego<\/a><\/div>\n<\/li>\n<li class=\"noexpand\">\n<div class=\"div_hover div_text\"><a class=\"nava\" href=\"https:\/\/www.lauterbach.com\/autofocushspt.html\" target=\"_blank\" rel=\"noopener noreferrer\">\u015aledzenie r\u00f3wnoleg\u0142e o du\u017cej pr\u0119dko\u015bci<\/a><\/div>\n<\/li>\n<li class=\"noexpand\">\n<div class=\"div_hover div_text\"><a class=\"nava\" href=\"https:\/\/www.lauterbach.com\/frequencychange.html\" target=\"_blank\" rel=\"noopener noreferrer\">Zmiana cz\u0119stotliwo\u015bci zegara podczas przechwytywania \u015bledzenia<\/a><\/div>\n<\/li>\n<\/ul>\n","protected":false},"featured_media":9990,"template":"","meta":{"_acf_changed":false,"inline_featured_image":false,"_monsterinsights_skip_tracking":false,"_monsterinsights_sitenote_active":false,"_monsterinsights_sitenote_note":"","_monsterinsights_sitenote_category":0},"product_brand":[],"product_cat":[1626,1465,1581,105,1464],"product_tag":[],"class_list":{"0":"post-9823","1":"product","2":"type-product","3":"status-publish","4":"has-post-thumbnail","6":"product_cat-arm-cortex-etm-parallel-2","7":"product_cat-etm","8":"product_cat-jtag-rd-tools","9":"product_cat-lauterbach","10":"product_cat-supported-trace-interfaces","12":"first","13":"instock","14":"shipping-taxable","15":"product-type-simple"},"acf":[],"_links":{"self":[{"href":"https:\/\/quantum.com.pl\/pl\/wp-json\/wp\/v2\/product\/9823","targetHints":{"allow":["GET"]}}],"collection":[{"href":"https:\/\/quantum.com.pl\/pl\/wp-json\/wp\/v2\/product"}],"about":[{"href":"https:\/\/quantum.com.pl\/pl\/wp-json\/wp\/v2\/types\/product"}],"wp:featuredmedia":[{"embeddable":true,"href":"https:\/\/quantum.com.pl\/pl\/wp-json\/wp\/v2\/media\/9990"}],"wp:attachment":[{"href":"https:\/\/quantum.com.pl\/pl\/wp-json\/wp\/v2\/media?parent=9823"}],"wp:term":[{"taxonomy":"product_brand","embeddable":true,"href":"https:\/\/quantum.com.pl\/pl\/wp-json\/wp\/v2\/product_brand?post=9823"},{"taxonomy":"product_cat","embeddable":true,"href":"https:\/\/quantum.com.pl\/pl\/wp-json\/wp\/v2\/product_cat?post=9823"},{"taxonomy":"product_tag","embeddable":true,"href":"https:\/\/quantum.com.pl\/pl\/wp-json\/wp\/v2\/product_tag?post=9823"}],"curies":[{"name":"wp","href":"https:\/\/api.w.org\/{rel}","templated":true}]}}