{"id":9825,"date":"2020-04-20T22:44:35","date_gmt":"2020-04-20T20:44:35","guid":{"rendered":"https:\/\/quantum.com.pl\/product\/import-placeholder-for-8122\/"},"modified":"2020-10-27T13:39:30","modified_gmt":"2020-10-27T12:39:30","slug":"intel-processor-trace","status":"publish","type":"product","link":"https:\/\/quantum.com.pl\/pl\/product\/intel-processor-trace\/","title":{"rendered":"Intel\u00ae Processor Trace"},"content":{"rendered":"<h3>Najwa\u017cniejsze cechy<\/h3>\n<ul>\n<li>R\u00f3wnoleg\u0142y port \u015bledzenia z pr\u0119dko\u015bci\u0105 do 200 MBit\/s na pin<\/li>\n<li>Konfigurowalna szeroko\u015b\u0107 portu \u015bledzenia (4, 8, 12 lub 16 bit\u00f3w)<\/li>\n<li>Standardowe z\u0142\u0105cze MIPI60 do celu<\/li>\n<li>Obejmuje technologi\u0119 automatycznej kalibracji AutoFocus<\/li>\n<li>\u015aledzenie wielordzeniowe<\/li>\n<li>Do 4 GB pami\u0119ci \u015bledzenia<\/li>\n<li>Standardowe filtry \u015bledzenia i wyzwalacze<\/li>\n<li>Kompleksowe profilowanie<\/li>\n<li>Pokrycie kodu oparte na \u015bledzeniu<\/li>\n<\/ul>\n<p>&nbsp;<\/p>\n<h3>Profilowanie i pokrycie kodu<\/h3>\n<p><a href=\"https:\/\/www.lauterbach.com\/statistic.html\">Trace-based Profiling<\/a><\/p>\n<p><img decoding=\"async\" src=\"https:\/\/www.lauterbach.com\/pic\/i_statistic.gif\" \/><\/p>\n<ul>\n<li>Szczeg\u00f3\u0142owa analiza czas\u00f3w dzia\u0142ania funkcji<\/li>\n<li>Szczeg\u00f3\u0142owa analiza czas\u00f3w wykonania i stanu zadania<\/li>\n<li>Graficzna analiza warto\u015bci zmiennych w czasie<\/li>\n<li>Analiza przedzia\u0142u czasowego pojedynczego zdarzenia (np. Przerwanie)<\/li>\n<li>Analiza odst\u0119pu czasu mi\u0119dzy 2 zdefiniowanymi zdarzeniami<\/li>\n<\/ul>\n<p>&nbsp;<\/p>\n<p><a href=\"https:\/\/www.lauterbach.com\/rtos.html\">OS-aware Debugging<\/a><\/p>\n<p><img decoding=\"async\" src=\"https:\/\/www.lauterbach.com\/pic\/i_rtos.gif\" \/><\/p>\n<ul>\n<li>Nieinwazyjne wy\u015bwietlanie zasob\u00f3w systemu RTOS w czasie rzeczywistym<\/li>\n<li>Pokrycie stosu zada\u0144<\/li>\n<li>Punkty przerwania zwi\u0105zane z zadaniami<\/li>\n<li>Wy\u015bwietlanie kontekstu zadania<\/li>\n<li>Obs\u0142uga SMP<\/li>\n<li>Pomiar wydajno\u015bci zwi\u0105zany z zadaniem<\/li>\n<li>Ocena statystyczna i graficzne wy\u015bwietlanie czas\u00f3w wykonywania zada\u0144<\/li>\n<li>Zwi\u0105zana z zadaniami ocena czas\u00f3w dzia\u0142ania funkcji<\/li>\n<li>Funkcje PRAKTYCZNE dla danych systemu operacyjnego<\/li>\n<li>\u0141atwy dost\u0119p za po\u015brednictwem menu rozwijanych specyficznych dla RTOS<\/li>\n<li>Obs\u0142uga wszystkich g\u0142\u00f3wnych RTOS<\/li>\n<\/ul>\n<p>&nbsp;<\/p>\n<p><a href=\"https:\/\/www.lauterbach.com\/coverage.html\">Trace-based Code Coverage<\/a><\/p>\n<p><img decoding=\"async\" src=\"https:\/\/www.lauterbach.com\/pic\/i_coverage.gif\" \/><\/p>\n<ul>\n<li>Pokrycie kodu w czasie rzeczywistym bez oprzyrz\u0105dowania<\/li>\n<li>Nadaje si\u0119 do d\u0142ugotrwa\u0142ych test\u00f3w<\/li>\n<li>Obs\u0142uga wszystkich popularnych wska\u017anik\u00f3w zasi\u0119gu kodu<\/li>\n<li>Zautomatyzowane generowanie raport\u00f3w<\/li>\n<li>Pe\u0142ne wsparcie dla uk\u0142ad\u00f3w wielordzeniowych<\/li>\n<\/ul>\n<p>&nbsp;<\/p>\n<h3>Adaptacja<\/h3>\n<ul>\n<li><a href=\"https:\/\/www.lauterbach.com\/adicrintelx86.html\">Dostosowanie do Intel\u00ae Processor Trace<\/a><\/li>\n<\/ul>\n","protected":false},"excerpt":{"rendered":"<p>Najwa\u017cniejsze cechy R\u00f3wnoleg\u0142y port \u015bledzenia z pr\u0119dko\u015bci\u0105 do 200 MBit\/s na pin Konfigurowalna szeroko\u015b\u0107 portu \u015bledzenia (4, 8, 12 lub 16 bit\u00f3w) Standardowe z\u0142\u0105cze MIPI60 do celu Obejmuje technologi\u0119 automatycznej kalibracji AutoFocus \u015aledzenie wielordzeniowe Do 4 GB pami\u0119ci \u015bledzenia Standardowe filtry \u015bledzenia i wyzwalacze Kompleksowe profilowanie Pokrycie kodu oparte na \u015bledzeniu &nbsp; Profilowanie i pokrycie [&hellip;]<\/p>\n","protected":false},"featured_media":9994,"template":"","meta":{"_acf_changed":false,"inline_featured_image":false,"_monsterinsights_skip_tracking":false,"_monsterinsights_sitenote_active":false,"_monsterinsights_sitenote_note":"","_monsterinsights_sitenote_category":0},"product_brand":[],"product_cat":[1581,105],"product_tag":[],"class_list":{"0":"post-9825","1":"product","2":"type-product","3":"status-publish","4":"has-post-thumbnail","6":"product_cat-jtag-rd-tools","7":"product_cat-lauterbach","9":"first","10":"instock","11":"shipping-taxable","12":"product-type-simple"},"acf":[],"_links":{"self":[{"href":"https:\/\/quantum.com.pl\/pl\/wp-json\/wp\/v2\/product\/9825","targetHints":{"allow":["GET"]}}],"collection":[{"href":"https:\/\/quantum.com.pl\/pl\/wp-json\/wp\/v2\/product"}],"about":[{"href":"https:\/\/quantum.com.pl\/pl\/wp-json\/wp\/v2\/types\/product"}],"wp:featuredmedia":[{"embeddable":true,"href":"https:\/\/quantum.com.pl\/pl\/wp-json\/wp\/v2\/media\/9994"}],"wp:attachment":[{"href":"https:\/\/quantum.com.pl\/pl\/wp-json\/wp\/v2\/media?parent=9825"}],"wp:term":[{"taxonomy":"product_brand","embeddable":true,"href":"https:\/\/quantum.com.pl\/pl\/wp-json\/wp\/v2\/product_brand?post=9825"},{"taxonomy":"product_cat","embeddable":true,"href":"https:\/\/quantum.com.pl\/pl\/wp-json\/wp\/v2\/product_cat?post=9825"},{"taxonomy":"product_tag","embeddable":true,"href":"https:\/\/quantum.com.pl\/pl\/wp-json\/wp\/v2\/product_tag?post=9825"}],"curies":[{"name":"wp","href":"https:\/\/api.w.org\/{rel}","templated":true}]}}