{"id":9828,"date":"2020-04-20T22:44:35","date_gmt":"2020-04-20T20:44:35","guid":{"rendered":"https:\/\/quantum.com.pl\/product\/import-placeholder-for-8145\/"},"modified":"2020-09-23T23:11:21","modified_gmt":"2020-09-23T21:11:21","slug":"further-trace-interfaces","status":"publish","type":"product","link":"https:\/\/quantum.com.pl\/pl\/product\/further-trace-interfaces\/","title":{"rendered":"Further Trace Interfaces"},"content":{"rendered":"<h3>Lauterbach oferuje wi\u0119cej interfejs\u00f3w Trace wymienionych poni\u017cej.<\/h3>\n<p>Kliknij nazw\u0119 produktu, aby uzyska\u0107 wi\u0119cej informacji:<\/p>\n<ul>\n<li class=\"noexpand\">\n<div class=\"div_hover div_text\"><a class=\"nava\" href=\"https:\/\/www.lauterbach.com\/trace_arc.html\" target=\"_blank\" rel=\"noopener noreferrer\">ARC Trace<\/a><\/div>\n<\/li>\n<li class=\"noexpand\">\n<div class=\"div_hover div_text\"><a class=\"nava\" href=\"https:\/\/www.lauterbach.com\/icrbeyond.html\" target=\"_blank\" rel=\"noopener noreferrer\">Beyond Trace<\/a><\/div>\n<\/li>\n<li class=\"noexpand\">\n<div class=\"div_hover div_text\"><a class=\"nava\" href=\"https:\/\/www.lauterbach.com\/trace_c7000.html\" target=\"_blank\" rel=\"noopener noreferrer\">C7000 DSP Trace<\/a><\/div>\n<\/li>\n<li class=\"noexpand\">\n<div class=\"div_hover div_text\"><a class=\"nava\" href=\"https:\/\/www.lauterbach.com\/icrcevax.html\" target=\"_blank\" rel=\"noopener noreferrer\">CEVA-X Trace<\/a><\/div>\n<\/li>\n<li class=\"noexpand\">\n<div class=\"div_hover div_text\"><a class=\"nava\" href=\"https:\/\/www.lauterbach.com\/icrcf.html\" target=\"_blank\" rel=\"noopener noreferrer\">ColdFire Trace<\/a><\/div>\n<\/li>\n<li class=\"noexpand\">\n<div class=\"div_hover div_text\"><a class=\"nava\" href=\"https:\/\/www.lauterbach.com\/icrintelx86.html\" target=\"_blank\" rel=\"noopener noreferrer\">Intel\u00ae Processor Trace<\/a><\/div>\n<\/li>\n<li class=\"noexpand\">\n<div class=\"div_hover div_text\"><a class=\"nava\" href=\"https:\/\/www.lauterbach.com\/icrmips.html\" target=\"_blank\" rel=\"noopener noreferrer\">MIPS32 Trace<\/a><\/div>\n<\/li>\n<li class=\"noexpand\">\n<div class=\"div_hover div_text\"><a class=\"nava\" href=\"https:\/\/www.lauterbach.com\/icrnios.html\" target=\"_blank\" rel=\"noopener noreferrer\">NIOS II Trace<\/a><\/div>\n<\/li>\n<li class=\"noexpand\">\n<div class=\"div_hover div_text\"><a class=\"nava\" href=\"https:\/\/www.lauterbach.com\/icrppc400.html\" target=\"_blank\" rel=\"noopener noreferrer\">PowerPC 4xx (parallel)<\/a><\/div>\n<\/li>\n<li class=\"noexpand\">\n<div class=\"div_hover div_text\"><a class=\"nava\" href=\"https:\/\/www.lauterbach.com\/icrrtp.html\" target=\"_blank\" rel=\"noopener noreferrer\">RAM Trace Port Trace<\/a><\/div>\n<\/li>\n<li class=\"noexpand\">\n<div class=\"div_hover div_text\"><a class=\"nava\" href=\"https:\/\/www.lauterbach.com\/trace_riscv.html\" target=\"_blank\" rel=\"noopener noreferrer\">RISC-V<\/a><\/div>\n<\/li>\n<li class=\"noexpand\">\n<div class=\"div_hover div_text\"><a class=\"nava\" href=\"https:\/\/www.lauterbach.com\/icrsh4.html\" target=\"_blank\" rel=\"noopener noreferrer\">SH Trace<\/a><\/div>\n<\/li>\n<li class=\"noexpand\">\n<div class=\"div_hover div_text\"><a class=\"nava\" href=\"https:\/\/www.lauterbach.com\/icrstm.html\" target=\"_blank\" rel=\"noopener noreferrer\">System Trace<\/a><\/div>\n<\/li>\n<li class=\"noexpand\">\n<div class=\"div_hover div_text\"><a class=\"nava\" href=\"https:\/\/www.lauterbach.com\/icrtl3.html\" target=\"_blank\" rel=\"noopener noreferrer\">TeakLite-III Trace<\/a><\/div>\n<\/li>\n<li class=\"expand\">\n<div class=\"div_text\">TriCore<\/div>\n<ul>\n<li class=\"noexpand\">\n<div class=\"div_hover div_text\"><a class=\"nava\" href=\"https:\/\/www.lauterbach.com\/icrtc.html\" target=\"_blank\" rel=\"noopener noreferrer\">TriCore (parallel)<\/a><\/div>\n<\/li>\n<li class=\"noexpand\">\n<div class=\"div_hover div_text\"><a class=\"nava\" href=\"https:\/\/www.lauterbach.com\/icrstptc.html\" target=\"_blank\" rel=\"noopener noreferrer\">TriCore AGBT (serial)<\/a><\/div>\n<\/li>\n<\/ul>\n<\/li>\n<li class=\"noexpand\">\n<div class=\"div_hover div_text\"><a class=\"nava\" href=\"https:\/\/www.lauterbach.com\/icrv850.html\" target=\"_blank\" rel=\"noopener noreferrer\">V850 Trace<\/a><\/div>\n<\/li>\n<\/ul>\n","protected":false},"excerpt":{"rendered":"<p>Lauterbach oferuje wi\u0119cej interfejs\u00f3w Trace wymienionych poni\u017cej. Kliknij nazw\u0119 produktu, aby uzyska\u0107 wi\u0119cej informacji: ARC Trace Beyond Trace C7000 DSP Trace CEVA-X Trace ColdFire Trace Intel\u00ae Processor Trace MIPS32 Trace NIOS II Trace PowerPC 4xx (parallel) RAM Trace Port Trace RISC-V SH Trace System Trace TeakLite-III Trace TriCore TriCore (parallel) TriCore AGBT (serial) V850 Trace<\/p>\n","protected":false},"featured_media":10000,"template":"","meta":{"_acf_changed":false,"inline_featured_image":false,"_monsterinsights_skip_tracking":false,"_monsterinsights_sitenote_active":false,"_monsterinsights_sitenote_note":"","_monsterinsights_sitenote_category":0},"product_brand":[],"product_cat":[1469,1581,105,1464,1462],"product_tag":[],"class_list":{"0":"post-9828","1":"product","2":"type-product","3":"status-publish","4":"has-post-thumbnail","6":"product_cat-further-trace-interfaces","7":"product_cat-jtag-rd-tools","8":"product_cat-lauterbach","9":"product_cat-supported-trace-interfaces","10":"product_cat-trace","12":"first","13":"instock","14":"shipping-taxable","15":"product-type-simple"},"acf":[],"_links":{"self":[{"href":"https:\/\/quantum.com.pl\/pl\/wp-json\/wp\/v2\/product\/9828","targetHints":{"allow":["GET"]}}],"collection":[{"href":"https:\/\/quantum.com.pl\/pl\/wp-json\/wp\/v2\/product"}],"about":[{"href":"https:\/\/quantum.com.pl\/pl\/wp-json\/wp\/v2\/types\/product"}],"wp:featuredmedia":[{"embeddable":true,"href":"https:\/\/quantum.com.pl\/pl\/wp-json\/wp\/v2\/media\/10000"}],"wp:attachment":[{"href":"https:\/\/quantum.com.pl\/pl\/wp-json\/wp\/v2\/media?parent=9828"}],"wp:term":[{"taxonomy":"product_brand","embeddable":true,"href":"https:\/\/quantum.com.pl\/pl\/wp-json\/wp\/v2\/product_brand?post=9828"},{"taxonomy":"product_cat","embeddable":true,"href":"https:\/\/quantum.com.pl\/pl\/wp-json\/wp\/v2\/product_cat?post=9828"},{"taxonomy":"product_tag","embeddable":true,"href":"https:\/\/quantum.com.pl\/pl\/wp-json\/wp\/v2\/product_tag?post=9828"}],"curies":[{"name":"wp","href":"https:\/\/api.w.org\/{rel}","templated":true}]}}