{"id":9829,"date":"2020-04-20T22:44:41","date_gmt":"2020-04-20T20:44:41","guid":{"rendered":"https:\/\/quantum.com.pl\/product\/import-placeholder-for-8150\/"},"modified":"2020-09-23T13:27:27","modified_gmt":"2020-09-23T11:27:27","slug":"license-arm-front-end","status":"publish","type":"product","link":"https:\/\/quantum.com.pl\/pl\/product\/license-arm-front-end\/","title":{"rendered":"User Floating License ARM Front-End"},"content":{"rendered":"<h3>Wprowadzenie<\/h3>\n<p>Interfejs GUI TRACE32 mo\u017ce by\u0107 u\u017cywany jako interfejs do debugowania r\u00f3\u017cnych wirtualnych cel\u00f3w, podstawowych symulator\u00f3w, serwer\u00f3w docelowych, takich jak GDB i back-end&#8217;\u00f3w TRACE32.<\/p>\n<p>&nbsp;<\/p>\n<h3>Najwa\u017cniejsze cechy<\/h3>\n<ul>\n<li>Interfejs do wirtualnych cel\u00f3w zewn\u0119trznych<\/li>\n<li>Front-end do symulator\u00f3w podstawowych firm trzecich<\/li>\n<li>Front-end do zewn\u0119trznych serwer\u00f3w docelowych<\/li>\n<li>Front-end do TRACE32 Back-End<\/li>\n<li>Taki sam GUI jak sprz\u0119towe debuggery TRACE32<\/li>\n<li>Funkcje debugowania dostarczane przez oprogramowanie innych firm \/ TRACE32 Back-End<\/li>\n<li>Funkcje \u015bledzenia dostarczane przez oprogramowanie innych firm \/ TRACE32 Back-End<\/li>\n<li>Windows, Linux i MacOSX<\/li>\n<li>Powtarzalne licencje sieciowe RLM<\/li>\n<\/ul>\n<p>&nbsp;<\/p>\n<p id=\"headline\"><a href=\"https:\/\/www.lauterbach.com\/felist.html\"><strong>Lista debuger\u00f3w tylko programowych<\/strong><\/a><\/p>\n","protected":false},"excerpt":{"rendered":"<h3><strong>LA-8890L<\/strong><\/h3>\n","protected":false},"featured_media":9978,"template":"","meta":{"_acf_changed":false,"inline_featured_image":false,"_monsterinsights_skip_tracking":false,"_monsterinsights_sitenote_active":false,"_monsterinsights_sitenote_note":"","_monsterinsights_sitenote_category":0},"product_brand":[],"product_cat":[1581,105,1470],"product_tag":[],"class_list":{"0":"post-9829","1":"product","2":"type-product","3":"status-publish","4":"has-post-thumbnail","6":"product_cat-jtag-rd-tools","7":"product_cat-lauterbach","8":"product_cat-software-only-debugger","10":"first","11":"instock","12":"shipping-taxable","13":"product-type-simple"},"acf":[],"_links":{"self":[{"href":"https:\/\/quantum.com.pl\/pl\/wp-json\/wp\/v2\/product\/9829","targetHints":{"allow":["GET"]}}],"collection":[{"href":"https:\/\/quantum.com.pl\/pl\/wp-json\/wp\/v2\/product"}],"about":[{"href":"https:\/\/quantum.com.pl\/pl\/wp-json\/wp\/v2\/types\/product"}],"wp:featuredmedia":[{"embeddable":true,"href":"https:\/\/quantum.com.pl\/pl\/wp-json\/wp\/v2\/media\/9978"}],"wp:attachment":[{"href":"https:\/\/quantum.com.pl\/pl\/wp-json\/wp\/v2\/media?parent=9829"}],"wp:term":[{"taxonomy":"product_brand","embeddable":true,"href":"https:\/\/quantum.com.pl\/pl\/wp-json\/wp\/v2\/product_brand?post=9829"},{"taxonomy":"product_cat","embeddable":true,"href":"https:\/\/quantum.com.pl\/pl\/wp-json\/wp\/v2\/product_cat?post=9829"},{"taxonomy":"product_tag","embeddable":true,"href":"https:\/\/quantum.com.pl\/pl\/wp-json\/wp\/v2\/product_tag?post=9829"}],"curies":[{"name":"wp","href":"https:\/\/api.w.org\/{rel}","templated":true}]}}