{"id":9830,"date":"2020-04-20T22:44:41","date_gmt":"2020-04-20T20:44:41","guid":{"rendered":"https:\/\/quantum.com.pl\/product\/import-placeholder-for-8155\/"},"modified":"2020-08-25T22:43:19","modified_gmt":"2020-08-25T20:43:19","slug":"debugging-via-xcp","status":"publish","type":"product","link":"https:\/\/quantum.com.pl\/pl\/product\/debugging-via-xcp\/","title":{"rendered":"Debugging via XCP"},"content":{"rendered":"<h3>\u00a0Najwa\u017cniejsze cechy<\/h3>\n<ul>\n<li>Komunikuje si\u0119 z docelowym procesorem za po\u015brednictwem XCP slave<\/li>\n<li>Obs\u0142uguje protok\u00f3\u0142 \u201eSoftware Debugging over XCP\u201d okre\u015blony przez ASAM e.V. a tak\u017ce protok\u00f3\u0142 debugowania specyficzny dla ETAS<\/li>\n<li>Prawie taka sama funkcja debugowania jak sprz\u0119towy debugger TRACE32<\/li>\n<li>Debugowanie C \/ C ++<\/li>\n<li>Programowanie FLASH<\/li>\n<li>Dost\u0119p do wszystkich urz\u0105dze\u0144 peryferyjnych<\/li>\n<li>Debugowanie wielordzeniowe<\/li>\n<li>Debugowanie \u015bwiadome systemu Autosar-OS<\/li>\n<li>Liczniki wzorcowe<\/li>\n<li>Debugowanie pami\u0119ci podr\u0119cznej<\/li>\n<li>Debugowanie wszystkich kontroler\u00f3w pomocniczych<\/li>\n<li>\u015aledzenie wielordzeniowe za pomoc\u0105 \u015bledzenia na chipie<\/li>\n<li>Obs\u0142uga GTM, MPC5xxx, RH850, TriCore<\/li>\n<\/ul>\n<p>&nbsp;<\/p>\n<h3>Konfiguracja debugera programowego<\/h3>\n<p>Zamiast wysy\u0142ania polece\u0144 debugowania wprowadzonych przez TRACE32 FrontEnd bezpo\u015brednio do docelowego procesora za po\u015brednictwem protoko\u0142u debugowania niskiego poziomu (np. JTAG), wszystkie polecenia debugowania s\u0105 kodowane w poleceniach XCP przez TRACE32 XCP Debug BackEnd. Polecenia XCP s\u0105 nast\u0119pnie wysy\u0142ane przez stos TCP komputera hosta i kabel sieciowy do urz\u0105dzenia podrz\u0119dnego XCP innej firmy. Zewn\u0119trzne urz\u0105dzenie podrz\u0119dne XCP t\u0142umaczy polecenia XCP z powrotem na polecenia debugowania niskiego poziomu.<\/p>\n<p><img decoding=\"async\" src=\"https:\/\/www.lauterbach.com\/pic\/ff_backend_xcp1.gif\" \/><\/p>\n<p>&nbsp;<\/p>\n","protected":false},"excerpt":{"rendered":"<p>\u00a0Najwa\u017cniejsze cechy Komunikuje si\u0119 z docelowym procesorem za po\u015brednictwem XCP slave Obs\u0142uguje protok\u00f3\u0142 \u201eSoftware Debugging over XCP\u201d okre\u015blony przez ASAM e.V. a tak\u017ce protok\u00f3\u0142 debugowania specyficzny dla ETAS Prawie taka sama funkcja debugowania jak sprz\u0119towy debugger TRACE32 Debugowanie C \/ C ++ Programowanie FLASH Dost\u0119p do wszystkich urz\u0105dze\u0144 peryferyjnych Debugowanie wielordzeniowe Debugowanie \u015bwiadome systemu Autosar-OS [&hellip;]<\/p>\n","protected":false},"featured_media":9980,"template":"","meta":{"_acf_changed":false,"inline_featured_image":false,"_monsterinsights_skip_tracking":false,"_monsterinsights_sitenote_active":false,"_monsterinsights_sitenote_note":"","_monsterinsights_sitenote_category":0},"product_brand":[],"product_cat":[1581,105,1470],"product_tag":[],"class_list":{"0":"post-9830","1":"product","2":"type-product","3":"status-publish","4":"has-post-thumbnail","6":"product_cat-jtag-rd-tools","7":"product_cat-lauterbach","8":"product_cat-software-only-debugger","10":"first","11":"instock","12":"shipping-taxable","13":"product-type-simple"},"acf":[],"_links":{"self":[{"href":"https:\/\/quantum.com.pl\/pl\/wp-json\/wp\/v2\/product\/9830","targetHints":{"allow":["GET"]}}],"collection":[{"href":"https:\/\/quantum.com.pl\/pl\/wp-json\/wp\/v2\/product"}],"about":[{"href":"https:\/\/quantum.com.pl\/pl\/wp-json\/wp\/v2\/types\/product"}],"wp:featuredmedia":[{"embeddable":true,"href":"https:\/\/quantum.com.pl\/pl\/wp-json\/wp\/v2\/media\/9980"}],"wp:attachment":[{"href":"https:\/\/quantum.com.pl\/pl\/wp-json\/wp\/v2\/media?parent=9830"}],"wp:term":[{"taxonomy":"product_brand","embeddable":true,"href":"https:\/\/quantum.com.pl\/pl\/wp-json\/wp\/v2\/product_brand?post=9830"},{"taxonomy":"product_cat","embeddable":true,"href":"https:\/\/quantum.com.pl\/pl\/wp-json\/wp\/v2\/product_cat?post=9830"},{"taxonomy":"product_tag","embeddable":true,"href":"https:\/\/quantum.com.pl\/pl\/wp-json\/wp\/v2\/product_tag?post=9830"}],"curies":[{"name":"wp","href":"https:\/\/api.w.org\/{rel}","templated":true}]}}