{"id":9831,"date":"2020-04-20T22:44:41","date_gmt":"2020-04-20T20:44:41","guid":{"rendered":"https:\/\/quantum.com.pl\/product\/import-placeholder-for-8161\/"},"modified":"2020-08-25T22:43:19","modified_gmt":"2020-08-25T20:43:19","slug":"debugging-via-usb-and-intel-direct-connect-interface-intel-dci-dbc","status":"publish","type":"product","link":"https:\/\/quantum.com.pl\/pl\/product\/debugging-via-usb-and-intel-direct-connect-interface-intel-dci-dbc\/","title":{"rendered":"Debugging via USB and Intel\u00ae Direct Connect Interface (Intel\u00ae DCI) DbC"},"content":{"rendered":"<h3>Najwa\u017cniejsze cechy<\/h3>\n<ul>\n<li>Debugowanie w trybie zatrzymania dla urz\u0105dze\u0144 o wsp\u00f3\u0142czynniku kszta\u0142tu<\/li>\n<li>Debugowanie w trybie zatrzymania przez stos protoko\u0142\u00f3w USB<\/li>\n<li>Standardowy JTAG jest pakowany w pakiety DCI<\/li>\n<li>Debugowanie SMP (w tym hyperthreading)<\/li>\n<li>Debugowanie AMP z innymi architekturami<\/li>\n<li>Debugowanie BIOS \/ UEFI z dostosowanym GUI dla wszystkich faz UEFI<\/li>\n<li>Debugowanie w systemach Linux i Windows<\/li>\n<li>Obs\u0142uga procesor\u00f3w Intel\u00ae x86 \/ x64, ARC, M8051EW, Xtensa<\/li>\n<\/ul>\n<p>&nbsp;<\/p>\n<h3>Konfiguracja debugera programowego<\/h3>\n<p>Polecenia debugowania wprowadzone za pomoc\u0105 TRACE32 FrontEnd s\u0105 konwertowane przez TRACE32 USB Debug BackEnd na polecenia JTAG i pakowane w protok\u00f3\u0142 DCI. Pakiety DCI s\u0105 wysy\u0142ane do celu za pomoc\u0105 libusb.<\/p>\n<p>Mostek DCI po stronie docelowej rozpakowuje pakiety DCI i przekazuje polecenia JTAG do odpowiedniego TAP \/ CPU.<\/p>\n<p><img decoding=\"async\" src=\"https:\/\/www.lauterbach.com\/pic\/ff_backend_usb_intel.gif\" \/><\/p>\n","protected":false},"excerpt":{"rendered":"<p>Najwa\u017cniejsze cechy Debugowanie w trybie zatrzymania dla urz\u0105dze\u0144 o wsp\u00f3\u0142czynniku kszta\u0142tu Debugowanie w trybie zatrzymania przez stos protoko\u0142\u00f3w USB Standardowy JTAG jest pakowany w pakiety DCI Debugowanie SMP (w tym hyperthreading) Debugowanie AMP z innymi architekturami Debugowanie BIOS \/ UEFI z dostosowanym GUI dla wszystkich faz UEFI Debugowanie w systemach Linux i Windows Obs\u0142uga procesor\u00f3w [&hellip;]<\/p>\n","protected":false},"featured_media":9982,"template":"","meta":{"_acf_changed":false,"inline_featured_image":false,"_monsterinsights_skip_tracking":false,"_monsterinsights_sitenote_active":false,"_monsterinsights_sitenote_note":"","_monsterinsights_sitenote_category":0},"product_brand":[],"product_cat":[1581,105,1470],"product_tag":[],"class_list":{"0":"post-9831","1":"product","2":"type-product","3":"status-publish","4":"has-post-thumbnail","6":"product_cat-jtag-rd-tools","7":"product_cat-lauterbach","8":"product_cat-software-only-debugger","10":"first","11":"instock","12":"shipping-taxable","13":"product-type-simple"},"acf":[],"_links":{"self":[{"href":"https:\/\/quantum.com.pl\/pl\/wp-json\/wp\/v2\/product\/9831","targetHints":{"allow":["GET"]}}],"collection":[{"href":"https:\/\/quantum.com.pl\/pl\/wp-json\/wp\/v2\/product"}],"about":[{"href":"https:\/\/quantum.com.pl\/pl\/wp-json\/wp\/v2\/types\/product"}],"wp:featuredmedia":[{"embeddable":true,"href":"https:\/\/quantum.com.pl\/pl\/wp-json\/wp\/v2\/media\/9982"}],"wp:attachment":[{"href":"https:\/\/quantum.com.pl\/pl\/wp-json\/wp\/v2\/media?parent=9831"}],"wp:term":[{"taxonomy":"product_brand","embeddable":true,"href":"https:\/\/quantum.com.pl\/pl\/wp-json\/wp\/v2\/product_brand?post=9831"},{"taxonomy":"product_cat","embeddable":true,"href":"https:\/\/quantum.com.pl\/pl\/wp-json\/wp\/v2\/product_cat?post=9831"},{"taxonomy":"product_tag","embeddable":true,"href":"https:\/\/quantum.com.pl\/pl\/wp-json\/wp\/v2\/product_tag?post=9831"}],"curies":[{"name":"wp","href":"https:\/\/api.w.org\/{rel}","templated":true}]}}