{"id":9833,"date":"2020-04-20T22:44:41","date_gmt":"2020-04-20T20:44:41","guid":{"rendered":"https:\/\/quantum.com.pl\/product\/import-placeholder-for-8170\/"},"modified":"2020-08-25T22:43:19","modified_gmt":"2020-08-25T20:43:19","slug":"dodatkowe-produkty","status":"publish","type":"product","link":"https:\/\/quantum.com.pl\/pl\/product\/dodatkowe-produkty\/","title":{"rendered":"Dodatkowe produkty"},"content":{"rendered":"<h3>Lauterbach oferuje wi\u0119cej dodatkowych produkt\u00f3w wymienionych poni\u017cej.<\/h3>\n<p>Kliknij nazw\u0119 produktu, aby uzyska\u0107 wi\u0119cej informacji:<\/p>\n<ul>\n<li>\n<div>Analizator logiki<\/div>\n<ul>\n<li>\n<div><a href=\"https:\/\/www.lauterbach.com\/pp.html\" target=\"index\" rel=\"noopener noreferrer\">PowerProbe<\/a><\/div>\n<\/li>\n<li>\n<div><a href=\"https:\/\/www.lauterbach.com\/pi.html\" target=\"index\" rel=\"noopener noreferrer\">PowerIntegrator<\/a><\/div>\n<\/li>\n<\/ul>\n<\/li>\n<li>\n<div><a href=\"https:\/\/www.lauterbach.com\/mon.html\" target=\"index\" rel=\"noopener noreferrer\">Monitor ROM<\/a><\/div>\n<ul>\n<li>\n<div><a href=\"https:\/\/www.lauterbach.com\/mon166.html\" target=\"index\" rel=\"noopener noreferrer\">C166 Monitor<\/a><\/div>\n<\/li>\n<li>\n<div><a href=\"https:\/\/www.lauterbach.com\/mon186.html\" target=\"index\" rel=\"noopener noreferrer\">x186 Monitor<\/a><\/div>\n<\/li>\n<li>\n<div><a href=\"https:\/\/www.lauterbach.com\/mon386.html\" target=\"index\" rel=\"noopener noreferrer\">x386 and x486 Monitor<\/a><\/div>\n<\/li>\n<li>\n<div><a href=\"https:\/\/www.lauterbach.com\/mon68k.html\" target=\"index\" rel=\"noopener noreferrer\">Monitor for 68K<\/a><\/div>\n<\/li>\n<\/ul>\n<\/li>\n<li>\n<div><a href=\"https:\/\/www.lauterbach.com\/tp.html\" target=\"index\" rel=\"noopener noreferrer\">Sonda wyzwalaj\u0105ca dla PODBUS<\/a><\/div>\n<\/li>\n<li>\n<div><a href=\"https:\/\/www.lauterbach.com\/stg.html\" target=\"index\" rel=\"noopener noreferrer\">Generator bod\u017ac\u00f3w<\/a><\/div>\n<\/li>\n<li>\n<div><a href=\"https:\/\/www.lauterbach.com\/esi.html\" target=\"index\" rel=\"noopener noreferrer\">Symulator EPROM \/ FLASH<\/a><\/div>\n<\/li>\n<\/ul>\n","protected":false},"excerpt":{"rendered":"<p>Lauterbach oferuje wi\u0119cej dodatkowych produkt\u00f3w wymienionych poni\u017cej. Kliknij nazw\u0119 produktu, aby uzyska\u0107 wi\u0119cej informacji: Analizator logiki PowerProbe PowerIntegrator Monitor ROM C166 Monitor x186 Monitor x386 and x486 Monitor Monitor for 68K Sonda wyzwalaj\u0105ca dla PODBUS Generator bod\u017ac\u00f3w Symulator EPROM \/ FLASH<\/p>\n","protected":false},"featured_media":9988,"template":"","meta":{"_acf_changed":false,"inline_featured_image":false,"_monsterinsights_skip_tracking":false,"_monsterinsights_sitenote_active":false,"_monsterinsights_sitenote_note":"","_monsterinsights_sitenote_category":0},"product_brand":[],"product_cat":[1581,105],"product_tag":[],"class_list":{"0":"post-9833","1":"product","2":"type-product","3":"status-publish","4":"has-post-thumbnail","6":"product_cat-jtag-rd-tools","7":"product_cat-lauterbach","9":"first","10":"instock","11":"shipping-taxable","12":"product-type-simple"},"acf":[],"_links":{"self":[{"href":"https:\/\/quantum.com.pl\/pl\/wp-json\/wp\/v2\/product\/9833","targetHints":{"allow":["GET"]}}],"collection":[{"href":"https:\/\/quantum.com.pl\/pl\/wp-json\/wp\/v2\/product"}],"about":[{"href":"https:\/\/quantum.com.pl\/pl\/wp-json\/wp\/v2\/types\/product"}],"wp:featuredmedia":[{"embeddable":true,"href":"https:\/\/quantum.com.pl\/pl\/wp-json\/wp\/v2\/media\/9988"}],"wp:attachment":[{"href":"https:\/\/quantum.com.pl\/pl\/wp-json\/wp\/v2\/media?parent=9833"}],"wp:term":[{"taxonomy":"product_brand","embeddable":true,"href":"https:\/\/quantum.com.pl\/pl\/wp-json\/wp\/v2\/product_brand?post=9833"},{"taxonomy":"product_cat","embeddable":true,"href":"https:\/\/quantum.com.pl\/pl\/wp-json\/wp\/v2\/product_cat?post=9833"},{"taxonomy":"product_tag","embeddable":true,"href":"https:\/\/quantum.com.pl\/pl\/wp-json\/wp\/v2\/product_tag?post=9833"}],"curies":[{"name":"wp","href":"https:\/\/api.w.org\/{rel}","templated":true}]}}