{"id":9834,"date":"2020-04-20T22:44:41","date_gmt":"2020-04-20T20:44:41","guid":{"rendered":"https:\/\/quantum.com.pl\/product\/import-placeholder-for-8177\/"},"modified":"2020-12-08T21:38:14","modified_gmt":"2020-12-08T20:38:14","slug":"com-express-type-7-gpu-embedded-system","status":"publish","type":"product","link":"https:\/\/quantum.com.pl\/pl\/product\/com-express-type-7-gpu-embedded-system\/","title":{"rendered":"COM Express\u00ae Type 7 + GPU Embedded System"},"content":{"rendered":"<h3>Najwa\u017cniejsze cechy<\/h3>\n<ul>\n<li>\u0141\u0105czy wysokiej klasy procesory graficzne z klas\u0105 serwer\u00f3w Intel\u00ae Xeon\u00ae D i procesorami Intel\u00ae Atom &#x2122; C3000 x86<\/li>\n<li>Procesory graficzne mog\u0105 by\u0107 kierowane na 4 niezale\u017cne wyj\u015bcia wy\u015bwietlania LUB dla bezg\u0142owego systemu przetwarzania GPGPU z wykorzystaniem rdzeni CUDA\u00ae<\/li>\n<li>Po\u0142\u0105czenie 10 GbE: 2x 10GBASE-SR \/ LR z Dual Inphi CS4223E (Quad SFP +)<\/li>\n<li>Idealny do wysokiej klasy aplikacji do kodowania \/ dekodowania wideo lub przetwarzania GPGPU CUDA\u00ae, g\u0142\u0119bokiego uczenia i sztucznej inteligencji<\/li>\n<li>Wykorzystuje z\u0142\u0105cza typu PC dla \u0142atwego okablowania i pakowania<\/li>\n<\/ul>\n<p>&nbsp;<\/p>\n<h3 data-fontsize=\"18\" data-lineheight=\"27\">Wi\u0119cej informacji<\/h3>\n<p>Wbudowany system GPU COM Express Type 7 + firmy Connect Tech \u0142\u0105czy procesory Intel\u00ae Xeon\u00ae D (klasa serwera) i Intel\u00ae Atom &#x2122; C3000 x86 z wysokiej klasy procesorami graficznymi NVIDIA\u00ae Quadro\u00ae i Tesla\u00ae (GPU) system osadzony w ma\u0142ej obudowie. Wybieraj spo\u015br\u00f3d modeli najwy\u017cszej klasy, o najwy\u017cszej wydajno\u015bci lub modeli o niskim poborze mocy, kt\u00f3re idealnie nadaj\u0105 si\u0119 do wysokiej klasy aplikacji do kodowania \/ dekodowania wideo lub aplikacji GPGPU CUDA\u00ae, g\u0142\u0119bokiego uczenia i sztucznej inteligencji.<\/p>\n<p>Ten wbudowany system udost\u0119pnia wszystkie po\u0142\u0105czenia najnowszej generacji, w tym: 10GbE i Gigabit Ethernet, USB 3.0 i 2.0, HDMI, SATA III, GPIO, I2C, M.2, miniPCIe. Ten wbudowany system wykorzystuje z\u0142\u0105cza typu PC dla \u0142atwego okablowania i pakowania.<\/p>\n<p>&nbsp;<\/p>\n<h3>Specyfikacja<\/h3>\n\n<table id=\"tablepress-413\" class=\"tablepress tablepress-id-413\">\n<tbody class=\"row-striping row-hover\">\n<tr class=\"row-1\">\n\t<td class=\"column-1\">COM Express CPU Module Options<\/td><td class=\"column-2\">\u2022 Intel\u00ae Xeon\u00ae D1577 (16 x 1.3 \/ 2.1 GHz, 24MB cache, 45 W)<br \/>\n\u2022 Intel\u00ae Xeon\u00ae D1559 (12 x 1.5 \/ 2.1 GHz, 18MB cache, 45 W)<br \/>\n<br \/>\nMemory: 48GB DDR4 2400 MT\/s ECC<\/td>\n<\/tr>\n<tr class=\"row-2\">\n\t<td class=\"column-1\">GPU Module Options<\/td><td class=\"column-2\">\u2022 Intel\u00ae Xeon\u00ae D1577 (16 x 1.3 \/ 2.1 GHz, 24MB cache, 45 W)<br \/>\n\u2022 Intel\u00ae Xeon\u00ae D1559 (12 x 1.5 \/ 2.1 GHz, 18MB cache, 45 W)<br \/>\n<br \/>\nMemory: 48GB DDR4 2400 MT\/s ECC<br \/>\n<br \/>\nGPU Module Options\t<br \/>\n\u2022 NVIDIA\u00ae Quadro\u00ae P5000 \u2013 (Pascal, 2048 CUDA Cores, 100W)<br \/>\n\u2022 NVIDIA\u00ae Quadro\u00ae P3000 \u2013 (Pascal, 1280 CUDA Cores, 75W)<br \/>\n\u2022 NVIDIA\u00ae Tesla\u00ae P6 \u2013 (Pascal, 2048 CUDA Cores, 90W, ECC)<\/td>\n<\/tr>\n<tr class=\"row-3\">\n\t<td class=\"column-1\">COM Express Compatibility<\/td><td class=\"column-2\">COM Express\u00ae Type 7 (PICMG COM Express\u00ae COM.0 R3.0)<\/td>\n<\/tr>\n<tr class=\"row-4\">\n\t<td class=\"column-1\">MXM Module Compatibility<\/td><td class=\"column-2\">MXM Specification 3.1 Type-B and Type-A Form Factors<\/td>\n<\/tr>\n<tr class=\"row-5\">\n\t<td class=\"column-1\">1 Gigabit Ethernet<\/td><td class=\"column-2\">4x 1000BASE-T GbE Ports (RJ-45)<\/td>\n<\/tr>\n<tr class=\"row-6\">\n\t<td class=\"column-1\">10 Gigabit Ethernet\t<\/td><td class=\"column-2\">2x 10GBASE-SR\/LR From Dual Inphi CS4223E (Quad SFP+)<br \/>\nFuture path to 4x 10GBASE-SR\/LR From Dual Inphi CS4223E (Quad SFP+)<\/td>\n<\/tr>\n<tr class=\"row-7\">\n\t<td class=\"column-1\">Display<\/td><td class=\"column-2\">4x HDMI Type-A<\/td>\n<\/tr>\n<tr class=\"row-8\">\n\t<td class=\"column-1\">Storage<\/td><td class=\"column-2\">2x M.2 M-KEY 2280 NvME, 2x SATA (7-pin Standard)<\/td>\n<\/tr>\n<tr class=\"row-9\">\n\t<td class=\"column-1\">USB<\/td><td class=\"column-2\">4x USB 2.0 Ports (20-pin T1M header), 4x USB 3.0 Ports (Type-A)<\/td>\n<\/tr>\n<tr class=\"row-10\">\n\t<td class=\"column-1\">Expansion<\/td><td class=\"column-2\">2x M.2 2280 Slots (PCIe x4 Gen3), 2x mini PCIe Slot (USB + PCIe)<\/td>\n<\/tr>\n<tr class=\"row-11\">\n\t<td class=\"column-1\">Serial<\/td><td class=\"column-2\">CPU Console via FTDI USB UART (USB Micro B)<\/td>\n<\/tr>\n<tr class=\"row-12\">\n\t<td class=\"column-1\">GPIO<\/td><td class=\"column-2\">4 inputs (3.3V\/5V selectable)<br \/>\n4 outputs (3.3V\/5V selectable)<br \/>\n(20-pin T1M header)<\/td>\n<\/tr>\n<tr class=\"row-13\">\n\t<td class=\"column-1\">Misc \/ System IO<\/td><td class=\"column-2\">1 x I2C, 1 x SMBus, Power Control Signals S3, S5<br \/>\nReset\/Power Button, Hard Drive \/ Power Status LEDs<br \/>\n5V output, 12V output, GND, BATLOW (20-pin T1M header)<\/td>\n<\/tr>\n<tr class=\"row-14\">\n\t<td class=\"column-1\">Power Requirements<\/td><td class=\"column-2\">+12 DC Input Only<\/td>\n<\/tr>\n<tr class=\"row-15\">\n\t<td class=\"column-1\">Fans<\/td><td class=\"column-2\">4x FAN Connections<\/td>\n<\/tr>\n<tr class=\"row-16\">\n\t<td class=\"column-1\">Dimensions<\/td><td class=\"column-2\">216mm x 164mm (8.500\u2033 x 6.450\u2033)<\/td>\n<\/tr>\n<\/tbody>\n<\/table>\n<!-- #tablepress-413 from cache -->\n","protected":false},"excerpt":{"rendered":"<p>Connect Tech oferuje lini\u0119 rozwi\u0105za\u0144 COM Express\u00ae Carrier Board dla standard\u00f3w COM Express\u00ae Type 7, Type 6, Type 10 i Type 2. Od stos\u00f3w no\u015bnik\u00f3w, p\u0142yt mini przewo\u017anik\u00f3w po no\u015bniki PMC \/ XMC i wytrzyma\u0142e no\u015bniki &#8211; znajdziesz odpowiedni\u0105 p\u0142yt\u0119 no\u015bn\u0105 dla swojego projektu. Ponadto Connect Tech zawiera wbudowany system GPU COM Express\u00ae +, kt\u00f3ry \u0142\u0105czy procesory x86 najnowszej generacji z wysokiej klasy procesorami graficznymi, a wszystko to w wytrzyma\u0142ej, wbudowanej ma\u0142ej obudowie.<\/p>\n","protected":false},"featured_media":10065,"template":"","meta":{"_acf_changed":false,"inline_featured_image":false,"_monsterinsights_skip_tracking":false,"_monsterinsights_sitenote_active":false,"_monsterinsights_sitenote_note":"","_monsterinsights_sitenote_category":0},"product_brand":[],"product_cat":[1473,1472,1584,1474],"product_tag":[],"class_list":{"0":"post-9834","1":"product","2":"type-product","3":"status-publish","4":"has-post-thumbnail","6":"product_cat-com-express-connect-tech-inc","7":"product_cat-connect-tech-inc","8":"product_cat-komputery-jednoplytkowe-sbc-2","9":"product_cat-type-7","11":"first","12":"instock","13":"shipping-taxable","14":"product-type-simple"},"acf":[],"_links":{"self":[{"href":"https:\/\/quantum.com.pl\/pl\/wp-json\/wp\/v2\/product\/9834","targetHints":{"allow":["GET"]}}],"collection":[{"href":"https:\/\/quantum.com.pl\/pl\/wp-json\/wp\/v2\/product"}],"about":[{"href":"https:\/\/quantum.com.pl\/pl\/wp-json\/wp\/v2\/types\/product"}],"wp:featuredmedia":[{"embeddable":true,"href":"https:\/\/quantum.com.pl\/pl\/wp-json\/wp\/v2\/media\/10065"}],"wp:attachment":[{"href":"https:\/\/quantum.com.pl\/pl\/wp-json\/wp\/v2\/media?parent=9834"}],"wp:term":[{"taxonomy":"product_brand","embeddable":true,"href":"https:\/\/quantum.com.pl\/pl\/wp-json\/wp\/v2\/product_brand?post=9834"},{"taxonomy":"product_cat","embeddable":true,"href":"https:\/\/quantum.com.pl\/pl\/wp-json\/wp\/v2\/product_cat?post=9834"},{"taxonomy":"product_tag","embeddable":true,"href":"https:\/\/quantum.com.pl\/pl\/wp-json\/wp\/v2\/product_tag?post=9834"}],"curies":[{"name":"wp","href":"https:\/\/api.w.org\/{rel}","templated":true}]}}