{"id":9835,"date":"2020-04-20T22:44:41","date_gmt":"2020-04-20T20:44:41","guid":{"rendered":"https:\/\/quantum.com.pl\/product\/import-placeholder-for-8184\/"},"modified":"2020-12-08T21:58:52","modified_gmt":"2020-12-08T20:58:52","slug":"com-express-type-7-carrier-board","status":"publish","type":"product","link":"https:\/\/quantum.com.pl\/pl\/product\/com-express-type-7-carrier-board\/","title":{"rendered":"COM Express\u00ae Type 7 Carrier Board"},"content":{"rendered":"<h3>Najwa\u017cniejsze cechy<\/h3>\n<ul>\n<li>Obs\u0142uga modu\u0142u COM Express\u00ae Type 7<\/li>\n<li>Podw\u00f3jny 10-Gigabit Ethernet<\/li>\n<li>Ultra High Speed Storage z obs\u0142ug\u0105 M.2 NVMe SSD<\/li>\n<li>Niezwykle ma\u0142y kszta\u0142t: 125 x 95 mm<\/li>\n<li>Rozszerzony zakres temperatur od -40 \u00b0 C do + 85 \u00b0 C<\/li>\n<\/ul>\n<p>&nbsp;<\/p>\n<h3 data-fontsize=\"18\" data-lineheight=\"27\">Wi\u0119cej informacji<\/h3>\n<p>P\u0142yta no\u015bna COM Express\u00ae Type 7 firmy Connect Tech jest oparta na specyfikacji PICMG COM Express\u00ae COM.0 R3.0. Obejmuje on podw\u00f3jny 10-gigabitowy Ethernet z modu\u0142\u00f3w SFP +, 2x porty GbE, pami\u0119\u0107 masow\u0105 M.2 NVMe, 4x USB 3.0, pe\u0142ne i po\u0142\u00f3wkowe gniazda rozszerze\u0144 Mini PCIe, buforowane GPIO 8x 3.3V oraz po\u0142\u0105czenie z konsol\u0105 przez Micro USB.<\/p>\n<p>P\u0142ytka no\u015bna jest idealna do wysokowydajnych aplikacji na poziomie korporacyjnym, kt\u00f3re potrzebuj\u0105 niewielkiego, wytrzyma\u0142ego rozwi\u0105zania zapewniaj\u0105cego dost\u0119p do wysokiej klasy procesor\u00f3w klasy Xeon D.<\/p>\n<p>&nbsp;<\/p>\n<h3>Specyfikacja<\/h3>\n\n<table id=\"tablepress-414\" class=\"tablepress tablepress-id-414\">\n<tbody class=\"row-striping row-hover\">\n<tr class=\"row-1\">\n\t<td class=\"column-1\">Compatibility<\/td><td class=\"column-2\">COM Express Type 7 Module (PICMG COM Express\u00ae COM.0 R3.0), Support for current and next-gen Xeon-D (Broadwell DE) processor modules<\/td>\n<\/tr>\n<tr class=\"row-2\">\n\t<td class=\"column-1\">Ethernet<\/td><td class=\"column-2\">2 x 10GbE (via SFP+ cages), 2x Gigabit Ethernet (10\/100\/1000) RJ-45s<\/td>\n<\/tr>\n<tr class=\"row-3\">\n\t<td class=\"column-1\">Storage<\/td><td class=\"column-2\">1 x M.2 2280 M-Key Slot (Dual function PCIe + SATA)<br \/>\n\u2013 NVMe (PCIe x4 Gen3) Capable<br \/>\n\u2013 SATA III (6Gbps) Capable<br \/>\n1 x Standard SATA Port (7-Pin)<\/td>\n<\/tr>\n<tr class=\"row-4\">\n\t<td class=\"column-1\">USB<\/td><td class=\"column-2\">4x USB 3.0<\/td>\n<\/tr>\n<tr class=\"row-5\">\n\t<td class=\"column-1\">Expansion<\/td><td class=\"column-2\">1x mini PCIe slot full size (USB + PCIe), 1x mini PCIe slot half size (USB + PCIe)<\/td>\n<\/tr>\n<tr class=\"row-6\">\n\t<td class=\"column-1\">Serial<\/td><td class=\"column-2\">1x CPU Console UART (via Micro USB), 1x General Purpose UART (via 2mm header)<\/td>\n<\/tr>\n<tr class=\"row-7\">\n\t<td class=\"column-1\">GPIO<\/td><td class=\"column-2\">8x 3.3V buffered GPIO<\/td>\n<\/tr>\n<tr class=\"row-8\">\n\t<td class=\"column-1\">Power Requirements<\/td><td class=\"column-2\">+12V Input<\/td>\n<\/tr>\n<tr class=\"row-9\">\n\t<td class=\"column-1\">Display Output<\/td><td class=\"column-2\">None (Headless System)<br \/>\nInitial Setup\/Debug can be achieved via MiniPCIe graphics module<\/td>\n<\/tr>\n<tr class=\"row-10\">\n\t<td class=\"column-1\">Misc<\/td><td class=\"column-2\">Power Button, Reset Button, Sys Ctr<\/td>\n<\/tr>\n<tr class=\"row-11\">\n\t<td class=\"column-1\">Dimensions<\/td><td class=\"column-2\">125mm x 95mm<\/td>\n<\/tr>\n<tr class=\"row-12\">\n\t<td class=\"column-1\">Weight<\/td><td class=\"column-2\">124g (0.27lbs)<\/td>\n<\/tr>\n<tr class=\"row-13\">\n\t<td class=\"column-1\">Operating Temperature<\/td><td class=\"column-2\">-40\u00b0C to +85\u00b0C (-40\u00b0F to +185\u00b0F)<\/td>\n<\/tr>\n<\/tbody>\n<\/table>\n<!-- #tablepress-414 from cache -->\n","protected":false},"excerpt":{"rendered":"<p>Connect Tech oferuje lini\u0119 rozwi\u0105za\u0144 COM Express\u00ae Carrier Board dla standard\u00f3w COM Express\u00ae Type 7, Type 6, Type 10 i Type 2. Od stos\u00f3w no\u015bnik\u00f3w, p\u0142yt mini przewo\u017anik\u00f3w po no\u015bniki PMC \/ XMC i wytrzyma\u0142e no\u015bniki \u2013 znajdziesz odpowiedni\u0105 p\u0142yt\u0119 no\u015bn\u0105 dla swojego projektu. Ponadto Connect Tech zawiera wbudowany system GPU COM Express\u00ae +, kt\u00f3ry \u0142\u0105czy procesory x86 najnowszej generacji z wysokiej klasy procesorami graficznymi, a wszystko to w wytrzyma\u0142ej, wbudowanej ma\u0142ej obudowie.<\/p>\n","protected":false},"featured_media":10063,"template":"","meta":{"_acf_changed":false,"inline_featured_image":false,"_monsterinsights_skip_tracking":false,"_monsterinsights_sitenote_active":false,"_monsterinsights_sitenote_note":"","_monsterinsights_sitenote_category":0},"product_brand":[],"product_cat":[1473,1472,1584,1474],"product_tag":[],"class_list":{"0":"post-9835","1":"product","2":"type-product","3":"status-publish","4":"has-post-thumbnail","6":"product_cat-com-express-connect-tech-inc","7":"product_cat-connect-tech-inc","8":"product_cat-komputery-jednoplytkowe-sbc-2","9":"product_cat-type-7","11":"first","12":"instock","13":"shipping-taxable","14":"product-type-simple"},"acf":[],"_links":{"self":[{"href":"https:\/\/quantum.com.pl\/pl\/wp-json\/wp\/v2\/product\/9835","targetHints":{"allow":["GET"]}}],"collection":[{"href":"https:\/\/quantum.com.pl\/pl\/wp-json\/wp\/v2\/product"}],"about":[{"href":"https:\/\/quantum.com.pl\/pl\/wp-json\/wp\/v2\/types\/product"}],"wp:featuredmedia":[{"embeddable":true,"href":"https:\/\/quantum.com.pl\/pl\/wp-json\/wp\/v2\/media\/10063"}],"wp:attachment":[{"href":"https:\/\/quantum.com.pl\/pl\/wp-json\/wp\/v2\/media?parent=9835"}],"wp:term":[{"taxonomy":"product_brand","embeddable":true,"href":"https:\/\/quantum.com.pl\/pl\/wp-json\/wp\/v2\/product_brand?post=9835"},{"taxonomy":"product_cat","embeddable":true,"href":"https:\/\/quantum.com.pl\/pl\/wp-json\/wp\/v2\/product_cat?post=9835"},{"taxonomy":"product_tag","embeddable":true,"href":"https:\/\/quantum.com.pl\/pl\/wp-json\/wp\/v2\/product_tag?post=9835"}],"curies":[{"name":"wp","href":"https:\/\/api.w.org\/{rel}","templated":true}]}}