{"id":9836,"date":"2020-04-20T22:44:41","date_gmt":"2020-04-20T20:44:41","guid":{"rendered":"https:\/\/quantum.com.pl\/product\/import-placeholder-for-8192\/"},"modified":"2020-12-08T21:24:18","modified_gmt":"2020-12-08T20:24:18","slug":"com-express-type-6-stacking-carrier","status":"publish","type":"product","link":"https:\/\/quantum.com.pl\/pl\/product\/com-express-type-6-stacking-carrier\/","title":{"rendered":"COM Express\u00ae Type 6 Stacking Carrier"},"content":{"rendered":"<h3>Najwa\u017cniejsze cechy<\/h3>\n<ul>\n<li>125 mm x 95 mm (4,92 \u00d7 3,74 \u2033)<\/li>\n<li>3x modu\u0142y Mini PCIe<\/li>\n<li>4x porty GbE z wbudowanym uk\u0142adem magnetycznym<\/li>\n<li>Dost\u0119p do projektu magistrali PCI Express x16<\/li>\n<li>U\u017cywaj z gotowymi lub niestandardowymi p\u0142ytami breakout<\/li>\n<li>Rozszerzony zakres temperatur od -40 \u00b0 C do + 85 \u00b0 C<\/li>\n<\/ul>\n<p>&nbsp;<\/p>\n<h3 data-fontsize=\"18\" data-lineheight=\"27\">Wi\u0119cej informacji<\/h3>\n<p>No\u015bnik <strong>COM Express\u00ae Type 6<\/strong> firmy Connect Tech, model CCG060, ca\u0142kowicie zmienia proces projektowania! CCG060 zapewnia z\u0142\u0105cza od p\u0142yty do p\u0142yty o wysokiej g\u0119sto\u015bci do u\u017cytku z gotowymi lub niestandardowymi p\u0142ytkami zabezpieczaj\u0105cymi, co znacznie zmniejsza potrzeb\u0119 okablowania.<\/p>\n<p>Z wszystkimi z\u0142o\u017conymi obwodami ju\u017c na no\u015bniku, takimi jak Gigabit Ethernet, USB 3.0, szeregowy i wy\u015bwietlacz, projektowanie unikalnej p\u0142ytki zabezpieczaj\u0105cej mo\u017ce by\u0107 wykonane przy minimalnym wysi\u0142ku i przy u\u017cyciu us\u0142ug projektowych Connect Tech lub przez u\u017cytkownika.<\/p>\n<p>Mo\u017cna go u\u017cywa\u0107 z p\u00f3\u0142kami typu breakout lub \u0142atwo zaprojektowa\u0107 niestandardow\u0105 p\u0142yt\u0119 typu breakout, aby spe\u0142ni\u0107 Twoje potrzeby. Dost\u0119p do magistrali COM Express PCI Express x16 umo\u017cliwia przesy\u0142anie du\u017cych ilo\u015bci danych lub opcji projektowania bifurkacji. Ponadto na p\u0142ycie rozdzielaj\u0105cej znajduj\u0105 si\u0119 zar\u00f3wno nieu\u017cywane \u0142\u0105cza SATA, jak i \u0142\u0105cza PCIe x1 z zegarami. Wszystko to pozwala na rozbudow\u0119 p\u0142yty breakout w celu spe\u0142nienia twoich potrzeb projektowych.<\/p>\n<p>&nbsp;<\/p>\n<h3>Dane techniczne<\/h3>\n\n<table id=\"tablepress-415\" class=\"tablepress tablepress-id-415\">\n<tbody class=\"row-striping row-hover\">\n<tr class=\"row-1\">\n\t<td class=\"column-1\">Compatibility<\/td><td class=\"column-2\">COM Express\u00ae Type 6, PICMG COM Express COM.0 R2.1<\/td>\n<\/tr>\n<tr class=\"row-2\">\n\t<td class=\"column-1\">Dimensions<\/td><td class=\"column-2\">125mm x 95mm<\/td>\n<\/tr>\n<tr class=\"row-3\">\n\t<td class=\"column-1\">Mini PCIe\/mSATA<\/td><td class=\"column-2\">3x Mini-PCIe\/mSATA Full Size<\/td>\n<\/tr>\n<tr class=\"row-4\">\n\t<td class=\"column-1\">Storage<\/td><td class=\"column-2\">4x SATA<\/td>\n<\/tr>\n<tr class=\"row-5\">\n\t<td class=\"column-1\">Display<\/td><td class=\"column-2\">1x LVDS, 1x VGA, 2x DDI<\/td>\n<\/tr>\n<tr class=\"row-6\">\n\t<td class=\"column-1\">Serial<\/td><td class=\"column-2\">2x RS-232\/485<\/td>\n<\/tr>\n<tr class=\"row-7\">\n\t<td class=\"column-1\">USB<\/td><td class=\"column-2\">3x USB 2.0 (Mini-PCIe), 4x USB 2.0, 4x USB 3.0<\/td>\n<\/tr>\n<tr class=\"row-8\">\n\t<td class=\"column-1\">Ethernet<\/td><td class=\"column-2\">4x Gigabit Ethernet (10\/100\/1000) Links*<\/td>\n<\/tr>\n<tr class=\"row-9\">\n\t<td class=\"column-1\">Audio<\/td><td class=\"column-2\">1x HD Audio Input, 1x HD Audio Output<\/td>\n<\/tr>\n<tr class=\"row-10\">\n\t<td class=\"column-1\">SD Card<\/td><td class=\"column-2\">1x microSD<\/td>\n<\/tr>\n<tr class=\"row-11\">\n\t<td class=\"column-1\">Misc<\/td><td class=\"column-2\">1x FAN Link, 1x SMB Link, I2C<\/td>\n<\/tr>\n<tr class=\"row-12\">\n\t<td class=\"column-1\">Power Requirements<\/td><td class=\"column-2\">+12V Input<\/td>\n<\/tr>\n<tr class=\"row-13\">\n\t<td class=\"column-1\">Operating Temperature<\/td><td class=\"column-2\">-40\u00b0C to +85\u00b0C (-40\u00b0F to +185\u00b0F)<\/td>\n<\/tr>\n<\/tbody>\n<\/table>\n<!-- #tablepress-415 from cache -->\n","protected":false},"excerpt":{"rendered":"<p>Connect Tech oferuje lini\u0119 rozwi\u0105za\u0144 COM Express\u00ae Carrier Board dla standard\u00f3w COM Express\u00ae Type 7, Type 6, Type 10 i Type 2. Od stos\u00f3w no\u015bnik\u00f3w, p\u0142yt mini przewo\u017anik\u00f3w po no\u015bniki PMC \/ XMC i wytrzyma\u0142e no\u015bniki \u2013 znajdziesz odpowiedni\u0105 p\u0142yt\u0119 no\u015bn\u0105 dla swojego projektu. Ponadto Connect Tech zawiera wbudowany system GPU COM Express\u00ae +, kt\u00f3ry \u0142\u0105czy procesory x86 najnowszej generacji z wysokiej klasy procesorami graficznymi, a wszystko to w wytrzyma\u0142ej, wbudowanej ma\u0142ej obudowie.<\/p>\n","protected":false},"featured_media":10083,"template":"","meta":{"_acf_changed":false,"inline_featured_image":false,"_monsterinsights_skip_tracking":false,"_monsterinsights_sitenote_active":false,"_monsterinsights_sitenote_note":"","_monsterinsights_sitenote_category":0},"product_brand":[],"product_cat":[1473,1472,1584,1475],"product_tag":[],"class_list":{"0":"post-9836","1":"product","2":"type-product","3":"status-publish","4":"has-post-thumbnail","6":"product_cat-com-express-connect-tech-inc","7":"product_cat-connect-tech-inc","8":"product_cat-komputery-jednoplytkowe-sbc-2","9":"product_cat-type-6","11":"first","12":"instock","13":"shipping-taxable","14":"product-type-simple"},"acf":[],"_links":{"self":[{"href":"https:\/\/quantum.com.pl\/pl\/wp-json\/wp\/v2\/product\/9836","targetHints":{"allow":["GET"]}}],"collection":[{"href":"https:\/\/quantum.com.pl\/pl\/wp-json\/wp\/v2\/product"}],"about":[{"href":"https:\/\/quantum.com.pl\/pl\/wp-json\/wp\/v2\/types\/product"}],"wp:featuredmedia":[{"embeddable":true,"href":"https:\/\/quantum.com.pl\/pl\/wp-json\/wp\/v2\/media\/10083"}],"wp:attachment":[{"href":"https:\/\/quantum.com.pl\/pl\/wp-json\/wp\/v2\/media?parent=9836"}],"wp:term":[{"taxonomy":"product_brand","embeddable":true,"href":"https:\/\/quantum.com.pl\/pl\/wp-json\/wp\/v2\/product_brand?post=9836"},{"taxonomy":"product_cat","embeddable":true,"href":"https:\/\/quantum.com.pl\/pl\/wp-json\/wp\/v2\/product_cat?post=9836"},{"taxonomy":"product_tag","embeddable":true,"href":"https:\/\/quantum.com.pl\/pl\/wp-json\/wp\/v2\/product_tag?post=9836"}],"curies":[{"name":"wp","href":"https:\/\/api.w.org\/{rel}","templated":true}]}}