{"id":9837,"date":"2020-04-20T22:44:41","date_gmt":"2020-04-20T20:44:41","guid":{"rendered":"https:\/\/quantum.com.pl\/product\/import-placeholder-for-8199\/"},"modified":"2020-12-04T17:57:40","modified_gmt":"2020-12-04T16:57:40","slug":"com-express-gpu-embedded-system","status":"publish","type":"product","link":"https:\/\/quantum.com.pl\/pl\/product\/com-express-gpu-embedded-system\/","title":{"rendered":"COM Express\u00ae + GPU Embedded System"},"content":{"rendered":"<h3>Najwa\u017cniejsze cechy<\/h3>\n<ul>\n<li>\u0141\u0105czy wysokiej klasy procesory graficzne z najnowsz\u0105 generacj\u0105 procesor\u00f3w x86 w wytrzyma\u0142ej ma\u0142ej obudowie<\/li>\n<li>Procesory graficzne mog\u0105 by\u0107 ukierunkowane na 4 niezale\u017cne wyj\u015bcia wy\u015bwietlania LUB na bezg\u0142owy system przetwarzania GPU wykorzystuj\u0105cy rdzenie CUDA\u00ae<\/li>\n<li>System wykorzystuje podej\u015bcie blokowe, miksuje i dopasowuje procesory z procesorami graficznymi NVIDIA\u00ae Quadro\u00ae, Tesla\u00ae lub GeForce &#x2122;<\/li>\n<li>Wybierz jeden z 2 modeli produkt\u00f3w:\n<ul>\n<li>Numery cz\u0119\u015bci VXG zawieraj\u0105 pasywne rozpraszacze ciep\u0142a, kt\u00f3re nale\u017cy zainstalowa\u0107 w zaprojektowanym przez klienta rozwi\u0105zaniu ko\u0144cowym<\/li>\n<li>Numery cz\u0119\u015bci DXG maj\u0105 rozwi\u0105zanie aktywnego ch\u0142odzenia ze zintegrowan\u0105 ram\u0105 pomocnicz\u0105.<\/li>\n<\/ul>\n<\/li>\n<\/ul>\n<p>&nbsp;<\/p>\n<h3 data-fontsize=\"18\" data-lineheight=\"27\">Wi\u0119cej informacji<\/h3>\n<p><strong>Wbudowany system COM Express\u00ae + GPU<\/strong> firmy Connect Tech \u0142\u0105czy procesory Intel\u00ae Skylake i Kaby Lake x86 z wysokiej klasy procesorami graficznymi NVIDIA\u00ae Quadro\u00ae, Tesla\u00ae i GeForce &#x2122; (GPU) w wytrzyma\u0142ym, wbudowanym ma\u0142ym komputerze . Wybieraj spo\u015br\u00f3d modeli najwy\u017cszej klasy, o najwy\u017cszej wydajno\u015bci lub modeli o niskiej temperaturze zasilania o podwy\u017cszonej temperaturze, kt\u00f3re idealnie nadaj\u0105 si\u0119 do wysokiej klasy aplikacji do kodowania \/ dekodowania wideo lub aplikacji do przetwarzania GPUDPU CUDA\u00ae.<\/p>\n<p>Ten wbudowany system udost\u0119pnia wszystkie po\u0142\u0105czenia najnowszej generacji, w tym: Gigabit Ethernet, USB 3.0 i 2.0, DisplayPort ++, VGA, LVDS, SATA III, GPIO, I2C, mSATA, miniPCIe, PCIe \/ 104 i rozszerzenie karty SD. Ten wbudowany system wykorzystuje wszystkie wzmocnione, zatrzaskowe z\u0142\u0105cza zatrzaskowe.<\/p>\n<p>Numery cz\u0119\u015bci VXG zawieraj\u0105 pasywne rozpraszacze ciep\u0142a, kt\u00f3re nale\u017cy zainstalowa\u0107 w zaprojektowanym przez klienta rozwi\u0105zaniu ko\u0144cowym. Numery cz\u0119\u015bci DXG maj\u0105 rozwi\u0105zanie aktywnego ch\u0142odzenia ze zintegrowan\u0105 ram\u0105 pomocnicz\u0105.<\/p>\n<p>&nbsp;<\/p>\n<h3>Dane techniczne<\/h3>\n\n<table id=\"tablepress-416\" class=\"tablepress tablepress-id-416\">\n<tbody class=\"row-striping row-hover\">\n<tr class=\"row-1\">\n\t<td class=\"column-1\">COM Express CPU Module Options<\/td><td class=\"column-2\">\u2022 Intel\u00ae Xeon\u00ae E3-1505M V6 (\u201cKaby Lake\u201d 7th Gen, 4 x 3.0 \/ 4.0 GHz, 8MB cache, 45 W)<br \/>\n\u2022 Intel\u00ae Xeon\u00ae E3-1505L V6 (\u201cKaby Lake\u201d 7th Gen, 4 x 2.2 \/ 3.0 GHz, 8MB cache, 25 W)<br \/>\n\u2022 Intel\u00ae Xeon\u00ae E3-1515M V5 (\u201cSkylake\u201d 6th Gen, 4 x 2.8 \/ 3.7 GHz, 8MB cache, 35 W)<br \/>\n\u2022 Intel\u00ae Xeon\u00ae E3-1505L V5 (\u201cSkylake\u201d 6th Gen, 4 x 2.0 \/ 2.8 GHz, 8MB cache, 25 W) * Ext Temp<\/td>\n<\/tr>\n<tr class=\"row-2\">\n\t<td class=\"column-1\">GPU Module Options\t<\/td><td class=\"column-2\">\u2022 NVIDIA\u00ae Quadro\u00ae P5000 (Pascal, 2048 CUDA Cores, 100W)<br \/>\n\u2022 NVIDIA\u00ae Quadro\u00ae P3000 (Pascal, 1280 CUDA Cores, 75W)<br \/>\n\u2022 NVIDIA\u00ae Quadro\u00ae M5000 SE (Maxwell, 2048 CUDA Cores, 150W)<br \/>\n\u2022 NVIDIA\u00ae Quadro\u00ae M3000 SE (Maxwell, 1024 CUDA Cores, 75W)<br \/>\n\u2022 NVIDIA\u00ae Tesla\u00ae M6 (Pascal, 1536 CUDA Cores, 100W)<br \/>\n\u2022 NVIDIA\u00ae GeForce\u2122 GTX 1080 (Pascal, 2560 CUDA Cores, 150W)<br \/>\n\u2022 NVIDIA\u00ae GeForce\u2122 GTX 1050Ti (Pascal, 768 CUDA Cores, 75W)<\/td>\n<\/tr>\n<tr class=\"row-3\">\n\t<td class=\"column-1\">Compatibility<\/td><td class=\"column-2\">COM Express\u00ae Type 6 (PICMG COM Express\u00ae COM.0 R2.1)<\/td>\n<\/tr>\n<tr class=\"row-4\">\n\t<td class=\"column-1\">Mini PCIe\/mSATA<\/td><td class=\"column-2\">2 slots (with PCIe, USB and SATA connections)<\/td>\n<\/tr>\n<tr class=\"row-5\">\n\t<td class=\"column-1\">Expansion<\/td><td class=\"column-2\">2 x SATA III (on PCIe\/104 Type-2 Pins), 4 x PCIe x1 lanes<\/td>\n<\/tr>\n<tr class=\"row-6\">\n\t<td class=\"column-1\">DisplayPort\/ HDMI\/DVI\t<\/td><td class=\"column-2\">(On-board Circuitry enables DisplayPort or HDMI or DVI), 2 outputs from COM Express\u00ae, 4 outputs from GPU, 6 total<\/td>\n<\/tr>\n<tr class=\"row-7\">\n\t<td class=\"column-1\">VGA Video<\/td><td class=\"column-2\">1 Analog CRT VGA Port<\/td>\n<\/tr>\n<tr class=\"row-8\">\n\t<td class=\"column-1\">LVDS Video<\/td><td class=\"column-2\">18-24-bit LVDS<\/td>\n<\/tr>\n<tr class=\"row-9\">\n\t<td class=\"column-1\">Ethernet<\/td><td class=\"column-2\">2x Gigabit (10\/100\/1000) Ports<\/td>\n<\/tr>\n<tr class=\"row-10\">\n\t<td class=\"column-1\">USB<\/td><td class=\"column-2\">4x USB 3.0, 6x USB 2.0<\/td>\n<\/tr>\n<tr class=\"row-11\">\n\t<td class=\"column-1\">Audio<\/td><td class=\"column-2\">1x stereo input, 1x stereo output<\/td>\n<\/tr>\n<tr class=\"row-12\">\n\t<td class=\"column-1\">Serial<\/td><td class=\"column-2\">2x RS-485, 3x RS-232<\/td>\n<\/tr>\n<tr class=\"row-13\">\n\t<td class=\"column-1\">GPIO<\/td><td class=\"column-2\">8-bits (Buffered 4in\/4out, +3.3V or +5V selectable)<\/td>\n<\/tr>\n<tr class=\"row-14\">\n\t<td class=\"column-1\">Ext SATA<\/td><td class=\"column-2\">2 external SATA connectors (capable of SATA III)<\/td>\n<\/tr>\n<tr class=\"row-15\">\n\t<td class=\"column-1\">mSATA<\/td><td class=\"column-2\">2 mSATA slots (capable of SATA III)<\/td>\n<\/tr>\n<tr class=\"row-16\">\n\t<td class=\"column-1\">SD Card<\/td><td class=\"column-2\">1 microSD Card slot (from USB Host controller, with bootable option)<\/td>\n<\/tr>\n<tr class=\"row-17\">\n\t<td class=\"column-1\">System Interfaces<\/td><td class=\"column-2\">I2C, Reset Output, S3 Power Level Output, SMBus<\/td>\n<\/tr>\n<tr class=\"row-18\">\n\t<td class=\"column-1\">I\/O Connector Type<\/td><td class=\"column-2\">Rugged Locking Positive Latching 2mm Pitch Connectors<\/td>\n<\/tr>\n<tr class=\"row-19\">\n\t<td class=\"column-1\">Power Requirements<\/td><td class=\"column-2\">Single wide input range +16V to +48V DC**<br \/>\n** +12V DC input supported in some applications<\/td>\n<\/tr>\n<tr class=\"row-20\">\n\t<td class=\"column-1\">Power Consumption<\/td><td class=\"column-2\">Varies per VXG\/DXG SKU with different CPU and GPU models<\/td>\n<\/tr>\n<tr class=\"row-21\">\n\t<td class=\"column-1\">Dimensions<\/td><td class=\"column-2\">See online 3D Models<\/td>\n<\/tr>\n<tr class=\"row-22\">\n\t<td class=\"column-1\">Weight<\/td><td class=\"column-2\">1455g<\/td>\n<\/tr>\n<tr class=\"row-23\">\n\t<td class=\"column-1\">Operating Temperature<\/td><td class=\"column-2\">-40\u00b0C to +85\u00b0C (-40\u00b0F to +185\u00b0F), 0\u00b0C to +55\u00b0C (+32\u00b0F to +131\u00b0F)<\/td>\n<\/tr>\n<\/tbody>\n<\/table>\n<!-- #tablepress-416 from cache -->\n","protected":false},"excerpt":{"rendered":"<p>Connect Tech oferuje lini\u0119 rozwi\u0105za\u0144 COM Express\u00ae Carrier Board dla standard\u00f3w COM Express\u00ae Type 7, Type 6, Type 10 i Type 2. Od stos\u00f3w no\u015bnik\u00f3w, p\u0142yt mini przewo\u017anik\u00f3w po no\u015bniki PMC \/ XMC i wytrzyma\u0142e no\u015bniki \u2013 znajdziesz odpowiedni\u0105 p\u0142yt\u0119 no\u015bn\u0105 dla swojego projektu. Ponadto Connect Tech zawiera wbudowany system GPU COM Express\u00ae +, kt\u00f3ry \u0142\u0105czy procesory x86 najnowszej generacji z wysokiej klasy procesorami graficznymi, a wszystko to w wytrzyma\u0142ej, wbudowanej ma\u0142ej obudowie.<\/p>\n","protected":false},"featured_media":10085,"template":"","meta":{"_acf_changed":false,"inline_featured_image":false,"_monsterinsights_skip_tracking":false,"_monsterinsights_sitenote_active":false,"_monsterinsights_sitenote_note":"","_monsterinsights_sitenote_category":0},"product_brand":[],"product_cat":[1473,1472,1584,1475],"product_tag":[],"class_list":{"0":"post-9837","1":"product","2":"type-product","3":"status-publish","4":"has-post-thumbnail","6":"product_cat-com-express-connect-tech-inc","7":"product_cat-connect-tech-inc","8":"product_cat-komputery-jednoplytkowe-sbc-2","9":"product_cat-type-6","11":"first","12":"instock","13":"shipping-taxable","14":"product-type-simple"},"acf":[],"_links":{"self":[{"href":"https:\/\/quantum.com.pl\/pl\/wp-json\/wp\/v2\/product\/9837","targetHints":{"allow":["GET"]}}],"collection":[{"href":"https:\/\/quantum.com.pl\/pl\/wp-json\/wp\/v2\/product"}],"about":[{"href":"https:\/\/quantum.com.pl\/pl\/wp-json\/wp\/v2\/types\/product"}],"wp:featuredmedia":[{"embeddable":true,"href":"https:\/\/quantum.com.pl\/pl\/wp-json\/wp\/v2\/media\/10085"}],"wp:attachment":[{"href":"https:\/\/quantum.com.pl\/pl\/wp-json\/wp\/v2\/media?parent=9837"}],"wp:term":[{"taxonomy":"product_brand","embeddable":true,"href":"https:\/\/quantum.com.pl\/pl\/wp-json\/wp\/v2\/product_brand?post=9837"},{"taxonomy":"product_cat","embeddable":true,"href":"https:\/\/quantum.com.pl\/pl\/wp-json\/wp\/v2\/product_cat?post=9837"},{"taxonomy":"product_tag","embeddable":true,"href":"https:\/\/quantum.com.pl\/pl\/wp-json\/wp\/v2\/product_tag?post=9837"}],"curies":[{"name":"wp","href":"https:\/\/api.w.org\/{rel}","templated":true}]}}