{"id":9838,"date":"2020-04-20T22:44:42","date_gmt":"2020-04-20T20:44:42","guid":{"rendered":"https:\/\/quantum.com.pl\/product\/import-placeholder-for-8205\/"},"modified":"2020-12-08T21:21:41","modified_gmt":"2020-12-08T20:21:41","slug":"com-express-type-6-rugged-ultra-lite-carrier-board","status":"publish","type":"product","link":"https:\/\/quantum.com.pl\/pl\/product\/com-express-type-6-rugged-ultra-lite-carrier-board\/","title":{"rendered":"COM Express\u00ae Type 6 Rugged Ultra Lite Carrier Board"},"content":{"rendered":"<h3>Najwa\u017cniejsze cechy<\/h3>\n<ul>\n<li>Wytrzyma\u0142e, blokuj\u0105ce listwy szpilkowe<\/li>\n<li>Kompatybilno\u015b\u0107 z COM Express\u00ae Type 6<\/li>\n<li>Rozszerzenie Mini-PCIe, USB 2.0, DisplayPort ++<\/li>\n<li>Ma\u0142y rozmiar, 95 mm x 125 mm<\/li>\n<li>Obs\u0142uguje najnowsze zestawy procesor\u00f3w Intel\u00ae<\/li>\n<li>Rozszerzony zakres temperatur od -40 \u00b0 C do + 85 \u00b0 C<\/li>\n<\/ul>\n<p>&nbsp;<\/p>\n<h3>Wi\u0119cej Informacji<\/h3>\n<p><strong>Wytrzyma\u0142a p\u0142yta no\u015bna COM Express\u00ae Type 6 Rugged Ultra Lite<\/strong> to kompaktowa p\u0142yta no\u015bna, kt\u00f3ra pasuje do wymiar\u00f3w modu\u0142u COM Express\u00ae Basic i oferuje najwy\u017csz\u0105 trwa\u0142o\u015b\u0107 dzi\u0119ki blokowanym, wytrzyma\u0142ym z\u0142\u0105czom ko\u0142kowym.<\/p>\n<p>Wytrzyma\u0142a p\u0142yta no\u015bna COM Express\u00ae Type 6 Rugged Ultra Lite jest idealna do zastosowa\u0144 o ograniczonej przestrzeni, trudnych \u015brodowiskach, wymagaj\u0105cych warunkach i obs\u0142uguje rozszerzone zakresy temperatur od -40 \u00b0 C do + 85 \u00b0 C.<\/p>\n<p>&nbsp;<\/p>\n<h3>Dane techniczne<\/h3>\n\n<table id=\"tablepress-417\" class=\"tablepress tablepress-id-417\">\n<tbody class=\"row-striping row-hover\">\n<tr class=\"row-1\">\n\t<td class=\"column-1\">Compatibility<\/td><td class=\"column-2\">COM Express\u00ae Type 6, PCIMG COM Express\u00ae COM.0 R2.0<\/td>\n<\/tr>\n<tr class=\"row-2\">\n\t<td class=\"column-1\">Mini PCIe\/mSATA<\/td><td class=\"column-2\">1x SIM Card Expansion, 2 slots (with PCIe, USB and SATA connections)<\/td>\n<\/tr>\n<tr class=\"row-3\">\n\t<td class=\"column-1\">Storage<\/td><td class=\"column-2\">2x External Vertical Locking SATA Connector, 2x mSATA<\/td>\n<\/tr>\n<tr class=\"row-4\">\n\t<td class=\"column-1\">Network<\/td><td class=\"column-2\">2x Gigabit (10\/100\/1000) Ports<\/td>\n<\/tr>\n<tr class=\"row-5\">\n\t<td class=\"column-1\">GPIO<\/td><td class=\"column-2\">8-bit GPIO<\/td>\n<\/tr>\n<tr class=\"row-6\">\n\t<td class=\"column-1\">USB<\/td><td class=\"column-2\">8x USB 2.0<\/td>\n<\/tr>\n<tr class=\"row-7\">\n\t<td class=\"column-1\">Display<\/td><td class=\"column-2\">1 x LVDS interface (single ch 24-bit, dual ch 48-bit), 1x VGA, 2x DDI<\/td>\n<\/tr>\n<tr class=\"row-8\">\n\t<td class=\"column-1\">Audio<\/td><td class=\"column-2\">HD Audio (Cirrus Logic CS4207 codec), 1x stereo input, 1x stereo output<\/td>\n<\/tr>\n<tr class=\"row-9\">\n\t<td class=\"column-1\">Serial<\/td><td class=\"column-2\">1x Console RS -232 port (TX\/RX), 2x RS-232, 2x RS-422\/485<\/td>\n<\/tr>\n<tr class=\"row-10\">\n\t<td class=\"column-1\">Misc<\/td><td class=\"column-2\">Battery Low Indication, I2C, PC speaker Interface, SMBus, System Status (S3 and Reset Outputs)<\/td>\n<\/tr>\n<tr class=\"row-11\">\n\t<td class=\"column-1\">Power Requirements<\/td><td class=\"column-2\">Input: Single +12V input +\/- 5% (5mm pitch terminal connector), On-board RTC Battery 3V 48mAh (with option to select from RTC external battery)<\/td>\n<\/tr>\n<tr class=\"row-12\">\n\t<td class=\"column-1\">I\/O Connector Type<\/td><td class=\"column-2\">All low-profile shrouded locking ruggedized 2mm pitch headers, Can be mated to panel mountable cable set or MIL type connectors<\/td>\n<\/tr>\n<tr class=\"row-13\">\n\t<td class=\"column-1\">Operating Temperature<\/td><td class=\"column-2\">-40\u00b0C to +85\u00b0C (-40\u00b0F to +185\u00b0F)<\/td>\n<\/tr>\n<tr class=\"row-14\">\n\t<td class=\"column-1\">Dimensions<\/td><td class=\"column-2\">125mm x 95mm<\/td>\n<\/tr>\n<\/tbody>\n<\/table>\n<!-- #tablepress-417 from cache -->\n","protected":false},"excerpt":{"rendered":"<p>Connect Tech oferuje lini\u0119 rozwi\u0105za\u0144 COM Express\u00ae Carrier Board dla standard\u00f3w COM Express\u00ae Type 7, Type 6, Type 10 i Type 2. Od stos\u00f3w no\u015bnik\u00f3w, p\u0142yt mini przewo\u017anik\u00f3w po no\u015bniki PMC \/ XMC i wytrzyma\u0142e no\u015bniki \u2013 znajdziesz odpowiedni\u0105 p\u0142yt\u0119 no\u015bn\u0105 dla swojego projektu. Ponadto Connect Tech zawiera wbudowany system GPU COM Express\u00ae +, kt\u00f3ry \u0142\u0105czy procesory x86 najnowszej generacji z wysokiej klasy procesorami graficznymi, a wszystko to w wytrzyma\u0142ej, wbudowanej ma\u0142ej obudowie.<\/p>\n","protected":false},"featured_media":10067,"template":"","meta":{"_acf_changed":false,"inline_featured_image":false,"_monsterinsights_skip_tracking":false,"_monsterinsights_sitenote_active":false,"_monsterinsights_sitenote_note":"","_monsterinsights_sitenote_category":0},"product_brand":[],"product_cat":[1473,1472,1584,1475],"product_tag":[],"class_list":{"0":"post-9838","1":"product","2":"type-product","3":"status-publish","4":"has-post-thumbnail","6":"product_cat-com-express-connect-tech-inc","7":"product_cat-connect-tech-inc","8":"product_cat-komputery-jednoplytkowe-sbc-2","9":"product_cat-type-6","11":"first","12":"instock","13":"shipping-taxable","14":"product-type-simple"},"acf":[],"_links":{"self":[{"href":"https:\/\/quantum.com.pl\/pl\/wp-json\/wp\/v2\/product\/9838","targetHints":{"allow":["GET"]}}],"collection":[{"href":"https:\/\/quantum.com.pl\/pl\/wp-json\/wp\/v2\/product"}],"about":[{"href":"https:\/\/quantum.com.pl\/pl\/wp-json\/wp\/v2\/types\/product"}],"wp:featuredmedia":[{"embeddable":true,"href":"https:\/\/quantum.com.pl\/pl\/wp-json\/wp\/v2\/media\/10067"}],"wp:attachment":[{"href":"https:\/\/quantum.com.pl\/pl\/wp-json\/wp\/v2\/media?parent=9838"}],"wp:term":[{"taxonomy":"product_brand","embeddable":true,"href":"https:\/\/quantum.com.pl\/pl\/wp-json\/wp\/v2\/product_brand?post=9838"},{"taxonomy":"product_cat","embeddable":true,"href":"https:\/\/quantum.com.pl\/pl\/wp-json\/wp\/v2\/product_cat?post=9838"},{"taxonomy":"product_tag","embeddable":true,"href":"https:\/\/quantum.com.pl\/pl\/wp-json\/wp\/v2\/product_tag?post=9838"}],"curies":[{"name":"wp","href":"https:\/\/api.w.org\/{rel}","templated":true}]}}