{"id":9839,"date":"2020-04-20T22:44:42","date_gmt":"2020-04-20T20:44:42","guid":{"rendered":"https:\/\/quantum.com.pl\/product\/import-placeholder-for-8212\/"},"modified":"2020-12-04T18:07:28","modified_gmt":"2020-12-04T17:07:28","slug":"com-express-type-6-104e","status":"publish","type":"product","link":"https:\/\/quantum.com.pl\/pl\/product\/com-express-type-6-104e\/","title":{"rendered":"COM Express\u00ae Type 6 104e"},"content":{"rendered":"<h3>Najwa\u017cniejsze cechy<\/h3>\n<ul>\n<li>4x USB 3.0, 2x GbE, 2x RS-232\/485, LVDS (2 \u00d7 24), VGA<\/li>\n<li>PCIe \/ 104 Type 1 (CCG018) lub PCIe \/ 104 Type 2 (CCG017)<\/li>\n<li>Wbudowane prze\u0142\u0105czanie DisplayPort \/ HDMI \/ DVI<\/li>\n<li>Rozszerzony zakres temperatur od -40 \u00b0 C do + 85 \u00b0 C<\/li>\n<\/ul>\n<p>&nbsp;<\/p>\n<h3>Wi\u0119cej informacji<\/h3>\n<p>COM Express\u00ae Type 6 104e firmy Connect Tech to kompaktowa p\u0142yta no\u015bna, kt\u00f3ra pasuje do wymiar\u00f3w modu\u0142u COM Express\u00ae Basic i oferuje najwy\u017csz\u0105 trwa\u0142o\u015b\u0107 dzi\u0119ki wytrzyma\u0142ym, blokowanym z\u0142\u0105czom wtykowym.<\/p>\n<p>Opr\u00f3cz opcji wy\u015bwietlania wielu film\u00f3w, wbudowanego prze\u0142\u0105czania DisplayPort \/ HDMI \/ DVI, USB 3.0, podw\u00f3jnego GbE i prze\u0142\u0105czanych port\u00f3w Mini-PCIe \/ mSATA, z\u0142\u0105cze PCIe \/ 104 Type 2 pozwala na jeszcze wi\u0119ksz\u0105 rozbudow\u0119. P\u0142yta no\u015bna COM Express\u00ae Type 6 104e jest idealna do zastosowa\u0144 o ograniczonej przestrzeni, trudnych warunkach, wymagaj\u0105cych warunkach i obs\u0142uguje rozszerzone zakresy temperatur od -40 \u00b0 C do + 85 \u00b0 C.<\/p>\n<p>&nbsp;<\/p>\n<h3>Dane techniczne<\/h3>\n\n<table id=\"tablepress-418\" class=\"tablepress tablepress-id-418\">\n<tbody class=\"row-striping row-hover\">\n<tr class=\"row-1\">\n\t<td class=\"column-1\">Dimensions<\/td><td class=\"column-2\">125mm x 95mm<\/td>\n<\/tr>\n<tr class=\"row-2\">\n\t<td class=\"column-1\">Mini PCIe\/mSATA<\/td><td class=\"column-2\">2x Mini-PCIe\/mSATA<\/td>\n<\/tr>\n<tr class=\"row-3\">\n\t<td class=\"column-1\">Storage<\/td><td class=\"column-2\">1x External SATA<\/td>\n<\/tr>\n<tr class=\"row-4\">\n\t<td class=\"column-1\">Display<\/td><td class=\"column-2\">1x LVDS, 1x VGA<\/td>\n<\/tr>\n<tr class=\"row-5\">\n\t<td class=\"column-1\">Serial<\/td><td class=\"column-2\">2x RS-232\/485<\/td>\n<\/tr>\n<tr class=\"row-6\">\n\t<td class=\"column-1\">USB<\/td><td class=\"column-2\">4x USB 3.0<\/td>\n<\/tr>\n<tr class=\"row-7\">\n\t<td class=\"column-1\">Ethernet<\/td><td class=\"column-2\">2x Gigabit (10\/100\/1000) Ports<\/td>\n<\/tr>\n<tr class=\"row-8\">\n\t<td class=\"column-1\">Audio<\/td><td class=\"column-2\">1x HD Audio Input, 1x HD Audio Output<\/td>\n<\/tr>\n<tr class=\"row-9\">\n\t<td class=\"column-1\">Power Requirements<\/td><td class=\"column-2\">+12V Input<\/td>\n<\/tr>\n<tr class=\"row-10\">\n\t<td class=\"column-1\">Operating Temperature<\/td><td class=\"column-2\">-40\u00b0C to +85\u00b0C (-40\u00b0F to +185\u00b0F)<\/td>\n<\/tr>\n<\/tbody>\n<\/table>\n<!-- #tablepress-418 from cache -->\n","protected":false},"excerpt":{"rendered":"<p>Connect Tech oferuje lini\u0119 rozwi\u0105za\u0144 COM Express\u00ae Carrier Board dla standard\u00f3w COM Express\u00ae Type 7, Type 6, Type 10 i Type 2. Od stos\u00f3w no\u015bnik\u00f3w, p\u0142yt mini przewo\u017anik\u00f3w po no\u015bniki PMC \/ XMC i wytrzyma\u0142e no\u015bniki \u2013 znajdziesz odpowiedni\u0105 p\u0142yt\u0119 no\u015bn\u0105 dla swojego projektu. Ponadto Connect Tech zawiera wbudowany system GPU COM Express\u00ae +, kt\u00f3ry \u0142\u0105czy procesory x86 najnowszej generacji z wysokiej klasy procesorami graficznymi, a wszystko to w wytrzyma\u0142ej, wbudowanej ma\u0142ej obudowie.<\/p>\n","protected":false},"featured_media":10069,"template":"","meta":{"_acf_changed":false,"inline_featured_image":false,"_monsterinsights_skip_tracking":false,"_monsterinsights_sitenote_active":false,"_monsterinsights_sitenote_note":"","_monsterinsights_sitenote_category":0},"product_brand":[],"product_cat":[1473,1472,1584,1475],"product_tag":[],"class_list":{"0":"post-9839","1":"product","2":"type-product","3":"status-publish","4":"has-post-thumbnail","6":"product_cat-com-express-connect-tech-inc","7":"product_cat-connect-tech-inc","8":"product_cat-komputery-jednoplytkowe-sbc-2","9":"product_cat-type-6","11":"first","12":"instock","13":"shipping-taxable","14":"product-type-simple"},"acf":[],"_links":{"self":[{"href":"https:\/\/quantum.com.pl\/pl\/wp-json\/wp\/v2\/product\/9839","targetHints":{"allow":["GET"]}}],"collection":[{"href":"https:\/\/quantum.com.pl\/pl\/wp-json\/wp\/v2\/product"}],"about":[{"href":"https:\/\/quantum.com.pl\/pl\/wp-json\/wp\/v2\/types\/product"}],"wp:featuredmedia":[{"embeddable":true,"href":"https:\/\/quantum.com.pl\/pl\/wp-json\/wp\/v2\/media\/10069"}],"wp:attachment":[{"href":"https:\/\/quantum.com.pl\/pl\/wp-json\/wp\/v2\/media?parent=9839"}],"wp:term":[{"taxonomy":"product_brand","embeddable":true,"href":"https:\/\/quantum.com.pl\/pl\/wp-json\/wp\/v2\/product_brand?post=9839"},{"taxonomy":"product_cat","embeddable":true,"href":"https:\/\/quantum.com.pl\/pl\/wp-json\/wp\/v2\/product_cat?post=9839"},{"taxonomy":"product_tag","embeddable":true,"href":"https:\/\/quantum.com.pl\/pl\/wp-json\/wp\/v2\/product_tag?post=9839"}],"curies":[{"name":"wp","href":"https:\/\/api.w.org\/{rel}","templated":true}]}}