{"id":9842,"date":"2020-04-20T22:44:42","date_gmt":"2020-04-20T20:44:42","guid":{"rendered":"https:\/\/quantum.com.pl\/product\/import-placeholder-for-8233\/"},"modified":"2020-12-08T21:18:09","modified_gmt":"2020-12-08T20:18:09","slug":"com-express-type-6-pmc-xmc-ultra-lite-carrier","status":"publish","type":"product","link":"https:\/\/quantum.com.pl\/pl\/product\/com-express-type-6-pmc-xmc-ultra-lite-carrier\/","title":{"rendered":"COM Express\u00ae Type 6 PMC\/XMC Ultra Lite Carrier"},"content":{"rendered":"<h3>Najwa\u017cniejsze cechy<\/h3>\n<ul>\n<li>Wzmocnione, blokuj\u0105ce z\u0142\u0105cza wtykowe<\/li>\n<li>Podw\u00f3jna rozbudowa PMC \/ XMC i Mini-PCIe<\/li>\n<li>Kompatybilno\u015b\u0107 z COM Express\u00ae Type 6<\/li>\n<li>Ma\u0142y rozmiar (170 mm x 165 mm)<\/li>\n<li>Obs\u0142uguje najnowsze zestawy procesor\u00f3w Intel\u00ae<\/li>\n<li>Rozszerzony zakres temperatur od -40\u00baC do + 85\u00baC<\/li>\n<\/ul>\n<p>&nbsp;<\/p>\n<h3>Wi\u0119cej informacji<\/h3>\n<p>P\u0142yta no\u015bna COM Express\u00ae Type 6 PMC \/ XMC Ultra Lite firmy Connect Tech to kompaktowy, bogaty w funkcje no\u015bnik, kt\u00f3ry oferuje podw\u00f3jn\u0105 rozbudow\u0119 PMC \/ XMC i Mini-PCIe. Ta p\u0142yta no\u015bna jest wyposa\u017cona w z\u0142\u0105cze USB 3.0 i DisplayPort i obs\u0142uguje najnowsze zestawy procesor\u00f3w Intel\u00ae.<\/p>\n<p>P\u0142yta no\u015bna COM Express\u00ae Type 6 PMC \/ XMC Ultra Lite jest idealna do zastosowa\u0144 wojskowych i kosmicznych i przyjmuje szeroki zakres napi\u0119cia wej\u015bciowego z regulowanego lub nieregulowanego \u017ar\u00f3d\u0142a od + 12V do + 48V DC.<\/p>\n<p>&nbsp;<\/p>\n<h3>Dane Techniczne<\/h3>\n\n<table id=\"tablepress-421\" class=\"tablepress tablepress-id-421\">\n<tbody class=\"row-striping row-hover\">\n<tr class=\"row-1\">\n\t<td class=\"column-1\">Dimensions<\/td><td class=\"column-2\">170mm x 165mm<\/td>\n<\/tr>\n<tr class=\"row-2\">\n\t<td class=\"column-1\">Compatibility<\/td><td class=\"column-2\">COM Express\u00ae Type 6<\/td>\n<\/tr>\n<tr class=\"row-3\">\n\t<td class=\"column-1\">Connectors<\/td><td class=\"column-2\">Rugged Locking 2mm Pitch Connectors<\/td>\n<\/tr>\n<tr class=\"row-4\">\n\t<td class=\"column-1\">Mini PCIe\/mSATA<\/td><td class=\"column-2\">2 slots (with PCIe, USB and SATA connections)<\/td>\n<\/tr>\n<tr class=\"row-5\">\n\t<td class=\"column-1\">Display<\/td><td class=\"column-2\">1x LVDS, 1x VGA, 2x DDI<\/td>\n<\/tr>\n<tr class=\"row-6\">\n\t<td class=\"column-1\">Network<\/td><td class=\"column-2\">2x Gigabit (10\/100\/1000) Ports<\/td>\n<\/tr>\n<tr class=\"row-7\">\n\t<td class=\"column-1\">USB<\/td><td class=\"column-2\">2x USB 2.0, 4x USB 3.0<\/td>\n<\/tr>\n<tr class=\"row-8\">\n\t<td class=\"column-1\">Audio<\/td><td class=\"column-2\">1x stereo input, 1x stereo output<\/td>\n<\/tr>\n<tr class=\"row-9\">\n\t<td class=\"column-1\">Serial<\/td><td class=\"column-2\">1x RS-232 from COM Express<\/td>\n<\/tr>\n<tr class=\"row-10\">\n\t<td class=\"column-1\">GPIO<\/td><td class=\"column-2\">8-bit GPIO<\/td>\n<\/tr>\n<tr class=\"row-11\">\n\t<td class=\"column-1\">Storage<\/td><td class=\"column-2\">2x External SATA, 2x mSATA, Up to 64GB of industrial grade SSD storage<\/td>\n<\/tr>\n<tr class=\"row-12\">\n\t<td class=\"column-1\">Power Requirements<\/td><td class=\"column-2\">+12V to +48V DC<\/td>\n<\/tr>\n<tr class=\"row-13\">\n\t<td class=\"column-1\">Operating Temperature<\/td><td class=\"column-2\">-40\u00b0C to +85\u00b0C (-40\u00b0F to +185\u00b0F)<\/td>\n<\/tr>\n<\/tbody>\n<\/table>\n<!-- #tablepress-421 from cache -->\n","protected":false},"excerpt":{"rendered":"<p>Connect Tech oferuje lini\u0119 rozwi\u0105za\u0144 COM Express\u00ae Carrier Board dla standard\u00f3w COM Express\u00ae Type 7, Type 6, Type 10 i Type 2. Od stos\u00f3w no\u015bnik\u00f3w, p\u0142yt mini przewo\u017anik\u00f3w po no\u015bniki PMC \/ XMC i wytrzyma\u0142e no\u015bniki \u2013 znajdziesz odpowiedni\u0105 p\u0142yt\u0119 no\u015bn\u0105 dla swojego projektu. Ponadto Connect Tech zawiera wbudowany system GPU COM Express\u00ae +, kt\u00f3ry \u0142\u0105czy procesory x86 najnowszej generacji z wysokiej klasy procesorami graficznymi, a wszystko to w wytrzyma\u0142ej, wbudowanej ma\u0142ej obudowie.<\/p>\n","protected":false},"featured_media":10075,"template":"","meta":{"_acf_changed":false,"inline_featured_image":false,"_monsterinsights_skip_tracking":false,"_monsterinsights_sitenote_active":false,"_monsterinsights_sitenote_note":"","_monsterinsights_sitenote_category":0},"product_brand":[],"product_cat":[1473,1472,1584,1475],"product_tag":[],"class_list":{"0":"post-9842","1":"product","2":"type-product","3":"status-publish","4":"has-post-thumbnail","6":"product_cat-com-express-connect-tech-inc","7":"product_cat-connect-tech-inc","8":"product_cat-komputery-jednoplytkowe-sbc-2","9":"product_cat-type-6","11":"first","12":"instock","13":"shipping-taxable","14":"product-type-simple"},"acf":[],"_links":{"self":[{"href":"https:\/\/quantum.com.pl\/pl\/wp-json\/wp\/v2\/product\/9842","targetHints":{"allow":["GET"]}}],"collection":[{"href":"https:\/\/quantum.com.pl\/pl\/wp-json\/wp\/v2\/product"}],"about":[{"href":"https:\/\/quantum.com.pl\/pl\/wp-json\/wp\/v2\/types\/product"}],"wp:featuredmedia":[{"embeddable":true,"href":"https:\/\/quantum.com.pl\/pl\/wp-json\/wp\/v2\/media\/10075"}],"wp:attachment":[{"href":"https:\/\/quantum.com.pl\/pl\/wp-json\/wp\/v2\/media?parent=9842"}],"wp:term":[{"taxonomy":"product_brand","embeddable":true,"href":"https:\/\/quantum.com.pl\/pl\/wp-json\/wp\/v2\/product_brand?post=9842"},{"taxonomy":"product_cat","embeddable":true,"href":"https:\/\/quantum.com.pl\/pl\/wp-json\/wp\/v2\/product_cat?post=9842"},{"taxonomy":"product_tag","embeddable":true,"href":"https:\/\/quantum.com.pl\/pl\/wp-json\/wp\/v2\/product_tag?post=9842"}],"curies":[{"name":"wp","href":"https:\/\/api.w.org\/{rel}","templated":true}]}}