{"id":9844,"date":"2020-04-20T22:44:42","date_gmt":"2020-04-20T20:44:42","guid":{"rendered":"https:\/\/quantum.com.pl\/product\/import-placeholder-for-8247\/"},"modified":"2020-12-04T18:03:46","modified_gmt":"2020-12-04T17:03:46","slug":"com-express-bus-extender","status":"publish","type":"product","link":"https:\/\/quantum.com.pl\/pl\/product\/com-express-bus-extender\/","title":{"rendered":"COM Express\u00ae Bus Extender"},"content":{"rendered":"<h3>Najwa\u017cniejsze cechy<\/h3>\n<ul>\n<li>Kompatybilny z COM Express\u00ae Type 2 \/ Type 6<\/li>\n<li>Obs\u0142uguje modu\u0142y Compact i Basic COM Express\u00ae<\/li>\n<li>Konstrukcja kontrolowana impedancj\u0105<\/li>\n<li>Z\u0142\u0105cze magistrali: COM Express\u00ae<\/li>\n<li>Wymiary:\n<ul>\n<li>D\u0142ugo\u015b\u0107: 95 mm<\/li>\n<li>Wysoko\u015b\u0107: 125 mm<\/li>\n<\/ul>\n<\/li>\n<li>Temperatura: od -40 \u00b0 C do + 85 \u00b0 C (od -40 \u00b0 F do + 185 \u00b0 F)<\/li>\n<\/ul>\n<p>&nbsp;<\/p>\n<h3>Wi\u0119cej informacji<\/h3>\n<p>Przed\u0142u\u017cacz magistrali COM Express\u00ae firmy Connect Tech zapewnia ulg\u0119 w ma\u0142ych cyklach testowych COM Express\u00ae. Zaprojektowany, aby przed\u0142u\u017cy\u0107 \u017cywotno\u015b\u0107 z\u0142\u0105czy COM Express\u00ae modu\u0142 \/ no\u015bnik, ta kontrolowana impedancj\u0105 konstrukcja pozwala na pe\u0142n\u0105 funkcjonalno\u015b\u0107 systemu COM Express\u00ae typu 2 lub typu 6 bez uszczerbku dla procesu testowania.<\/p>\n<p>Dzi\u0119ki solidnym wspornikom do lutowania, przed\u0142u\u017cacz magistrali COM Express\u00ae mo\u017ce by\u0107 u\u017cywany z modu\u0142ami Compact lub Basic COM Express\u00ae. Zaoszcz\u0119d\u017a swoje drogie modu\u0142y, zu\u017cywaj\u0105c wska\u017anik rozszerzenia COM Express\u00ae Bus Extender firmy Connect Tech.<\/p>\n<p>&nbsp;<\/p>\n<h3>Dane Techniczne<\/h3>\n\n<table id=\"tablepress-423\" class=\"tablepress tablepress-id-423\">\n<tbody class=\"row-striping row-hover\">\n<tr class=\"row-1\">\n\t<td class=\"column-1\">Bus<\/td><td class=\"column-2\">COM Express<\/td>\n<\/tr>\n<tr class=\"row-2\">\n\t<td class=\"column-1\">Dimensions<\/td><td class=\"column-2\">95mm x 125mm<\/td>\n<\/tr>\n<tr class=\"row-3\">\n\t<td class=\"column-1\">Operating Temperature\t<\/td><td class=\"column-2\">-40\u00b0C to +85\u00b0C (-40\u00b0F to +185\u00b0F)<\/td>\n<\/tr>\n<tr class=\"row-4\">\n\t<td class=\"column-1\">Pin Compatibility<\/td><td class=\"column-2\">Type 2\/Type 6 COM Express\u00ae Pinout<\/td>\n<\/tr>\n<tr class=\"row-5\">\n\t<td class=\"column-1\">System Interfaces<\/td><td class=\"column-2\">Compact or Basic COM Express\u00ae<\/td>\n<\/tr>\n<\/tbody>\n<\/table>\n<!-- #tablepress-423 from cache -->\n","protected":false},"excerpt":{"rendered":"<p>Connect Tech oferuje lini\u0119 rozwi\u0105za\u0144 COM Express\u00ae Carrier Board dla standard\u00f3w COM Express\u00ae Type 7, Type 6, Type 10 i Type 2. Od stos\u00f3w no\u015bnik\u00f3w, p\u0142yt mini przewo\u017anik\u00f3w po no\u015bniki PMC \/ XMC i wytrzyma\u0142e no\u015bniki \u2013 znajdziesz odpowiedni\u0105 p\u0142yt\u0119 no\u015bn\u0105 dla swojego projektu. Ponadto Connect Tech zawiera wbudowany system GPU COM Express\u00ae +, kt\u00f3ry \u0142\u0105czy procesory x86 najnowszej generacji z wysokiej klasy procesorami graficznymi, a wszystko to w wytrzyma\u0142ej, wbudowanej ma\u0142ej obudowie.<\/p>\n","protected":false},"featured_media":10079,"template":"","meta":{"_acf_changed":false,"inline_featured_image":false,"_monsterinsights_skip_tracking":false,"_monsterinsights_sitenote_active":false,"_monsterinsights_sitenote_note":"","_monsterinsights_sitenote_category":0},"product_brand":[],"product_cat":[1473,1472,1584,1475],"product_tag":[],"class_list":{"0":"post-9844","1":"product","2":"type-product","3":"status-publish","4":"has-post-thumbnail","6":"product_cat-com-express-connect-tech-inc","7":"product_cat-connect-tech-inc","8":"product_cat-komputery-jednoplytkowe-sbc-2","9":"product_cat-type-6","11":"first","12":"instock","13":"shipping-taxable","14":"product-type-simple"},"acf":[],"_links":{"self":[{"href":"https:\/\/quantum.com.pl\/pl\/wp-json\/wp\/v2\/product\/9844","targetHints":{"allow":["GET"]}}],"collection":[{"href":"https:\/\/quantum.com.pl\/pl\/wp-json\/wp\/v2\/product"}],"about":[{"href":"https:\/\/quantum.com.pl\/pl\/wp-json\/wp\/v2\/types\/product"}],"wp:featuredmedia":[{"embeddable":true,"href":"https:\/\/quantum.com.pl\/pl\/wp-json\/wp\/v2\/media\/10079"}],"wp:attachment":[{"href":"https:\/\/quantum.com.pl\/pl\/wp-json\/wp\/v2\/media?parent=9844"}],"wp:term":[{"taxonomy":"product_brand","embeddable":true,"href":"https:\/\/quantum.com.pl\/pl\/wp-json\/wp\/v2\/product_brand?post=9844"},{"taxonomy":"product_cat","embeddable":true,"href":"https:\/\/quantum.com.pl\/pl\/wp-json\/wp\/v2\/product_cat?post=9844"},{"taxonomy":"product_tag","embeddable":true,"href":"https:\/\/quantum.com.pl\/pl\/wp-json\/wp\/v2\/product_tag?post=9844"}],"curies":[{"name":"wp","href":"https:\/\/api.w.org\/{rel}","templated":true}]}}