{"id":9845,"date":"2020-04-20T22:44:42","date_gmt":"2020-04-20T20:44:42","guid":{"rendered":"https:\/\/quantum.com.pl\/product\/import-placeholder-for-8254\/"},"modified":"2020-12-08T21:36:09","modified_gmt":"2020-12-08T20:36:09","slug":"qseven-to-com-express-adapter","status":"publish","type":"product","link":"https:\/\/quantum.com.pl\/pl\/product\/qseven-to-com-express-adapter\/","title":{"rendered":"Qseven to COM Express\u00ae Adapter"},"content":{"rendered":"<h3>Najwa\u017cniejsze cechy<\/h3>\n<div>\n<ul>\n<li>Interfejsy:\n<ul>\n<li>Linie PCI Express (4 linie)<\/li>\n<li>SATA (2 kana\u0142y)<\/li>\n<li>GBE<\/li>\n<li>USB (8 port\u00f3w)<\/li>\n<li>SDIO<\/li>\n<li>Magistrala LPC<\/li>\n<li>HD Audio<\/li>\n<li>Wideo LVDS<\/li>\n<li>SPI<\/li>\n<li>\u00a0SDVO<\/li>\n<li>I2CSMBus<\/li>\n<\/ul>\n<\/li>\n<li>Kompatybilny ze wszystkimi typami COM Express\u00ae:\n<ul>\n<li>Typ 2, typ 6, typ 1, typ 10, typ 3, typ 4, typ 5<\/li>\n<\/ul>\n<\/li>\n<li>Temperatura pracy: od -40\u00baC do + 85\u00baC (od -40\u00baF do + 185\u00baF)<\/li>\n<li>Podstawowe i kompaktowe formaty COM Express\u00ae\n<ul>\n<li>Kompaktowy: 95 mm x 95 mm<\/li>\n<li>Podstawowy: 95 mm x 125 mm<\/li>\n<\/ul>\n<\/li>\n<\/ul>\n<\/div>\n<p>&nbsp;<\/p>\n<h3>Wi\u0119cej informacji<\/h3>\n<p>Adapter Qseven do COM Express\u00ae firmy Connect Tech pozwala u\u017cytkownikom zainstalowa\u0107 modu\u0142 Qseven na dowolnej p\u0142ycie no\u015bnej COM Express\u00ae.<\/p>\n<p>Adapter Qseven na COM Express\u00ae jest przezroczysty dla systemu i umo\u017cliwia dodanie modu\u0142u Qseven do systemu COM Express\u00ae bez dodatkowej konfiguracji lub oprogramowania. U\u017cytkownicy mog\u0105 w \u0142atwy spos\u00f3b ocenia\u0107 i integrowa\u0107 najnowszej generacji modu\u0142y Qseven o niskiej mocy z niestandardowym no\u015bnikiem COM Express\u00ae.<\/p>\n<p>Adapter Qseven na COM Express\u00ae mo\u017ce by\u0107 u\u017cywany do oceny lub wdro\u017cenia w terenie, i pozwala u\u017cytkownikom na przej\u015bcie do Qseven bez konieczno\u015bci korzystania z COM Express\u00ae Carrier.<\/p>\n<p>&nbsp;<\/p>\n<h3>Dane Techniczne<\/h3>\n\n<table id=\"tablepress-424\" class=\"tablepress tablepress-id-424\">\n<tbody class=\"row-striping row-hover\">\n<tr class=\"row-1\">\n\t<td class=\"column-1\">Compatibility<\/td><td class=\"column-2\">COM Express\u00ae Type 10, COM Express\u00ae Type 6<\/td>\n<\/tr>\n<tr class=\"row-2\">\n\t<td class=\"column-1\">Connectors<\/td><td class=\"column-2\">230 pin MXM connector, COM Express Module Connectors, Double Row (440 pin), Single (220 pin)<\/td>\n<\/tr>\n<tr class=\"row-3\">\n\t<td class=\"column-1\">Dimensions<\/td><td class=\"column-2\">125mm x 95mm, 95mm x 95mm (3.74\u2033 x 3.74\u2033)<\/td>\n<\/tr>\n<tr class=\"row-4\">\n\t<td class=\"column-1\">Power Requirements<\/td><td class=\"column-2\">+12V Input<\/td>\n<\/tr>\n<tr class=\"row-5\">\n\t<td class=\"column-1\">Operating Temperature<\/td><td class=\"column-2\">-40\u00b0C to +85\u00b0C (-40\u00b0F to +185\u00b0F)<\/td>\n<\/tr>\n<\/tbody>\n<\/table>\n<!-- #tablepress-424 from cache -->\n<div class=\"wpb_text_column wpb_content_element \">\n<div class=\"wpb_wrapper\"><\/div>\n<\/div>\n","protected":false},"excerpt":{"rendered":"<p>Connect Tech oferuje lini\u0119 rozwi\u0105za\u0144 COM Express\u00ae Carrier Board dla standard\u00f3w COM Express\u00ae Type 7, Type 6, Type 10 i Type 2. Od stos\u00f3w no\u015bnik\u00f3w, p\u0142yt mini przewo\u017anik\u00f3w po no\u015bniki PMC \/ XMC i wytrzyma\u0142e no\u015bniki \u2013 znajdziesz odpowiedni\u0105 p\u0142yt\u0119 no\u015bn\u0105 dla swojego projektu. Ponadto Connect Tech zawiera wbudowany system GPU COM Express\u00ae +, kt\u00f3ry \u0142\u0105czy procesory x86 najnowszej generacji z wysokiej klasy procesorami graficznymi, a wszystko to w wytrzyma\u0142ej, wbudowanej ma\u0142ej obudowie.<\/p>\n","protected":false},"featured_media":10081,"template":"","meta":{"_acf_changed":false,"inline_featured_image":false,"_monsterinsights_skip_tracking":false,"_monsterinsights_sitenote_active":false,"_monsterinsights_sitenote_note":"","_monsterinsights_sitenote_category":0},"product_brand":[],"product_cat":[1473,1472,1584,1475],"product_tag":[],"class_list":{"0":"post-9845","1":"product","2":"type-product","3":"status-publish","4":"has-post-thumbnail","6":"product_cat-com-express-connect-tech-inc","7":"product_cat-connect-tech-inc","8":"product_cat-komputery-jednoplytkowe-sbc-2","9":"product_cat-type-6","11":"first","12":"instock","13":"shipping-taxable","14":"product-type-simple"},"acf":[],"_links":{"self":[{"href":"https:\/\/quantum.com.pl\/pl\/wp-json\/wp\/v2\/product\/9845","targetHints":{"allow":["GET"]}}],"collection":[{"href":"https:\/\/quantum.com.pl\/pl\/wp-json\/wp\/v2\/product"}],"about":[{"href":"https:\/\/quantum.com.pl\/pl\/wp-json\/wp\/v2\/types\/product"}],"wp:featuredmedia":[{"embeddable":true,"href":"https:\/\/quantum.com.pl\/pl\/wp-json\/wp\/v2\/media\/10081"}],"wp:attachment":[{"href":"https:\/\/quantum.com.pl\/pl\/wp-json\/wp\/v2\/media?parent=9845"}],"wp:term":[{"taxonomy":"product_brand","embeddable":true,"href":"https:\/\/quantum.com.pl\/pl\/wp-json\/wp\/v2\/product_brand?post=9845"},{"taxonomy":"product_cat","embeddable":true,"href":"https:\/\/quantum.com.pl\/pl\/wp-json\/wp\/v2\/product_cat?post=9845"},{"taxonomy":"product_tag","embeddable":true,"href":"https:\/\/quantum.com.pl\/pl\/wp-json\/wp\/v2\/product_tag?post=9845"}],"curies":[{"name":"wp","href":"https:\/\/api.w.org\/{rel}","templated":true}]}}