{"id":9846,"date":"2020-04-20T22:44:43","date_gmt":"2020-04-20T20:44:43","guid":{"rendered":"https:\/\/quantum.com.pl\/product\/import-placeholder-for-8261\/"},"modified":"2020-12-04T16:12:18","modified_gmt":"2020-12-04T15:12:18","slug":"com-express-type-10-pc-connector-carrier","status":"publish","type":"product","link":"https:\/\/quantum.com.pl\/pl\/product\/com-express-type-10-pc-connector-carrier\/","title":{"rendered":"COM Express\u00ae Type 10 PC Connector Carrier"},"content":{"rendered":"<h3>Najwa\u017cniejsze cechy<\/h3>\n<ul>\n<li>Niezwykle ma\u0142y rozmiar: 84 mm x 73,415 mm<\/li>\n<li>Kombinacja stylu PC i z\u0142\u0105czek ko\u0142kowych blokuj\u0105cych<\/li>\n<li>Obs\u0142uga najnowszej generacji procesor\u00f3w o niskiej mocy<\/li>\n<li>2 x USB 3.0 Typ A, 6x USB 2.0, 2x RS-232, 2x GbE, 1x mSATA<\/li>\n<li>Rozszerzony zakres temperatur: od -40 \u00b0 C do + 85 \u00b0 C<\/li>\n<\/ul>\n<p>&nbsp;<\/p>\n<h3>Wi\u0119cej Informacji<\/h3>\n<p>No\u015bnik z\u0142\u0105cza komputerowego COM Express\u00ae Type 10 firmy Connect Tech jest wyj\u0105tkowo ma\u0142\u0105 p\u0142ytk\u0105 no\u015bn\u0105 zawieraj\u0105c\u0105 po\u0142\u0105czenie z\u0142\u0105czy w stylu PC i z\u0142\u0105czy blokuj\u0105cych z\u0142\u0105cza wtykowego. Przewo\u017anik to solidna oferta, z 2x portami USB 3.0 typu A, 6 portami USB 2.0, 1x HDMI, 1x interfejs LVDS i 2x GbE.<\/p>\n<p>P\u0142yta no\u015bna COM Express Type 10 zapewnia obs\u0142ug\u0119 najnowszej generacji procesor\u00f3w o niskiej mocy. Jest idealny do zastosowa\u0144 o ograniczonej przestrzeni i obs\u0142uguje rozszerzone zakresy temperatur od -40 \u00b0 C do + 85 \u00b0 C.<\/p>\n<p>&nbsp;<\/p>\n<h3>Dane Techniczne<\/h3>\n\n<table id=\"tablepress-425\" class=\"tablepress tablepress-id-425\">\n<thead>\n<tr class=\"row-1\">\n\t<th class=\"column-1\">Compatibility<\/th><th class=\"column-2\">COM Express\u00ae Type 10 (PICMG COM Express\u00ae COM.0 R2.1)<\/th>\n<\/tr>\n<\/thead>\n<tbody class=\"row-striping row-hover\">\n<tr class=\"row-2\">\n\t<td class=\"column-1\">Mini-PCIe Expansion\t<\/td><td class=\"column-2\">2 x half size cards OR 1 x full length card<br \/>\nBoth sockets have PCIe and USB signaling, one socket can be configured as mSATA<\/td>\n<\/tr>\n<tr class=\"row-3\">\n\t<td class=\"column-1\">Storage<\/td><td class=\"column-2\">1x mSATA<\/td>\n<\/tr>\n<tr class=\"row-4\">\n\t<td class=\"column-1\">USB<\/td><td class=\"column-2\">2x USB 3.0, 6x USB 2.0<\/td>\n<\/tr>\n<tr class=\"row-5\">\n\t<td class=\"column-1\">Network<\/td><td class=\"column-2\">(1 from COM Express\u00ae, 1 from on-board Intel 82574 PHY\/Controller), 2x Gigabit (10\/100\/1000) Ports<\/td>\n<\/tr>\n<tr class=\"row-6\">\n\t<td class=\"column-1\">GPIO<\/td><td class=\"column-2\">8-bit GPIO<\/td>\n<\/tr>\n<tr class=\"row-7\">\n\t<td class=\"column-1\">Display<\/td><td class=\"column-2\">1x HDMI, 1x LVDS<\/td>\n<\/tr>\n<tr class=\"row-8\">\n\t<td class=\"column-1\">Audio<\/td><td class=\"column-2\">HD Audio (Cirrus Logic CS4207 codec), 1x stereo input, 1x stereo output<\/td>\n<\/tr>\n<tr class=\"row-9\">\n\t<td class=\"column-1\">Serial<\/td><td class=\"column-2\">2x RS-232\/422\/485 hardware selectable ports<\/td>\n<\/tr>\n<tr class=\"row-10\">\n\t<td class=\"column-1\">Misc. External Interfaces\t<\/td><td class=\"column-2\">SMBus<br \/>\nI2C<br \/>\nBattery Low Indication<br \/>\nSystem Status (S3 and Reset Outputs)<\/td>\n<\/tr>\n<tr class=\"row-11\">\n\t<td class=\"column-1\">Power Requirements\t<\/td><td class=\"column-2\">Single wide input range +8V to +14V (may be module dependent)<\/td>\n<\/tr>\n<tr class=\"row-12\">\n\t<td class=\"column-1\">Connectors<\/td><td class=\"column-2\">USB Type A, RJ45, HDMI connectors, additional signals via shrouded locking ruggedized 2mm pitch headers.<br \/>\nCan be mated to CTI custom cable set to panel mount or PC MIL type connectors.<\/td>\n<\/tr>\n<tr class=\"row-13\">\n\t<td class=\"column-1\">Operating Temperature\t<\/td><td class=\"column-2\">-40\u00b0C to +85\u00b0C (-40\u00b0F to +185\u00b0F)<\/td>\n<\/tr>\n<tr class=\"row-14\">\n\t<td class=\"column-1\">Dimensions<\/td><td class=\"column-2\">84mm x 73.415mm (3.307\u201d x 2.890\u201d)<\/td>\n<\/tr>\n<tr class=\"row-15\">\n\t<td class=\"column-1\">Weight<\/td><td class=\"column-2\">68g<\/td>\n<\/tr>\n<\/tbody>\n<\/table>\n<!-- #tablepress-425 from cache -->\n","protected":false},"excerpt":{"rendered":"<p>Connect Tech oferuje lini\u0119 rozwi\u0105za\u0144 COM Express\u00ae Carrier Board dla standard\u00f3w COM Express\u00ae Type 7, Type 6, Type 10 i Type 2. Od stos\u00f3w no\u015bnik\u00f3w, p\u0142yt mini przewo\u017anik\u00f3w po no\u015bniki PMC \/ XMC i wytrzyma\u0142e no\u015bniki \u2013 znajdziesz odpowiedni\u0105 p\u0142yt\u0119 no\u015bn\u0105 dla swojego projektu. Ponadto Connect Tech zawiera wbudowany system GPU COM Express\u00ae +, kt\u00f3ry \u0142\u0105czy procesory x86 najnowszej generacji z wysokiej klasy procesorami graficznymi, a wszystko to w wytrzyma\u0142ej, wbudowanej ma\u0142ej obudowie.<\/p>\n","protected":false},"featured_media":10089,"template":"","meta":{"_acf_changed":false,"inline_featured_image":false,"_monsterinsights_skip_tracking":false,"_monsterinsights_sitenote_active":false,"_monsterinsights_sitenote_note":"","_monsterinsights_sitenote_category":0},"product_brand":[],"product_cat":[1473,1472,1584,1476],"product_tag":[],"class_list":{"0":"post-9846","1":"product","2":"type-product","3":"status-publish","4":"has-post-thumbnail","6":"product_cat-com-express-connect-tech-inc","7":"product_cat-connect-tech-inc","8":"product_cat-komputery-jednoplytkowe-sbc-2","9":"product_cat-type-10","11":"first","12":"instock","13":"shipping-taxable","14":"product-type-simple"},"acf":[],"_links":{"self":[{"href":"https:\/\/quantum.com.pl\/pl\/wp-json\/wp\/v2\/product\/9846","targetHints":{"allow":["GET"]}}],"collection":[{"href":"https:\/\/quantum.com.pl\/pl\/wp-json\/wp\/v2\/product"}],"about":[{"href":"https:\/\/quantum.com.pl\/pl\/wp-json\/wp\/v2\/types\/product"}],"wp:featuredmedia":[{"embeddable":true,"href":"https:\/\/quantum.com.pl\/pl\/wp-json\/wp\/v2\/media\/10089"}],"wp:attachment":[{"href":"https:\/\/quantum.com.pl\/pl\/wp-json\/wp\/v2\/media?parent=9846"}],"wp:term":[{"taxonomy":"product_brand","embeddable":true,"href":"https:\/\/quantum.com.pl\/pl\/wp-json\/wp\/v2\/product_brand?post=9846"},{"taxonomy":"product_cat","embeddable":true,"href":"https:\/\/quantum.com.pl\/pl\/wp-json\/wp\/v2\/product_cat?post=9846"},{"taxonomy":"product_tag","embeddable":true,"href":"https:\/\/quantum.com.pl\/pl\/wp-json\/wp\/v2\/product_tag?post=9846"}],"curies":[{"name":"wp","href":"https:\/\/api.w.org\/{rel}","templated":true}]}}