{"id":9847,"date":"2020-04-20T22:44:43","date_gmt":"2020-04-20T20:44:43","guid":{"rendered":"https:\/\/quantum.com.pl\/product\/import-placeholder-for-8268\/"},"modified":"2020-12-04T17:50:19","modified_gmt":"2020-12-04T16:50:19","slug":"com-express-type-10-stacking-carrier","status":"publish","type":"product","link":"https:\/\/quantum.com.pl\/pl\/product\/com-express-type-10-stacking-carrier\/","title":{"rendered":"COM Express\u00ae Type 10 Stacking Carrier"},"content":{"rendered":"<h3>Najwa\u017cniejsze cechy<\/h3>\n<ul>\n<li>Niezwykle ma\u0142y rozmiar, 84 mm x 55 mm<\/li>\n<li>1x z\u0142\u0105cze o wysokiej g\u0119sto\u015bci do wykorzystania p\u0142yty Breakout<\/li>\n<li>Rozszerzenie przez Mini PCI Express<\/li>\n<li>Do u\u017cytku z gotowymi lub niestandardowymi p\u0142ytami antywibracyjnymi<\/li>\n<li>Rozszerzony zakres temperatur od -40 \u00b0 C do + 85 \u00b0 C<\/li>\n<\/ul>\n<p>&nbsp;<\/p>\n<h3><strong>Wi\u0119cej Informacji<\/strong><\/h3>\n<p>No\u015bnik COM Express\u00ae Type 10 firmy Connect Tech, model CCG030, ca\u0142kowicie zmienia proces projektowania! CCG030 zapewnia z\u0142\u0105cza od p\u0142yty do p\u0142yty o wysokiej g\u0119sto\u015bci do u\u017cytku z gotowymi lub niestandardowymi p\u0142ytkami zabezpieczaj\u0105cymi, co znacznie zmniejsza potrzeb\u0119 okablowania.<\/p>\n<p>Z wszystkimi z\u0142o\u017conymi obwodami ju\u017c na no\u015bniku, takimi jak Gigabit Ethernet, USB 3.0, szeregowy i wy\u015bwietlacz, projektowanie unikalnej p\u0142ytki zabezpieczaj\u0105cej mo\u017ce by\u0107 wykonane przy minimalnym wysi\u0142ku i przy u\u017cyciu us\u0142ug projektowych Connect Tech lub przez u\u017cytkownika.<\/p>\n<p>CCG030 zapewnia rozbudow\u0119 poprzez Mini-PCI Express, kt\u00f3ra mo\u017ce by\u0107 u\u017cywana z urz\u0105dzeniami peryferyjnymi Mini PCI Express lub mSATA. Ponadto zar\u00f3wno z\u0142\u0105cze SATA, jak i \u0142\u0105cze PCIe x1 z zegarem s\u0105 dostarczane do z\u0142\u0105cza p\u0142ytki zabezpieczaj\u0105cej, umo\u017cliwiaj\u0105c rozbudow\u0119 p\u0142yty zabezpieczaj\u0105cej, aby spe\u0142ni\u0107 Twoje potrzeby projektowe.<\/p>\n<p>&nbsp;<\/p>\n<h3>Dane Techniczne<\/h3>\n\n<table id=\"tablepress-426\" class=\"tablepress tablepress-id-426\">\n<thead>\n<tr class=\"row-1\">\n\t<th class=\"column-1\">Compatibility<\/th><th class=\"column-2\">COM Express\u00ae Type 10, PICMG COM Express COM.0 R2.1<\/th>\n<\/tr>\n<\/thead>\n<tbody class=\"row-striping row-hover\">\n<tr class=\"row-2\">\n\t<td class=\"column-1\">Dimensions<\/td><td class=\"column-2\">84mm x 55mm<\/td>\n<\/tr>\n<tr class=\"row-3\">\n\t<td class=\"column-1\">Mini PCIe\/mSATA\t<\/td><td class=\"column-2\">1x Mini-PCIe Half Size with SIM Card Slot, 1x Mini-PCIe\/mSATA Half or Full Size<\/td>\n<\/tr>\n<tr class=\"row-4\">\n\t<td class=\"column-1\">Storage<\/td><td class=\"column-2\">1x SATA 2.0 Port<\/td>\n<\/tr>\n<tr class=\"row-5\">\n\t<td class=\"column-1\">Display<\/td><td class=\"column-2\">1 x DDI, 1x LVDS<\/td>\n<\/tr>\n<tr class=\"row-6\">\n\t<td class=\"column-1\">Serial<\/td><td class=\"column-2\">2x RS-232\/485<\/td>\n<\/tr>\n<tr class=\"row-7\">\n\t<td class=\"column-1\">USB<\/td><td class=\"column-2\">2x USB 2.0 (Mini-PCIe), 2x USB 3.0, 4x USB 2.0<\/td>\n<\/tr>\n<tr class=\"row-8\">\n\t<td class=\"column-1\">Ethernet<\/td><td class=\"column-2\">2x Gigabit (10\/100\/1000) Ports<\/td>\n<\/tr>\n<tr class=\"row-9\">\n\t<td class=\"column-1\">Audio<\/td><td class=\"column-2\">1x HD Audio Input, 1x HD Audio Output<\/td>\n<\/tr>\n<tr class=\"row-10\">\n\t<td class=\"column-1\">SD Card<\/td><td class=\"column-2\">1x microSD<\/td>\n<\/tr>\n<tr class=\"row-11\">\n\t<td class=\"column-1\">GPIO<\/td><td class=\"column-2\">4x GPI, 4x GPO<\/td>\n<\/tr>\n<tr class=\"row-12\">\n\t<td class=\"column-1\">Expansion<\/td><td class=\"column-2\">1x Link with PCIe CLK, 1x PCIe<\/td>\n<\/tr>\n<tr class=\"row-13\">\n\t<td class=\"column-1\">Misc<\/td><td class=\"column-2\">1x FAN Link, 1x SMB Link, I2C<\/td>\n<\/tr>\n<tr class=\"row-14\">\n\t<td class=\"column-1\">Power Requirements\t<\/td><td class=\"column-2\">+12V Input, +7.5V to +14V Input Range<\/td>\n<\/tr>\n<tr class=\"row-15\">\n\t<td class=\"column-1\">Operating Temperature\t<\/td><td class=\"column-2\">-40\u00b0C to +85\u00b0C (-40\u00b0F to +185\u00b0F)<\/td>\n<\/tr>\n<\/tbody>\n<\/table>\n<!-- #tablepress-426 from cache -->\n","protected":false},"excerpt":{"rendered":"<p>Connect Tech oferuje lini\u0119 rozwi\u0105za\u0144 COM Express\u00ae Carrier Board dla standard\u00f3w COM Express\u00ae Type 7, Type 6, Type 10 i Type 2. Od stos\u00f3w no\u015bnik\u00f3w, p\u0142yt mini przewo\u017anik\u00f3w po no\u015bniki PMC \/ XMC i wytrzyma\u0142e no\u015bniki \u2013 znajdziesz odpowiedni\u0105 p\u0142yt\u0119 no\u015bn\u0105 dla swojego projektu. Ponadto Connect Tech zawiera wbudowany system GPU COM Express\u00ae +, kt\u00f3ry \u0142\u0105czy procesory x86 najnowszej generacji z wysokiej klasy procesorami graficznymi, a wszystko to w wytrzyma\u0142ej, wbudowanej ma\u0142ej obudowie.<\/p>\n","protected":false},"featured_media":10091,"template":"","meta":{"_acf_changed":false,"inline_featured_image":false,"_monsterinsights_skip_tracking":false,"_monsterinsights_sitenote_active":false,"_monsterinsights_sitenote_note":"","_monsterinsights_sitenote_category":0},"product_brand":[],"product_cat":[1473,1472,1584,1476],"product_tag":[],"class_list":{"0":"post-9847","1":"product","2":"type-product","3":"status-publish","4":"has-post-thumbnail","6":"product_cat-com-express-connect-tech-inc","7":"product_cat-connect-tech-inc","8":"product_cat-komputery-jednoplytkowe-sbc-2","9":"product_cat-type-10","11":"first","12":"instock","13":"shipping-taxable","14":"product-type-simple"},"acf":[],"_links":{"self":[{"href":"https:\/\/quantum.com.pl\/pl\/wp-json\/wp\/v2\/product\/9847","targetHints":{"allow":["GET"]}}],"collection":[{"href":"https:\/\/quantum.com.pl\/pl\/wp-json\/wp\/v2\/product"}],"about":[{"href":"https:\/\/quantum.com.pl\/pl\/wp-json\/wp\/v2\/types\/product"}],"wp:featuredmedia":[{"embeddable":true,"href":"https:\/\/quantum.com.pl\/pl\/wp-json\/wp\/v2\/media\/10091"}],"wp:attachment":[{"href":"https:\/\/quantum.com.pl\/pl\/wp-json\/wp\/v2\/media?parent=9847"}],"wp:term":[{"taxonomy":"product_brand","embeddable":true,"href":"https:\/\/quantum.com.pl\/pl\/wp-json\/wp\/v2\/product_brand?post=9847"},{"taxonomy":"product_cat","embeddable":true,"href":"https:\/\/quantum.com.pl\/pl\/wp-json\/wp\/v2\/product_cat?post=9847"},{"taxonomy":"product_tag","embeddable":true,"href":"https:\/\/quantum.com.pl\/pl\/wp-json\/wp\/v2\/product_tag?post=9847"}],"curies":[{"name":"wp","href":"https:\/\/api.w.org\/{rel}","templated":true}]}}