{"id":9848,"date":"2020-04-20T22:44:43","date_gmt":"2020-04-20T20:44:43","guid":{"rendered":"https:\/\/quantum.com.pl\/product\/import-placeholder-for-8275\/"},"modified":"2020-12-04T16:08:49","modified_gmt":"2020-12-04T15:08:49","slug":"com-express-type-10-mini-carrier-board","status":"publish","type":"product","link":"https:\/\/quantum.com.pl\/pl\/product\/com-express-type-10-mini-carrier-board\/","title":{"rendered":"COM Express\u00ae Type 10 Mini Carrier Board"},"content":{"rendered":"<h3>Najwa\u017cniejsze cechy<\/h3>\n<ul>\n<li>Niezwykle ma\u0142y rozmiar, 84 mm x 55 mm<\/li>\n<li>Wszystkie wytrzyma\u0142e z\u0142\u0105cza zatrzaskowe<\/li>\n<li>Teraz obs\u0142uguje USB 3.0 w modelu CCG020<\/li>\n<li>2 x mini PCIe, mSATA, SATA, 2 x GBE, 6 x USB, LVDS, DisplayPort \/ HDMI \/ DVI \/ VGA, HD Audio, 2 x RS-232\/422\/485<\/li>\n<li>Obs\u0142uga najnowszej generacji procesor\u00f3w o niskiej mocy<\/li>\n<li>Rozszerzony zakres temperatur<\/li>\n<\/ul>\n<p>&nbsp;<\/p>\n<h3>Wi\u0119cej Informacji<\/h3>\n<p>Connect Carrier COM Express\u00ae Type 10 Mini Carrier to wyj\u0105tkowo ma\u0142a p\u0142yta no\u015bna wyposa\u017cona w wytrzyma\u0142e, blokuj\u0105ce z\u0142\u0105cza i zapewniaj\u0105ca najwy\u017csz\u0105 trwa\u0142o\u015b\u0107.<\/p>\n<p>COM Express\u00ae Type 10 Mini Carrier Board jest idealny do zastosowa\u0144 o ograniczonej przestrzeni, trudnych warunkach, wymagaj\u0105cych warunkach i obs\u0142uguje rozszerzone zakresy temperatur od -40 \u00b0 C do + 85 \u00b0 C.<\/p>\n<p>&nbsp;<\/p>\n<h3>Dane Techniczne<\/h3>\n\n<table id=\"tablepress-427\" class=\"tablepress tablepress-id-427\">\n<thead>\n<tr class=\"row-1\">\n\t<th class=\"column-1\">Compatibility<\/th><th class=\"column-2\">COM Express\u00ae Type 10, PCIMG COM Express\u00ae COM.0 R2.0<\/th>\n<\/tr>\n<\/thead>\n<tbody class=\"row-striping row-hover\">\n<tr class=\"row-2\">\n\t<td class=\"column-1\">Mini PCIe\/mSATA\t<\/td><td class=\"column-2\">2x half size cards OR 1 x full length card<br \/>\n<\/td>\n<\/tr>\n<tr class=\"row-3\">\n\t<td class=\"column-1\">Storage<\/td><td class=\"column-2\">1x External SATA, 1x mSATA<br \/>\n<\/td>\n<\/tr>\n<tr class=\"row-4\">\n\t<td class=\"column-1\">Network<\/td><td class=\"column-2\">1 from COM Express\u00ae, 1 from on-board Intel 82574 PHY\/Controller, 2x Gigabit (10\/100\/1000) Ports<\/td>\n<\/tr>\n<tr class=\"row-5\">\n\t<td class=\"column-1\">GPIO<\/td><td class=\"column-2\">8-bit GPIO<br \/>\n<\/td>\n<\/tr>\n<tr class=\"row-6\">\n\t<td class=\"column-1\">USB<\/td><td class=\"column-2\">8x USB 2.0 OR 2x USB 3.0 + 6x USB 3.0<\/td>\n<\/tr>\n<tr class=\"row-7\">\n\t<td class=\"column-1\">Display<\/td><td class=\"column-2\">1 x DDI, 1x LVDS<\/td>\n<\/tr>\n<tr class=\"row-8\">\n\t<td class=\"column-1\">Audio<\/td><td class=\"column-2\">HD Audio (Cirrus Logic CS4207 codec), 1x stereo input, 1x stereo output<\/td>\n<\/tr>\n<tr class=\"row-9\">\n\t<td class=\"column-1\">Serial<\/td><td class=\"column-2\">2x RS-232\/422\/485 hardware selectable ports<\/td>\n<\/tr>\n<tr class=\"row-10\">\n\t<td class=\"column-1\">Misc<\/td><td class=\"column-2\">Battery Low Indication, I2C, SMBus, System Status (S3 and Reset Outputs)<\/td>\n<\/tr>\n<tr class=\"row-11\">\n\t<td class=\"column-1\">Power Requirements\t<\/td><td class=\"column-2\">+6V to +14V<\/td>\n<\/tr>\n<tr class=\"row-12\">\n\t<td class=\"column-1\">I\/O Connector Type\t<\/td><td class=\"column-2\">All low-profile shrouded locking ruggedized 2mm pitch headers, Can be mated to panel mountable cable set or MIL type connectors<\/td>\n<\/tr>\n<tr class=\"row-13\">\n\t<td class=\"column-1\">Operating Temperature\t<\/td><td class=\"column-2\">-40\u00b0C to +85\u00b0C (-40\u00b0F to +185\u00b0F)<\/td>\n<\/tr>\n<tr class=\"row-14\">\n\t<td class=\"column-1\">Dimensions<\/td><td class=\"column-2\">84mm x 55mm<\/td>\n<\/tr>\n<tr class=\"row-15\">\n\t<td class=\"column-1\">Weight<\/td><td class=\"column-2\">49g<\/td>\n<\/tr>\n<\/tbody>\n<\/table>\n<!-- #tablepress-427 from cache -->\n","protected":false},"excerpt":{"rendered":"<p>Connect Tech oferuje lini\u0119 rozwi\u0105za\u0144 COM Express\u00ae Carrier Board dla standard\u00f3w COM Express\u00ae Type 7, Type 6, Type 10 i Type 2. Od stos\u00f3w no\u015bnik\u00f3w, p\u0142yt mini przewo\u017anik\u00f3w po no\u015bniki PMC \/ XMC i wytrzyma\u0142e no\u015bniki \u2013 znajdziesz odpowiedni\u0105 p\u0142yt\u0119 no\u015bn\u0105 dla swojego projektu. Ponadto Connect Tech zawiera wbudowany system GPU COM Express\u00ae +, kt\u00f3ry \u0142\u0105czy procesory x86 najnowszej generacji z wysokiej klasy procesorami graficznymi, a wszystko to w wytrzyma\u0142ej, wbudowanej ma\u0142ej obudowie.<\/p>\n","protected":false},"featured_media":10093,"template":"","meta":{"_acf_changed":false,"inline_featured_image":false,"_monsterinsights_skip_tracking":false,"_monsterinsights_sitenote_active":false,"_monsterinsights_sitenote_note":"","_monsterinsights_sitenote_category":0},"product_brand":[],"product_cat":[1473,1472,1584,1476],"product_tag":[],"class_list":{"0":"post-9848","1":"product","2":"type-product","3":"status-publish","4":"has-post-thumbnail","6":"product_cat-com-express-connect-tech-inc","7":"product_cat-connect-tech-inc","8":"product_cat-komputery-jednoplytkowe-sbc-2","9":"product_cat-type-10","11":"first","12":"instock","13":"shipping-taxable","14":"product-type-simple"},"acf":[],"_links":{"self":[{"href":"https:\/\/quantum.com.pl\/pl\/wp-json\/wp\/v2\/product\/9848","targetHints":{"allow":["GET"]}}],"collection":[{"href":"https:\/\/quantum.com.pl\/pl\/wp-json\/wp\/v2\/product"}],"about":[{"href":"https:\/\/quantum.com.pl\/pl\/wp-json\/wp\/v2\/types\/product"}],"wp:featuredmedia":[{"embeddable":true,"href":"https:\/\/quantum.com.pl\/pl\/wp-json\/wp\/v2\/media\/10093"}],"wp:attachment":[{"href":"https:\/\/quantum.com.pl\/pl\/wp-json\/wp\/v2\/media?parent=9848"}],"wp:term":[{"taxonomy":"product_brand","embeddable":true,"href":"https:\/\/quantum.com.pl\/pl\/wp-json\/wp\/v2\/product_brand?post=9848"},{"taxonomy":"product_cat","embeddable":true,"href":"https:\/\/quantum.com.pl\/pl\/wp-json\/wp\/v2\/product_cat?post=9848"},{"taxonomy":"product_tag","embeddable":true,"href":"https:\/\/quantum.com.pl\/pl\/wp-json\/wp\/v2\/product_tag?post=9848"}],"curies":[{"name":"wp","href":"https:\/\/api.w.org\/{rel}","templated":true}]}}