{"id":9849,"date":"2020-04-20T22:44:43","date_gmt":"2020-04-20T20:44:43","guid":{"rendered":"https:\/\/quantum.com.pl\/product\/import-placeholder-for-8281\/"},"modified":"2020-12-04T17:53:25","modified_gmt":"2020-12-04T16:53:25","slug":"com-express-type-2-carrier-board","status":"publish","type":"product","link":"https:\/\/quantum.com.pl\/pl\/product\/com-express-type-2-carrier-board\/","title":{"rendered":"COM Express\u00ae Type 2 Carrier Board"},"content":{"rendered":"<h3>Najwa\u017cniejsze cechy<\/h3>\n<ul>\n<li>P\u0142yta no\u015bna COM Express\u00ae obs\u0142uguje modu\u0142y g\u0142\u00f3wnych producent\u00f3w<\/li>\n<li>Kompatybilny z COM Express\u00ae Type 2 Basic i Compact<\/li>\n<li>Rozszerzenie PCI-104 i PCIe \/ 104<\/li>\n<li>Ma\u0142y rozmiar<\/li>\n<\/ul>\n<p>&nbsp;<\/p>\n<h3 data-fontsize=\"18\" data-lineheight=\"27\">Wi\u0119cej informacji<\/h3>\n<p>P\u0142yta no\u015bna COM Express\u00ae firmy Connect Tech to w pe\u0142ni funkcjonalna, kompaktowa p\u0142yta no\u015bna, kt\u00f3ra jest kompatybilna z modu\u0142ami COM Express\u00ae Type 2 Basic i Compact.<\/p>\n<p>P\u0142yta no\u015bna COM Express\u00ae mo\u017ce by\u0107 u\u017cywana jako samodzielna p\u0142yta no\u015bna lub zintegrowana bezpo\u015brednio z istniej\u0105c\u0105 aplikacj\u0105. Mo\u017ce by\u0107 r\u00f3wnie\u017c u\u017cywany jako ma\u0142a platforma testowa dla aplikacji obs\u0142ugiwanych bateryjnie, kt\u00f3re wykorzystuj\u0105 modu\u0142y COM Express\u00ae Compact.<\/p>\n<p>P\u0142yta no\u015bna COM Express\u00ae jest idealna do wielu wbudowanych aplikacji, kt\u00f3re wymagaj\u0105 wy\u017cszej wydajno\u015bci i przepustowo\u015bci we \/ wy w kompaktowej obudowie. Mo\u017cliwo\u015bci rozbudowy systemu i dostosowywania s\u0105 dost\u0119pne za po\u015brednictwem specjalnych p\u0142yt no\u015bnych.<\/p>\n<p>&nbsp;<\/p>\n<h3>Dane Techniczne<\/h3>\n\n<table id=\"tablepress-428\" class=\"tablepress tablepress-id-428\">\n<thead>\n<tr class=\"row-1\">\n\t<th class=\"column-1\">Display<\/th><th class=\"column-2\">1x HDMI, 1x LVDS, 1x VGA<\/th>\n<\/tr>\n<\/thead>\n<tbody class=\"row-striping row-hover\">\n<tr class=\"row-2\">\n\t<td class=\"column-1\">USB<\/td><td class=\"column-2\">4x USB 2.0<\/td>\n<\/tr>\n<tr class=\"row-3\">\n\t<td class=\"column-1\">Storage<\/td><td class=\"column-2\">1x mSATA, 2x SATA<\/td>\n<\/tr>\n<tr class=\"row-4\">\n\t<td class=\"column-1\">Audio<\/td><td class=\"column-2\">1x stereo input, 1x stereo output<\/td>\n<\/tr>\n<tr class=\"row-5\">\n\t<td class=\"column-1\">Ethernet<\/td><td class=\"column-2\">1x Gigabit Ethernet (10\/100\/1000)<\/td>\n<\/tr>\n<tr class=\"row-6\">\n\t<td class=\"column-1\">Serial<\/td><td class=\"column-2\">4x RS-232, 4x RS-485<\/td>\n<\/tr>\n<tr class=\"row-7\">\n\t<td class=\"column-1\">GPIO<\/td><td class=\"column-2\">8-bit GPIO<\/td>\n<\/tr>\n<tr class=\"row-8\">\n\t<td class=\"column-1\">Power Requirements<\/td><td class=\"column-2\">+12V Input<\/td>\n<\/tr>\n<tr class=\"row-9\">\n\t<td class=\"column-1\">Power Consumption<\/td><td class=\"column-2\">Estimate 5-12A @ 12V<\/td>\n<\/tr>\n<tr class=\"row-10\">\n\t<td class=\"column-1\">Dimensions<\/td><td class=\"column-2\">175mm x 115mm<\/td>\n<\/tr>\n<tr class=\"row-11\">\n\t<td class=\"column-1\">Operating Temperature\t<\/td><td class=\"column-2\">-30\u00b0C to +80\u00b0C (-22\u00b0F to +176\u00b0F)<\/td>\n<\/tr>\n<\/tbody>\n<\/table>\n<!-- #tablepress-428 from cache -->\n","protected":false},"excerpt":{"rendered":"<p>Connect Tech oferuje lini\u0119 rozwi\u0105za\u0144 COM Express\u00ae Carrier Board dla standard\u00f3w COM Express\u00ae Type 7, Type 6, Type 10 i Type 2. Od stos\u00f3w no\u015bnik\u00f3w, p\u0142yt mini przewo\u017anik\u00f3w po no\u015bniki PMC \/ XMC i wytrzyma\u0142e no\u015bniki \u2013 znajdziesz odpowiedni\u0105 p\u0142yt\u0119 no\u015bn\u0105 dla swojego projektu. Ponadto Connect Tech zawiera wbudowany system GPU COM Express\u00ae +, kt\u00f3ry \u0142\u0105czy procesory x86 najnowszej generacji z wysokiej klasy procesorami graficznymi, a wszystko to w wytrzyma\u0142ej, wbudowanej ma\u0142ej obudowie.<\/p>\n","protected":false},"featured_media":10087,"template":"","meta":{"_acf_changed":false,"inline_featured_image":false,"_monsterinsights_skip_tracking":false,"_monsterinsights_sitenote_active":false,"_monsterinsights_sitenote_note":"","_monsterinsights_sitenote_category":0},"product_brand":[],"product_cat":[1473,1472,1584,1477],"product_tag":[],"class_list":{"0":"post-9849","1":"product","2":"type-product","3":"status-publish","4":"has-post-thumbnail","6":"product_cat-com-express-connect-tech-inc","7":"product_cat-connect-tech-inc","8":"product_cat-komputery-jednoplytkowe-sbc-2","9":"product_cat-type-2","11":"first","12":"instock","13":"shipping-taxable","14":"product-type-simple"},"acf":[],"_links":{"self":[{"href":"https:\/\/quantum.com.pl\/pl\/wp-json\/wp\/v2\/product\/9849","targetHints":{"allow":["GET"]}}],"collection":[{"href":"https:\/\/quantum.com.pl\/pl\/wp-json\/wp\/v2\/product"}],"about":[{"href":"https:\/\/quantum.com.pl\/pl\/wp-json\/wp\/v2\/types\/product"}],"wp:featuredmedia":[{"embeddable":true,"href":"https:\/\/quantum.com.pl\/pl\/wp-json\/wp\/v2\/media\/10087"}],"wp:attachment":[{"href":"https:\/\/quantum.com.pl\/pl\/wp-json\/wp\/v2\/media?parent=9849"}],"wp:term":[{"taxonomy":"product_brand","embeddable":true,"href":"https:\/\/quantum.com.pl\/pl\/wp-json\/wp\/v2\/product_brand?post=9849"},{"taxonomy":"product_cat","embeddable":true,"href":"https:\/\/quantum.com.pl\/pl\/wp-json\/wp\/v2\/product_cat?post=9849"},{"taxonomy":"product_tag","embeddable":true,"href":"https:\/\/quantum.com.pl\/pl\/wp-json\/wp\/v2\/product_tag?post=9849"}],"curies":[{"name":"wp","href":"https:\/\/api.w.org\/{rel}","templated":true}]}}