{"id":9850,"date":"2020-04-20T22:44:43","date_gmt":"2020-04-20T20:44:43","guid":{"rendered":"https:\/\/quantum.com.pl\/product\/import-placeholder-for-8289\/"},"modified":"2020-11-18T12:54:11","modified_gmt":"2020-11-18T11:54:11","slug":"spacely-carrier-for-nvidia-jetson-tx2-tx2i-tx1","status":"publish","type":"product","link":"https:\/\/quantum.com.pl\/pl\/product\/spacely-carrier-for-nvidia-jetson-tx2-tx2i-tx1\/","title":{"rendered":"Spacely Carrier for NVIDIA\u00ae Jetson&#x2122; TX2\/TX2i\/TX1"},"content":{"rendered":"<h3>Najwa\u017cniejsze cechy<\/h3>\n<ul>\n<li>Connect up to 6 MIPI CSI-2 Camera Inputs<\/li>\n<li>Tailored IO for easy connection to Pixhawk Autopilot<\/li>\n<li>2x GbE, 1x uHDMI, 2x USB 3.0, 2x USB 2.0, 1x USB CLIENT, 1x miniPCIe Slot, mSATA Slot<\/li>\n<li>2x UART, I2C, SPI, 16 GPIO all at +3.3V IO<\/li>\n<li>Extended Temperature Range -40\u00b0C to +85\u00b0C (Spacely Carrier)<\/li>\n<\/ul>\n<p>&nbsp;<\/p>\n<h3 data-fontsize=\"18\" data-lineheight=\"27\">Wi\u0119cej Informacji<\/h3>\n<p>Spacely Carrier firmy Connect Tech dla NVIDIA\u00ae Jetson &#x2122; TX2 \/ TX2i \/ TX1 to idealny produkt do zastosowa\u0144 w bezza\u0142ogowych pojazdach lub w aplikacjach, w kt\u00f3rych \u015bwiadomo\u015b\u0107 sytuacji ma kluczowe znaczenie. Spacely umo\u017cliwia u\u017cytkownikom jednoczesne pod\u0142\u0105czenie do 6 kamer MIPI CSI-2, a tak\u017ce oferuje wbudowane rozszerzenie dla modu\u0142u GPS \/ GNSS.<\/p>\n<p>Ten przewo\u017anik zawiera port Multi-I \/ O specjalnie zaprojektowany, aby umo\u017cliwi\u0107 \u0142atwe po\u0142\u0105czenie z autopilotami OEM, takimi jak Pixhawk. Inne wbudowane interkonekty obejmuj\u0105 2x GbE, 1x HDMI, USB 3.0, USB 2.0, USB CLIENT, a tak\u017ce rozszerzenie miniPCIe i mSATA.<\/p>\n<p>&nbsp;<\/p>\n<h3>Dane Techniczne<\/h3>\n\n<table id=\"tablepress-433\" class=\"tablepress tablepress-id-433\">\n<thead>\n<tr class=\"row-1\">\n\t<th class=\"column-1\">Dimensions<\/th><th class=\"column-2\">87mm x 50mm (3.425\u2033 x 1.968\u2033)<br \/>\n<br \/>\n<\/th>\n<\/tr>\n<\/thead>\n<tbody class=\"row-striping row-hover\">\n<tr class=\"row-2\">\n\t<td class=\"column-1\">Compatibility<\/td><td class=\"column-2\">NVIDIA\u00ae Jetson\u2122 TX1, NVIDIA\u00ae Jetson\u2122 TX2, NVIDIA\u00ae Jetson\u2122 TX2i<br \/>\n<br \/>\n<\/td>\n<\/tr>\n<tr class=\"row-3\">\n\t<td class=\"column-1\">Display<\/td><td class=\"column-2\">1x HDMI<br \/>\n<br \/>\n<\/td>\n<\/tr>\n<tr class=\"row-4\">\n\t<td class=\"column-1\">USB<\/td><td class=\"column-2\">1x USB 2.0, 1x USB 3.0<br \/>\n<br \/>\n<\/td>\n<\/tr>\n<tr class=\"row-5\">\n\t<td class=\"column-1\">Ethernet<\/td><td class=\"column-2\">1x Gigabit Ethernet (10\/100\/1000)<br \/>\n<br \/>\n<\/td>\n<\/tr>\n<tr class=\"row-6\">\n\t<td class=\"column-1\">Audio<\/td><td class=\"column-2\">1x HDMI Integrated Audio<br \/>\n<br \/>\n<\/td>\n<\/tr>\n<tr class=\"row-7\">\n\t<td class=\"column-1\">SD Card\t<br \/>\n<\/td><td class=\"column-2\">1x microSD<br \/>\n<br \/>\n<\/td>\n<\/tr>\n<tr class=\"row-8\">\n\t<td class=\"column-1\">Video Input\t<br \/>\n<\/td><td class=\"column-2\">2x 2-Lane (x2) MIPI CSI 2.0<br \/>\n<br \/>\n<\/td>\n<\/tr>\n<tr class=\"row-9\">\n\t<td class=\"column-1\">Misc<\/td><td class=\"column-2\">GPIO, I2C, SPI<br \/>\n<br \/>\n<\/td>\n<\/tr>\n<tr class=\"row-10\">\n\t<td class=\"column-1\">Power Requirements\t<br \/>\n<\/td><td class=\"column-2\">+9V to +14V DC<br \/>\n<br \/>\n<\/td>\n<\/tr>\n<tr class=\"row-11\">\n\t<td class=\"column-1\">Operating Temperature\t<br \/>\n<\/td><td class=\"column-2\">-40\u00b0C to +85\u00b0C (-40\u00b0F to +185\u00b0F)<br \/>\n<br \/>\n<\/td>\n<\/tr>\n<tr class=\"row-12\">\n\t<td class=\"column-1\">Weight<\/td><td class=\"column-2\">41g<\/td>\n<\/tr>\n<\/tbody>\n<\/table>\n<!-- #tablepress-433 from cache -->\n","protected":false},"excerpt":{"rendered":"<p>Rozwi\u0105zania COM firmy Connect Tech obejmuj\u0105 p\u0142yty no\u015bne dla r\u00f3\u017cnych modu\u0142\u00f3w. P\u0142ytki no\u015bne COM Express\u00ae typu 7, typu 6, typu 10 i typu 2 zapewniaj\u0105 \u0142atwy dost\u0119p i rozszerzenie modu\u0142u COM Express\u00ae, podczas gdy p\u0142yty no\u015bne NVIDIA\u00ae Jetson &#x2122; TX2 \/ TX1 s\u0105 zaprojektowane tak, aby pasowa\u0142y do Jetson &#x2122; TX2 lub TX1 Wsp\u00f3\u0142czynnik kszta\u0142tu do u\u017cytku w trudnych warunkach.<\/p>\n","protected":false},"featured_media":10109,"template":"","meta":{"_acf_changed":false,"inline_featured_image":false,"_monsterinsights_skip_tracking":false,"_monsterinsights_sitenote_active":false,"_monsterinsights_sitenote_note":"","_monsterinsights_sitenote_category":0},"product_brand":[],"product_cat":[1479,1472,1478],"product_tag":[],"class_list":{"0":"post-9850","1":"product","2":"type-product","3":"status-publish","4":"has-post-thumbnail","6":"product_cat-carrier-boards-nvidia-jetson-tx2-tx1","7":"product_cat-connect-tech-inc","8":"product_cat-nvidia-jetson-tx2-tx1","10":"first","11":"instock","12":"shipping-taxable","13":"product-type-simple"},"acf":[],"_links":{"self":[{"href":"https:\/\/quantum.com.pl\/pl\/wp-json\/wp\/v2\/product\/9850","targetHints":{"allow":["GET"]}}],"collection":[{"href":"https:\/\/quantum.com.pl\/pl\/wp-json\/wp\/v2\/product"}],"about":[{"href":"https:\/\/quantum.com.pl\/pl\/wp-json\/wp\/v2\/types\/product"}],"wp:featuredmedia":[{"embeddable":true,"href":"https:\/\/quantum.com.pl\/pl\/wp-json\/wp\/v2\/media\/10109"}],"wp:attachment":[{"href":"https:\/\/quantum.com.pl\/pl\/wp-json\/wp\/v2\/media?parent=9850"}],"wp:term":[{"taxonomy":"product_brand","embeddable":true,"href":"https:\/\/quantum.com.pl\/pl\/wp-json\/wp\/v2\/product_brand?post=9850"},{"taxonomy":"product_cat","embeddable":true,"href":"https:\/\/quantum.com.pl\/pl\/wp-json\/wp\/v2\/product_cat?post=9850"},{"taxonomy":"product_tag","embeddable":true,"href":"https:\/\/quantum.com.pl\/pl\/wp-json\/wp\/v2\/product_tag?post=9850"}],"curies":[{"name":"wp","href":"https:\/\/api.w.org\/{rel}","templated":true}]}}