{"id":9851,"date":"2020-04-20T22:44:43","date_gmt":"2020-04-20T20:44:43","guid":{"rendered":"https:\/\/quantum.com.pl\/product\/import-placeholder-for-8296\/"},"modified":"2020-11-18T12:44:45","modified_gmt":"2020-11-18T11:44:45","slug":"cogswell-carrier-for-nvidia-jetson-tx2-tx2i-tx1","status":"publish","type":"product","link":"https:\/\/quantum.com.pl\/pl\/product\/cogswell-carrier-for-nvidia-jetson-tx2-tx2i-tx1\/","title":{"rendered":"Cogswell Carrier for NVIDIA\u00ae Jetson&#x2122; TX2\/TX2i\/TX1"},"content":{"rendered":"<h3>Najwa\u017cniejsze cechy<\/h3>\n<ul>\n<li>Specjalnie zaprojektowany do u\u017cytku z kamerami GigE Vision<\/li>\n<li>5 kana\u0142\u00f3w Gigabit Ethernet &#8211; 4 porty PoE, 2 porty PoE + PSE Gigabit<\/li>\n<li>Wymagane jest tylko jedno wej\u015bcie + 12V; Nie wymaga zewn\u0119trznego zasilania PoE 48 V.<\/li>\n<li>1 x USB 3.0, 1x USB 2.0, 1x USB OTG, 2x RS-232, 1x miniPCIe, 1x mSATA<\/li>\n<li>Rozszerzony zakres temperatur -40 \u00b0 C do + 85 \u00b0 C (Cogswell Carrier)<\/li>\n<\/ul>\n<p>&nbsp;<\/p>\n<h3>Wi\u0119cej Informacji<\/h3>\n<p>Connect Tech Cogswell Carrier dla NVIDIA\u00ae Jetson &#x2122; TX2, TX2i i TX1 jest idealny do u\u017cytku w aplikacjach Gigabit Ethernet Vision. Ten produkt zapewnia kana\u0142y Gigabit Ethernet z wbudowanymi funkcjami pozyskiwania Power over Ethernet (PoE), idealne do u\u017cytku z kamerami GigE Vision.<\/p>\n<p>Konstrukcja Cogswell obejmuje \u0142\u0105cznie 5 port\u00f3w Gigabit Ethernet. Cztery z tych port\u00f3w mog\u0105 by\u0107 u\u017cywane do pozyskiwania energii IEEE 802.3af (PoE) 15,4 W lub dwa z tych port\u00f3w mog\u0105 by\u0107 u\u017cywane do pozyskiwania energii IEEE 802.3at (PoE +) 25,5 W. Dodatkowo Cogswell Carrier umo\u017cliwia tak\u017ce HDMI Video, USB 3.0, USB 2.0, USB OTG, rozszerzenie Mini-PCIe \/ mSATA oraz dwa porty szeregowe RS-232.<\/p>\n<p>&nbsp;<\/p>\n<h3>Dane Techniczne<\/h3>\n\n<table id=\"tablepress-434\" class=\"tablepress tablepress-id-434\">\n<thead>\n<tr class=\"row-1\">\n\t<th class=\"column-1\">Compatibility\t<br \/>\n<\/th><th class=\"column-2\">NVIDIA\u00ae Jetson\u2122 TX1, NVIDIA\u00ae Jetson\u2122 TX2, NVIDIA\u00ae Jetson\u2122 TX2i<br \/>\n<br \/>\n<\/th>\n<\/tr>\n<\/thead>\n<tbody class=\"row-striping row-hover\">\n<tr class=\"row-2\">\n\t<td class=\"column-1\">Dimensions<\/td><td class=\"column-2\">87mm x 50mm (3.425\u2033 x 1.968\u2033)<br \/>\n<br \/>\n<\/td>\n<\/tr>\n<tr class=\"row-3\">\n\t<td class=\"column-1\">Display<\/td><td class=\"column-2\">1x HDMI<br \/>\n<br \/>\n<\/td>\n<\/tr>\n<tr class=\"row-4\">\n\t<td class=\"column-1\">USB<\/td><td class=\"column-2\">1x USB 3.0<br \/>\n<br \/>\n<\/td>\n<\/tr>\n<tr class=\"row-5\">\n\t<td class=\"column-1\">Ethernet<\/td><td class=\"column-2\">1x Gigabit Ethernet (10\/100\/1000)<br \/>\n<br \/>\n<\/td>\n<\/tr>\n<tr class=\"row-6\">\n\t<td class=\"column-1\">Audio<\/td><td class=\"column-2\">1x HDMI Integrated Audio<br \/>\n<br \/>\n<\/td>\n<\/tr>\n<tr class=\"row-7\">\n\t<td class=\"column-1\">SD Card\t<br \/>\n<\/td><td class=\"column-2\">1x microSD<br \/>\n<br \/>\n<\/td>\n<\/tr>\n<tr class=\"row-8\">\n\t<td class=\"column-1\">Serial<\/td><td class=\"column-2\">2x 3.3V UART<br \/>\n<br \/>\n<\/td>\n<\/tr>\n<tr class=\"row-9\">\n\t<td class=\"column-1\">Misc<\/td><td class=\"column-2\">4x GPIO, I2C<br \/>\n<br \/>\n<\/td>\n<\/tr>\n<tr class=\"row-10\">\n\t<td class=\"column-1\">Power Requirements\t<br \/>\n<\/td><td class=\"column-2\">+9V to +14V DC Nominal (+19V Peak)<br \/>\n<br \/>\n<\/td>\n<\/tr>\n<tr class=\"row-11\">\n\t<td class=\"column-1\">Weight<\/td><td class=\"column-2\">ASG003 (Orbitty Carrier): 41 grams | Jetson TX2\/TX1: 144 grams (with heatsink); 75 grams (without heatsink)<br \/>\n<br \/>\n<\/td>\n<\/tr>\n<tr class=\"row-12\">\n\t<td class=\"column-1\">Operating Temperature\t<br \/>\n<\/td><td class=\"column-2\">-40\u00b0C to +85\u00b0C (-40\u00b0F to +185\u00b0F)<br \/>\n<br \/>\n<\/td>\n<\/tr>\n<\/tbody>\n<\/table>\n<!-- #tablepress-434 from cache -->\n","protected":false},"excerpt":{"rendered":"<p>Rozwi\u0105zania COM firmy Connect Tech obejmuj\u0105 p\u0142yty no\u015bne dla r\u00f3\u017cnych modu\u0142\u00f3w. P\u0142ytki no\u015bne COM Express\u00ae typu 7, typu 6, typu 10 i typu 2 zapewniaj\u0105 \u0142atwy dost\u0119p i rozszerzenie modu\u0142u COM Express\u00ae, podczas gdy p\u0142yty no\u015bne NVIDIA\u00ae Jetson &#x2122; TX2 \/ TX1 s\u0105 zaprojektowane tak, aby pasowa\u0142y do Jetson &#x2122; TX2 lub TX1 Wsp\u00f3\u0142czynnik kszta\u0142tu do u\u017cytku w trudnych warunkach.<\/p>\n","protected":false},"featured_media":10111,"template":"","meta":{"_acf_changed":false,"inline_featured_image":false,"_monsterinsights_skip_tracking":false,"_monsterinsights_sitenote_active":false,"_monsterinsights_sitenote_note":"","_monsterinsights_sitenote_category":0},"product_brand":[],"product_cat":[1479,1472,1478],"product_tag":[],"class_list":{"0":"post-9851","1":"product","2":"type-product","3":"status-publish","4":"has-post-thumbnail","6":"product_cat-carrier-boards-nvidia-jetson-tx2-tx1","7":"product_cat-connect-tech-inc","8":"product_cat-nvidia-jetson-tx2-tx1","10":"first","11":"instock","12":"shipping-taxable","13":"product-type-simple"},"acf":[],"_links":{"self":[{"href":"https:\/\/quantum.com.pl\/pl\/wp-json\/wp\/v2\/product\/9851","targetHints":{"allow":["GET"]}}],"collection":[{"href":"https:\/\/quantum.com.pl\/pl\/wp-json\/wp\/v2\/product"}],"about":[{"href":"https:\/\/quantum.com.pl\/pl\/wp-json\/wp\/v2\/types\/product"}],"wp:featuredmedia":[{"embeddable":true,"href":"https:\/\/quantum.com.pl\/pl\/wp-json\/wp\/v2\/media\/10111"}],"wp:attachment":[{"href":"https:\/\/quantum.com.pl\/pl\/wp-json\/wp\/v2\/media?parent=9851"}],"wp:term":[{"taxonomy":"product_brand","embeddable":true,"href":"https:\/\/quantum.com.pl\/pl\/wp-json\/wp\/v2\/product_brand?post=9851"},{"taxonomy":"product_cat","embeddable":true,"href":"https:\/\/quantum.com.pl\/pl\/wp-json\/wp\/v2\/product_cat?post=9851"},{"taxonomy":"product_tag","embeddable":true,"href":"https:\/\/quantum.com.pl\/pl\/wp-json\/wp\/v2\/product_tag?post=9851"}],"curies":[{"name":"wp","href":"https:\/\/api.w.org\/{rel}","templated":true}]}}