{"id":9852,"date":"2020-04-20T22:44:43","date_gmt":"2020-04-20T20:44:43","guid":{"rendered":"https:\/\/quantum.com.pl\/product\/import-placeholder-for-8304\/"},"modified":"2020-11-18T12:56:11","modified_gmt":"2020-11-18T11:56:11","slug":"sprocket-carrier-for-nvidia-jetson-tx2-tx2i-tx1","status":"publish","type":"product","link":"https:\/\/quantum.com.pl\/pl\/product\/sprocket-carrier-for-nvidia-jetson-tx2-tx2i-tx1\/","title":{"rendered":"Sprocket Carrier for NVIDIA\u00ae Jetson&#x2122; TX2\/TX2i\/TX1"},"content":{"rendered":"<h3>Najwa\u017cniejsze cechy<\/h3>\n<ul>\n<li>Najcie\u0144sza mo\u017cliwa konstrukcja w osi Z &#8211; Wszystkie elementy pasuj\u0105 do modu\u0142u \u201epod\u201d TX2 \/ TX2i \/ TX1<\/li>\n<li>Niezwykle ma\u0142y rozmiar: 87 mm x 50 mm (3,425 \u00d7 1,968 \u00d7)<\/li>\n<li>1x USB OTG, 1 x 4-liniowy MIPI CSI-2, 2x 3.3V UART, I2C, 4x GPIO<\/li>\n<li>Zakres wej\u015bciowy od + 12V do + 16V DC<\/li>\n<li>Rozszerzony zakres temperatur -40 \u00b0 C do + 85 \u00b0 C (no\u015bnik z\u0119batki)<\/li>\n<\/ul>\n<p>&nbsp;<\/p>\n<h3>Wi\u0119cej informacji<\/h3>\n<p>Carrier Sprocket Carrier firmy Connect Tech dla NVIDIA\u00ae Jetson &#x2122; TX2, TX2i i TX1 zosta\u0142 zaprojektowany tak, aby pasowa\u0142 do formatu modu\u0142u NVIDIA Jetson. Konstrukcja Sprocket zawiera 1x USB OTG, 1 x4 liniowy MIPI CSI-2, 2x 3.3V UART, 2x I2C i 4x GPIO.<\/p>\n<p>Ta konstrukcja zapewnia nasze najmniejsze i najni\u017csze z dotychczasowych rozwi\u0105za\u0144. Stosy Sprocket i Jetson TX2, TX2i lub Jetson TX1 mo\u017cna montowa\u0107 p\u0142asko w najmniejszej przestrzeni, idealnej do \u0142adunk\u00f3w o ograniczonej przestrzeni, takich jak dron.<\/p>\n<p>Wskocz od razu do nast\u0119pnego projektu z modu\u0142em Jetson TX2, TX2i lub TX1 i z\u0119batk\u0105.<\/p>\n<p>&nbsp;<\/p>\n<h3>Dane techniczne<\/h3>\n\n<table id=\"tablepress-435\" class=\"tablepress tablepress-id-435\">\n<thead>\n<tr class=\"row-1\">\n\t<th class=\"column-1\">Compatibility\t<br \/>\n<\/th><th class=\"column-2\">SMARC V1.1<br \/>\n<br \/>\n<\/th>\n<\/tr>\n<\/thead>\n<tbody class=\"row-striping row-hover\">\n<tr class=\"row-2\">\n\t<td class=\"column-1\">Dimensions\t<br \/>\n<\/td><td class=\"column-2\">100mm x 57.5mm (3.937\u201d x 2.264\u201d)<br \/>\n<br \/>\n<\/td>\n<\/tr>\n<tr class=\"row-3\">\n\t<td class=\"column-1\">Mini PCIe\/mSATA\t<br \/>\n<\/td><td class=\"column-2\">1x Mini-PCIe\/mSATA Half or Full Size<br \/>\n<br \/>\n<\/td>\n<\/tr>\n<tr class=\"row-4\">\n\t<td class=\"column-1\">Storage\t<br \/>\n<\/td><td class=\"column-2\">1x SATA 2.0 Port<br \/>\n<br \/>\n<\/td>\n<\/tr>\n<tr class=\"row-5\">\n\t<td class=\"column-1\">Display<\/td><td class=\"column-2\">1x HDMI<br \/>\n<br \/>\n<\/td>\n<\/tr>\n<tr class=\"row-6\">\n\t<td class=\"column-1\">Serial<\/td><td class=\"column-2\">1x RS-232<br \/>\n<br \/>\n<\/td>\n<\/tr>\n<tr class=\"row-7\">\n\t<td class=\"column-1\">USB<\/td><td class=\"column-2\">2x USB 2.0<br \/>\n<br \/>\n<\/td>\n<\/tr>\n<tr class=\"row-8\">\n\t<td class=\"column-1\">Ethernet<\/td><td class=\"column-2\">1x Gigabit Ethernet (10\/100\/1000)<br \/>\n<br \/>\n<\/td>\n<\/tr>\n<tr class=\"row-9\">\n\t<td class=\"column-1\">SD Card\t<br \/>\n<\/td><td class=\"column-2\">1x microSD<br \/>\n<br \/>\n<\/td>\n<\/tr>\n<tr class=\"row-10\">\n\t<td class=\"column-1\">Audio<\/td><td class=\"column-2\">1x HD Audio Input, 1x HD Audio Output<br \/>\n<br \/>\n<\/td>\n<\/tr>\n<tr class=\"row-11\">\n\t<td class=\"column-1\">Video Input\t<br \/>\n<\/td><td class=\"column-2\">2-Lane MIPI CSI Interface<br \/>\n<br \/>\n<\/td>\n<\/tr>\n<tr class=\"row-12\">\n\t<td class=\"column-1\">Power Requirements\t<br \/>\n<\/td><td class=\"column-2\">+6V to +36V DC Input<br \/>\n<br \/>\n<\/td>\n<\/tr>\n<tr class=\"row-13\">\n\t<td class=\"column-1\">Operating Temperature\t<br \/>\n<\/td><td class=\"column-2\">-40\u00b0C to +85\u00b0C (-40\u00b0F to +185\u00b0F)<br \/>\n<br \/>\n<\/td>\n<\/tr>\n<\/tbody>\n<\/table>\n<!-- #tablepress-435 from cache -->\n","protected":false},"excerpt":{"rendered":"<p>Rozwi\u0105zania COM firmy Connect Tech obejmuj\u0105 p\u0142yty no\u015bne dla r\u00f3\u017cnych modu\u0142\u00f3w. P\u0142ytki no\u015bne COM Express\u00ae typu 7, typu 6, typu 10 i typu 2 zapewniaj\u0105 \u0142atwy dost\u0119p i rozszerzenie modu\u0142u COM Express\u00ae, podczas gdy p\u0142yty no\u015bne NVIDIA\u00ae Jetson &#x2122; TX2 \/ TX1 s\u0105 zaprojektowane tak, aby pasowa\u0142y do Jetson &#x2122; TX2 lub TX1 Wsp\u00f3\u0142czynnik kszta\u0142tu do u\u017cytku w trudnych warunkach.<\/p>\n","protected":false},"featured_media":10113,"template":"","meta":{"_acf_changed":false,"inline_featured_image":false,"_monsterinsights_skip_tracking":false,"_monsterinsights_sitenote_active":false,"_monsterinsights_sitenote_note":"","_monsterinsights_sitenote_category":0},"product_brand":[],"product_cat":[1479,1472,1478],"product_tag":[],"class_list":{"0":"post-9852","1":"product","2":"type-product","3":"status-publish","4":"has-post-thumbnail","6":"product_cat-carrier-boards-nvidia-jetson-tx2-tx1","7":"product_cat-connect-tech-inc","8":"product_cat-nvidia-jetson-tx2-tx1","10":"first","11":"instock","12":"shipping-taxable","13":"product-type-simple"},"acf":[],"_links":{"self":[{"href":"https:\/\/quantum.com.pl\/pl\/wp-json\/wp\/v2\/product\/9852","targetHints":{"allow":["GET"]}}],"collection":[{"href":"https:\/\/quantum.com.pl\/pl\/wp-json\/wp\/v2\/product"}],"about":[{"href":"https:\/\/quantum.com.pl\/pl\/wp-json\/wp\/v2\/types\/product"}],"wp:featuredmedia":[{"embeddable":true,"href":"https:\/\/quantum.com.pl\/pl\/wp-json\/wp\/v2\/media\/10113"}],"wp:attachment":[{"href":"https:\/\/quantum.com.pl\/pl\/wp-json\/wp\/v2\/media?parent=9852"}],"wp:term":[{"taxonomy":"product_brand","embeddable":true,"href":"https:\/\/quantum.com.pl\/pl\/wp-json\/wp\/v2\/product_brand?post=9852"},{"taxonomy":"product_cat","embeddable":true,"href":"https:\/\/quantum.com.pl\/pl\/wp-json\/wp\/v2\/product_cat?post=9852"},{"taxonomy":"product_tag","embeddable":true,"href":"https:\/\/quantum.com.pl\/pl\/wp-json\/wp\/v2\/product_tag?post=9852"}],"curies":[{"name":"wp","href":"https:\/\/api.w.org\/{rel}","templated":true}]}}