{"id":9853,"date":"2020-04-20T22:44:43","date_gmt":"2020-04-20T20:44:43","guid":{"rendered":"https:\/\/quantum.com.pl\/product\/import-placeholder-for-8311\/"},"modified":"2020-11-18T12:42:57","modified_gmt":"2020-11-18T11:42:57","slug":"astro-carrier-for-nvidia-jetson-tx2-tx2i-tx1","status":"publish","type":"product","link":"https:\/\/quantum.com.pl\/pl\/product\/astro-carrier-for-nvidia-jetson-tx2-tx2i-tx1\/","title":{"rendered":"Astro Carrier for NVIDIA\u00ae Jetson&#x2122; TX2\/TX2i\/TX1"},"content":{"rendered":"<h3>Najwa\u017cniejsze cechy<\/h3>\n<ul>\n<li>2 porty Gigabit (10\/100\/1000)<\/li>\n<li>Porty USB i HDMI<\/li>\n<li>U\u017cywaj z \u0142\u00f3\u017ceczkami lub niestandardowymi deskami<\/li>\n<li>87 mm x 57 mm (3,43 2.2 x 2,24 \u2033)<\/li>\n<li>Rozszerzony zakres temperatur -40 \u00b0 C do + 85 \u00b0 C (Astro Carrier)<\/li>\n<li>Wej\u015bcia wideo: MIPI, GMSL *<\/li>\n<\/ul>\n<p>&nbsp;<\/p>\n<h3>Wi\u0119cej informacji<\/h3>\n<p>Astro jest specjalnie zaprojektowany do wsp\u00f3\u0142pracy z superkomputerem-modu\u0142em NVIDIA\u00ae Jetson &#x2122; TX2, TX2i lub TX1. Przewo\u017anik Astro zapewnia<br \/>\ndost\u0119p do funkcji znajduj\u0105cych si\u0119 w module Jetson TX2 \/ TX2i \/ TX1 w bardzo ma\u0142ej powierzchni (87 mm x 57 mm \/ 3,43 \u2033 x 2,24 \u2033). Wykorzystuje z\u0142\u0105cze typu board-to-board o wysokiej g\u0119sto\u015bci, kt\u00f3re pozwala na korzystanie z Connect Tech z p\u00f3\u0142ki lub niestandardowych zaprojektowanych p\u0142yt wybijanych.<\/p>\n<p>&nbsp;<\/p>\n<h3>Dane Techniczne<\/h3>\n\n<table id=\"tablepress-436\" class=\"tablepress tablepress-id-436\">\n<thead>\n<tr class=\"row-1\">\n\t<th class=\"column-1\">Compatibility\t<br \/>\n<\/th><th class=\"column-2\">All SMARC 2.0 Compliant Modules<br \/>\n<br \/>\n<\/th>\n<\/tr>\n<\/thead>\n<tbody class=\"row-striping row-hover\">\n<tr class=\"row-2\">\n\t<td class=\"column-1\">Network<\/td><td class=\"column-2\">2x RJ-45 GbE<br \/>\n<br \/>\n<\/td>\n<\/tr>\n<tr class=\"row-3\">\n\t<td class=\"column-1\">Display<\/td><td class=\"column-2\">2x HDMI<br \/>\n<br \/>\n<\/td>\n<\/tr>\n<tr class=\"row-4\">\n\t<td class=\"column-1\">USB\t<br \/>\n<\/td><td class=\"column-2\">2x USB 2.0 (exposed), 2x USB 2.0 (Mini-PCIe), 2x USB 3.0<br \/>\n<br \/>\n<\/td>\n<\/tr>\n<tr class=\"row-5\">\n\t<td class=\"column-1\">Storage<\/td><td class=\"column-2\">1x mSATA<br \/>\n<br \/>\n<\/td>\n<\/tr>\n<tr class=\"row-6\">\n\t<td class=\"column-1\">I2C<\/td><td class=\"column-2\">1x I2C ports @ 3.3V I\/O<br \/>\n<br \/>\n<\/td>\n<\/tr>\n<tr class=\"row-7\">\n\t<td class=\"column-1\">Serial\t<br \/>\n<\/td><td class=\"column-2\">1x RS-232<br \/>\n<br \/>\n<\/td>\n<\/tr>\n<tr class=\"row-8\">\n\t<td class=\"column-1\">GPIO<\/td><td class=\"column-2\">8 bits of 3.3V<br \/>\n<br \/>\n<\/td>\n<\/tr>\n<tr class=\"row-9\">\n\t<td class=\"column-1\">Video Input\t<br \/>\n<\/td><td class=\"column-2\">1x MIPI CSI-2 (x2 lane), 1x MIPI CSI-2 (x4 lane)<br \/>\n<br \/>\n<\/td>\n<\/tr>\n<tr class=\"row-10\">\n\t<td class=\"column-1\">Expansion<\/td><td class=\"column-2\">2x miniPCIe Full Sized slot (1 slot mSATA capable)<br \/>\n<br \/>\n<\/td>\n<\/tr>\n<tr class=\"row-11\">\n\t<td class=\"column-1\">LEDs<\/td><td class=\"column-2\">PWR, RESET LEDs<br \/>\n<br \/>\n<\/td>\n<\/tr>\n<tr class=\"row-12\">\n\t<td class=\"column-1\">Input Power\t<br \/>\n<\/td><td class=\"column-2\">+5V DC Input only (fine pitch, high current)<br \/>\n<br \/>\n<\/td>\n<\/tr>\n<tr class=\"row-13\">\n\t<td class=\"column-1\">Dimensions<\/td><td class=\"column-2\">105.8mm x 82.4mm (4.165\u2033 x 3.244\u2033)<br \/>\n<br \/>\n<\/td>\n<\/tr>\n<tr class=\"row-14\">\n\t<td class=\"column-1\">Operating Temperature\t<br \/>\n<\/td><td class=\"column-2\">-40\u00b0C to +85\u00b0C (-40\u00b0F to +185\u00b0F)<br \/>\n<br \/>\n<\/td>\n<\/tr>\n<\/tbody>\n<\/table>\n<!-- #tablepress-436 from cache -->\n","protected":false},"excerpt":{"rendered":"<p>Rozwi\u0105zania COM firmy Connect Tech obejmuj\u0105 p\u0142yty no\u015bne dla r\u00f3\u017cnych modu\u0142\u00f3w. P\u0142ytki no\u015bne COM Express\u00ae typu 7, typu 6, typu 10 i typu 2 zapewniaj\u0105 \u0142atwy dost\u0119p i rozszerzenie modu\u0142u COM Express\u00ae, podczas gdy p\u0142yty no\u015bne NVIDIA\u00ae Jetson &#x2122; TX2 \/ TX1 s\u0105 zaprojektowane tak, aby pasowa\u0142y do Jetson &#x2122; TX2 lub TX1 Wsp\u00f3\u0142czynnik kszta\u0142tu do u\u017cytku w trudnych warunkach.<\/p>\n","protected":false},"featured_media":10115,"template":"","meta":{"_acf_changed":false,"inline_featured_image":false,"_monsterinsights_skip_tracking":false,"_monsterinsights_sitenote_active":false,"_monsterinsights_sitenote_note":"","_monsterinsights_sitenote_category":0},"product_brand":[],"product_cat":[1479,1472,1478],"product_tag":[],"class_list":{"0":"post-9853","1":"product","2":"type-product","3":"status-publish","4":"has-post-thumbnail","6":"product_cat-carrier-boards-nvidia-jetson-tx2-tx1","7":"product_cat-connect-tech-inc","8":"product_cat-nvidia-jetson-tx2-tx1","10":"first","11":"instock","12":"shipping-taxable","13":"product-type-simple"},"acf":[],"_links":{"self":[{"href":"https:\/\/quantum.com.pl\/pl\/wp-json\/wp\/v2\/product\/9853","targetHints":{"allow":["GET"]}}],"collection":[{"href":"https:\/\/quantum.com.pl\/pl\/wp-json\/wp\/v2\/product"}],"about":[{"href":"https:\/\/quantum.com.pl\/pl\/wp-json\/wp\/v2\/types\/product"}],"wp:featuredmedia":[{"embeddable":true,"href":"https:\/\/quantum.com.pl\/pl\/wp-json\/wp\/v2\/media\/10115"}],"wp:attachment":[{"href":"https:\/\/quantum.com.pl\/pl\/wp-json\/wp\/v2\/media?parent=9853"}],"wp:term":[{"taxonomy":"product_brand","embeddable":true,"href":"https:\/\/quantum.com.pl\/pl\/wp-json\/wp\/v2\/product_brand?post=9853"},{"taxonomy":"product_cat","embeddable":true,"href":"https:\/\/quantum.com.pl\/pl\/wp-json\/wp\/v2\/product_cat?post=9853"},{"taxonomy":"product_tag","embeddable":true,"href":"https:\/\/quantum.com.pl\/pl\/wp-json\/wp\/v2\/product_tag?post=9853"}],"curies":[{"name":"wp","href":"https:\/\/api.w.org\/{rel}","templated":true}]}}