{"id":9854,"date":"2020-04-20T22:44:43","date_gmt":"2020-04-20T20:44:43","guid":{"rendered":"https:\/\/quantum.com.pl\/product\/import-placeholder-for-8317\/"},"modified":"2020-11-18T12:46:01","modified_gmt":"2020-11-18T11:46:01","slug":"elroy-carrier-for-nvidia-jetson-tx2-tx2i-tx1","status":"publish","type":"product","link":"https:\/\/quantum.com.pl\/pl\/product\/elroy-carrier-for-nvidia-jetson-tx2-tx2i-tx1\/","title":{"rendered":"Elroy Carrier for NVIDIA\u00ae Jetson&#x2122; TX2\/TX2i\/TX1"},"content":{"rendered":"<h3>Najwa\u017cniejsze cechy<\/h3>\n<ul>\n<li>Niezwykle ma\u0142y rozmiar: 87 mm x 50 mm (3,425 \u00d7 1,968 \u00d7)<\/li>\n<li>Head-to-Head Dual Mini-PCIe<\/li>\n<li>Podw\u00f3jne wej\u015bcia wideo MIPI CSI-2 x2<\/li>\n<li>Rozszerzony zakres temperatur -40 \u00b0 C do + 85 \u00b0 C (Elroy Carrier)<\/li>\n<\/ul>\n<p>&nbsp;<\/p>\n<h3>Wi\u0119cej Informacji<\/h3>\n<p>Connect Tech Elroy Carrier for NVIDIA\u00ae Jetson &#x2122; TX2 \/ TX2i \/ TX1 wprowadza na rynek niedrogie rozwi\u0105zanie Jetson &#x2122; TX2 \/ TX2i \/ TX1 do wdro\u017cenia. Zaprojektowany, aby pasowa\u0107 do formatu NVIDIA\u00ae Jetson &#x2122; TX2, TX2i lub TX1, konstrukcja Elroy obejmuje podw\u00f3jne wej\u015bcia wideo MIPI CSI-2 Dual x2, rozszerzenie Mini-PCIe \/ mSATA, wideo HDMI, USB 3.0 i 2.0 oraz dwa porty szeregowe dla RS-232\/485.<\/p>\n<p>Wszystko to zosta\u0142o zaprojektowane do u\u017cytku w trudnych warunkach w ma\u0142ej obudowie. Z blokuj\u0105cymi z\u0142\u0105czami wtykowymi, lutowaniem w dystansach i komponentami przemys\u0142owego zakresu temperatur, Elroy si\u0119 sprawdza.<\/p>\n<p>&nbsp;<\/p>\n<h3>Dane Techniczne<\/h3>\n\n<table id=\"tablepress-437\" class=\"tablepress tablepress-id-437\">\n<thead>\n<tr class=\"row-1\">\n\t<th class=\"column-1\">Controls<\/th><th class=\"column-2\">LVDS Video &amp; Back Light Controls<br \/>\n<br \/>\n<\/th>\n<\/tr>\n<\/thead>\n<tbody class=\"row-striping row-hover\">\n<tr class=\"row-2\">\n\t<td class=\"column-1\">USB\t<br \/>\n<\/td><td class=\"column-2\">4x USB 2.0, 8x USB 2.0<br \/>\n<br \/>\n<\/td>\n<\/tr>\n<tr class=\"row-3\">\n\t<td class=\"column-1\">Operating Temperature\t<br \/>\n<\/td><td class=\"column-2\">-40\u00b0C to +85\u00b0C (-40\u00b0F to +185\u00b0F)<br \/>\n<br \/>\n<\/td>\n<\/tr>\n<tr class=\"row-4\">\n\t<td class=\"column-1\">Power Requirements\t<br \/>\n<\/td><td class=\"column-2\">+5V 6A, +12V 200ma, RTC Battery<br \/>\n<br \/>\n<\/td>\n<\/tr>\n<\/tbody>\n<\/table>\n<!-- #tablepress-437 from cache -->\n","protected":false},"excerpt":{"rendered":"<p>Rozwi\u0105zania COM firmy Connect Tech obejmuj\u0105 p\u0142yty no\u015bne dla r\u00f3\u017cnych modu\u0142\u00f3w. P\u0142ytki no\u015bne COM Express\u00ae typu 7, typu 6, typu 10 i typu 2 zapewniaj\u0105 \u0142atwy dost\u0119p i rozszerzenie modu\u0142u COM Express\u00ae, podczas gdy p\u0142yty no\u015bne NVIDIA\u00ae Jetson &#x2122; TX2 \/ TX1 s\u0105 zaprojektowane tak, aby pasowa\u0142y do Jetson &#x2122; TX2 lub TX1 Wsp\u00f3\u0142czynnik kszta\u0142tu do u\u017cytku w trudnych warunkach.<\/p>\n","protected":false},"featured_media":10117,"template":"","meta":{"_acf_changed":false,"inline_featured_image":false,"_monsterinsights_skip_tracking":false,"_monsterinsights_sitenote_active":false,"_monsterinsights_sitenote_note":"","_monsterinsights_sitenote_category":0},"product_brand":[],"product_cat":[1479,1472,1478],"product_tag":[],"class_list":{"0":"post-9854","1":"product","2":"type-product","3":"status-publish","4":"has-post-thumbnail","6":"product_cat-carrier-boards-nvidia-jetson-tx2-tx1","7":"product_cat-connect-tech-inc","8":"product_cat-nvidia-jetson-tx2-tx1","10":"first","11":"instock","12":"shipping-taxable","13":"product-type-simple"},"acf":[],"_links":{"self":[{"href":"https:\/\/quantum.com.pl\/pl\/wp-json\/wp\/v2\/product\/9854","targetHints":{"allow":["GET"]}}],"collection":[{"href":"https:\/\/quantum.com.pl\/pl\/wp-json\/wp\/v2\/product"}],"about":[{"href":"https:\/\/quantum.com.pl\/pl\/wp-json\/wp\/v2\/types\/product"}],"wp:featuredmedia":[{"embeddable":true,"href":"https:\/\/quantum.com.pl\/pl\/wp-json\/wp\/v2\/media\/10117"}],"wp:attachment":[{"href":"https:\/\/quantum.com.pl\/pl\/wp-json\/wp\/v2\/media?parent=9854"}],"wp:term":[{"taxonomy":"product_brand","embeddable":true,"href":"https:\/\/quantum.com.pl\/pl\/wp-json\/wp\/v2\/product_brand?post=9854"},{"taxonomy":"product_cat","embeddable":true,"href":"https:\/\/quantum.com.pl\/pl\/wp-json\/wp\/v2\/product_cat?post=9854"},{"taxonomy":"product_tag","embeddable":true,"href":"https:\/\/quantum.com.pl\/pl\/wp-json\/wp\/v2\/product_tag?post=9854"}],"curies":[{"name":"wp","href":"https:\/\/api.w.org\/{rel}","templated":true}]}}