{"id":9855,"date":"2020-04-20T22:44:44","date_gmt":"2020-04-20T20:44:44","guid":{"rendered":"https:\/\/quantum.com.pl\/product\/import-placeholder-for-8324\/"},"modified":"2020-11-18T12:50:08","modified_gmt":"2020-11-18T11:50:08","slug":"orbitty-carrier-for-nvidia-jetson-tx2-tx2i-tx1","status":"publish","type":"product","link":"https:\/\/quantum.com.pl\/pl\/product\/orbitty-carrier-for-nvidia-jetson-tx2-tx2i-tx1\/","title":{"rendered":"Orbitty Carrier for NVIDIA\u00ae Jetson&#x2122; TX2\/TX2i\/TX1"},"content":{"rendered":"<h3>Najwa\u017cniejsze cechy<\/h3>\n<ul>\n<li>Niezwykle ma\u0142y rozmiar: 87 mm x 50 mm (3,425 \u00d7 1,968 \u00d7)<\/li>\n<li>1x GbE, USB 3.0, USB 2.0, 1x HDMI, 1x MicroSD, 2x 3.3V UART, I2C, 4x GPIO<\/li>\n<li>Nominalne od + 9 V do + 14 V DC (szczyt +19 V)<\/li>\n<li>Rozszerzony zakres temperatur od -40 \u00b0 C do + 85 \u00b0 C (no\u015bnik orbit)<\/li>\n<\/ul>\n<p>&nbsp;<\/p>\n<h3>Wi\u0119cej Informacji<\/h3>\n<p>Connect Tech Orbitty Carrier dla NVIDIA\u00ae Jetson &#x2122; TX2, TX2i 4GB, TX2i i Jetson &#x2122; TX1 zosta\u0142 zaprojektowany tak, aby pasowa\u0142 do formatu modu\u0142u NVIDIA Jetson TX2 \/ TX2i \/ TX1. Projekt Orbitty obejmuje 1x USB 3.0, 1x USB 2.0 OTG, 1x HDMI, 1x GbE, 1x microSD, 2x 3.3V UART, I2C i 4x GPIO. Idealny do robotyki i bezza\u0142ogowych aplikacji lub w dowolnym trudnym \u015brodowisku o ma\u0142ych rozmiarach.<\/p>\n<p>Orbitty uzupe\u0142nia nasz\u0105 lini\u0119 produkt\u00f3w Jetson TX2, TX2i i TX1, oferuj\u0105c jak dot\u0105d najta\u0144szego przewo\u017anika. Szybko rozpocznij prac\u0119 z modu\u0142em Jetson &#x2122; TX2 \/ TX1 i Orbitty.<\/p>\n<h3><\/h3>\n<h3>Dane Techniczne<\/h3>\n\n<table id=\"tablepress-438\" class=\"tablepress tablepress-id-438\">\n<thead>\n<tr class=\"row-1\">\n\t<th class=\"column-1\">Dimensions<\/th><th class=\"column-2\">146.05mm x 131.76mm (5.75\u201d x 5.1875\u201d)<br \/>\n<br \/>\n<\/th>\n<\/tr>\n<\/thead>\n<tbody class=\"row-striping row-hover\">\n<tr class=\"row-2\">\n\t<td class=\"column-1\">Mini PCIe\/mSATA\t<br \/>\n<\/td><td class=\"column-2\">2x Mini-PCIe\/mSATA<br \/>\n<br \/>\n<\/td>\n<\/tr>\n<tr class=\"row-3\">\n\t<td class=\"column-1\">GPIO\t<br \/>\n<\/td><td class=\"column-2\">16-bit<br \/>\n<br \/>\n<\/td>\n<\/tr>\n<tr class=\"row-4\">\n\t<td class=\"column-1\">Storage<\/td><td class=\"column-2\">2x External SATA<br \/>\n<br \/>\n<\/td>\n<\/tr>\n<tr class=\"row-5\">\n\t<td class=\"column-1\">Display<\/td><td class=\"column-2\">1x DisplayPort\/HDMI\/DVI, 1x LVDS<br \/>\n<br \/>\n<\/td>\n<\/tr>\n<tr class=\"row-6\">\n\t<td class=\"column-1\">Serial<\/td><td class=\"column-2\">4x RS-232\/RS-485<br \/>\n<br \/>\n<\/td>\n<\/tr>\n<tr class=\"row-7\">\n\t<td class=\"column-1\">USB<\/td><td class=\"column-2\">1x USB 3.0, 4x USB 2.0<br \/>\n<br \/>\n<\/td>\n<\/tr>\n<tr class=\"row-8\">\n\t<td class=\"column-1\">Ethernet<\/td><td class=\"column-2\">2x Gigabit (10\/100\/1000) Ports<br \/>\n<br \/>\n<\/td>\n<\/tr>\n<tr class=\"row-9\">\n\t<td class=\"column-1\">SD Card\t<br \/>\n<\/td><td class=\"column-2\">1x microSD<br \/>\n<br \/>\n<\/td>\n<\/tr>\n<tr class=\"row-10\">\n\t<td class=\"column-1\">Power Requirements\t<br \/>\n<\/td><td class=\"column-2\">+12V to +36V DC Input<br \/>\n<br \/>\n<\/td>\n<\/tr>\n<tr class=\"row-11\">\n\t<td class=\"column-1\">Operating Temperature\t<br \/>\n<\/td><td class=\"column-2\">-40\u00b0C to +85\u00b0C (-40\u00b0F to +185\u00b0F)<br \/>\n<br \/>\n<\/td>\n<\/tr>\n<tr class=\"row-12\">\n\t<td class=\"column-1\">Audio\t<br \/>\n<\/td><td class=\"column-2\">1x HD Audio Input, 1x HD Audio Output<br \/>\n<br \/>\n<\/td>\n<\/tr>\n<\/tbody>\n<\/table>\n<!-- #tablepress-438 from cache -->\n","protected":false},"excerpt":{"rendered":"<p>Rozwi\u0105zania COM firmy Connect Tech obejmuj\u0105 p\u0142yty no\u015bne dla r\u00f3\u017cnych modu\u0142\u00f3w. P\u0142ytki no\u015bne COM Express\u00ae typu 7, typu 6, typu 10 i typu 2 zapewniaj\u0105 \u0142atwy dost\u0119p i rozszerzenie modu\u0142u COM Express\u00ae, podczas gdy p\u0142yty no\u015bne NVIDIA\u00ae Jetson &#x2122; TX2 \/ TX1 s\u0105 zaprojektowane tak, aby pasowa\u0142y do Jetson &#x2122; TX2 lub TX1 Wsp\u00f3\u0142czynnik kszta\u0142tu do u\u017cytku w trudnych warunkach.<\/p>\n","protected":false},"featured_media":10107,"template":"","meta":{"_acf_changed":false,"inline_featured_image":false,"_monsterinsights_skip_tracking":false,"_monsterinsights_sitenote_active":false,"_monsterinsights_sitenote_note":"","_monsterinsights_sitenote_category":0},"product_brand":[],"product_cat":[1479,1472,1478],"product_tag":[],"class_list":{"0":"post-9855","1":"product","2":"type-product","3":"status-publish","4":"has-post-thumbnail","6":"product_cat-carrier-boards-nvidia-jetson-tx2-tx1","7":"product_cat-connect-tech-inc","8":"product_cat-nvidia-jetson-tx2-tx1","10":"first","11":"instock","12":"shipping-taxable","13":"product-type-simple"},"acf":[],"_links":{"self":[{"href":"https:\/\/quantum.com.pl\/pl\/wp-json\/wp\/v2\/product\/9855","targetHints":{"allow":["GET"]}}],"collection":[{"href":"https:\/\/quantum.com.pl\/pl\/wp-json\/wp\/v2\/product"}],"about":[{"href":"https:\/\/quantum.com.pl\/pl\/wp-json\/wp\/v2\/types\/product"}],"wp:featuredmedia":[{"embeddable":true,"href":"https:\/\/quantum.com.pl\/pl\/wp-json\/wp\/v2\/media\/10107"}],"wp:attachment":[{"href":"https:\/\/quantum.com.pl\/pl\/wp-json\/wp\/v2\/media?parent=9855"}],"wp:term":[{"taxonomy":"product_brand","embeddable":true,"href":"https:\/\/quantum.com.pl\/pl\/wp-json\/wp\/v2\/product_brand?post=9855"},{"taxonomy":"product_cat","embeddable":true,"href":"https:\/\/quantum.com.pl\/pl\/wp-json\/wp\/v2\/product_cat?post=9855"},{"taxonomy":"product_tag","embeddable":true,"href":"https:\/\/quantum.com.pl\/pl\/wp-json\/wp\/v2\/product_tag?post=9855"}],"curies":[{"name":"wp","href":"https:\/\/api.w.org\/{rel}","templated":true}]}}