{"id":9856,"date":"2020-04-20T22:44:44","date_gmt":"2020-04-20T20:44:44","guid":{"rendered":"https:\/\/quantum.com.pl\/product\/import-placeholder-for-8333\/"},"modified":"2020-08-25T22:41:50","modified_gmt":"2020-08-25T20:41:50","slug":"smarc-sl","status":"publish","type":"product","link":"https:\/\/quantum.com.pl\/pl\/product\/smarc-sl\/","title":{"rendered":"SMARC\/SL"},"content":{"rendered":"<h3>Najwa\u017cniejsze cechy<\/h3>\n<ul>\n<li>Super Small Form Factor<\/li>\n<li>Pakiety funkcji (HDMI, SATA, 2-liniowy interfejs kamery MIPI CSI)<\/li>\n<li>Zewn\u0119trzne obwody prze\u0142\u0105czaj\u0105ce SATA \/ mSATA<\/li>\n<li>Pojedyncze szerokopasmowe napi\u0119cie wej\u015bciowe + 6 V do + 36 V DC<\/li>\n<li>Rozszerzony zakres temperatur -40 \u00b0 C do 85 \u00b0 C<\/li>\n<\/ul>\n<p>&nbsp;<\/p>\n<h3>Wi\u0119cej Informacji<\/h3>\n<p>SMARC \/ SL firmy Connect Tech to super ma\u0142a p\u0142yta no\u015bna SMARC idealna do zastosowa\u0144 o niskiej mocy. SMARC \/ SL ma mo\u017cliwo\u015b\u0107 korzystania z modu\u0142\u00f3w SMARC + 3,3 V i + 1,8 V, pojedynczego Mini-PCIe \/ mSATA z zewn\u0119trznym prze\u0142\u0105czaniem SATA, Gigabit Ethernet, HDMI Video i interfejsu kamery MIPI CSI.<\/p>\n<p>SMARC \/ SL obs\u0142uguje rozszerzony zakres temperatur od -40 \u00b0 C do 85 \u00b0 C i oferuje bardzo ma\u0142y \u015blad; idealny do aplikacji mobilnych lub stacjonarnych.<\/p>\n<p>&nbsp;<\/p>\n<h3>Dane techniczne<\/h3>\n\n<table id=\"tablepress-439\" class=\"tablepress tablepress-id-439\">\n<thead>\n<tr class=\"row-1\">\n\t<th class=\"column-1\">Compatibility\t<br \/>\n<\/th><th class=\"column-2\">PCIe\/104<br \/>\n<br \/>\n<\/th>\n<\/tr>\n<\/thead>\n<tbody class=\"row-striping row-hover\">\n<tr class=\"row-2\">\n\t<td class=\"column-1\">Display<\/td><td class=\"column-2\">1x LVDS, 1x VGA<br \/>\n<br \/>\n<\/td>\n<\/tr>\n<tr class=\"row-3\">\n\t<td class=\"column-1\">Storage\t<br \/>\n<\/td><td class=\"column-2\">2x SATA<br \/>\n<br \/>\n<\/td>\n<\/tr>\n<tr class=\"row-4\">\n\t<td class=\"column-1\">Serial<\/td><td class=\"column-2\">2x RS-232, 2x RS-485<br \/>\n<br \/>\n<\/td>\n<\/tr>\n<tr class=\"row-5\">\n\t<td class=\"column-1\">USB<\/td><td class=\"column-2\">4x USB 2.0<br \/>\n<br \/>\n<\/td>\n<\/tr>\n<tr class=\"row-6\">\n\t<td class=\"column-1\">Ethernet<\/td><td class=\"column-2\">1x Gigabit Ethernet (10\/100\/1000)<br \/>\n<br \/>\n<\/td>\n<\/tr>\n<tr class=\"row-7\">\n\t<td class=\"column-1\">Dimensions<\/td><td class=\"column-2\">PC\/104 Compliant<br \/>\n<br \/>\n<\/td>\n<\/tr>\n<tr class=\"row-8\">\n\t<td class=\"column-1\">Operating Temperature\t<br \/>\n<\/td><td class=\"column-2\">-20\u00b0C to +70\u00b0C (-4\u00b0F to +158\u00b0F)<br \/>\n<br \/>\n<\/td>\n<\/tr>\n<tr class=\"row-9\">\n\t<td class=\"column-1\">Power Requirements\t<br \/>\n<\/td><td class=\"column-2\">ATX Supply Input<br \/>\n<br \/>\n<\/td>\n<\/tr>\n<tr class=\"row-10\">\n\t<td class=\"column-1\">I\/O\t<br \/>\n<\/td><td class=\"column-2\">PS\/2 keyboard and mouse<br \/>\n<br \/>\n<\/td>\n<\/tr>\n<\/tbody>\n<\/table>\n<!-- #tablepress-439 from cache -->\n","protected":false},"excerpt":{"rendered":"<p>Rozwi\u0105zania COM firmy Connect Tech obejmuj\u0105 p\u0142yty no\u015bne dla r\u00f3\u017cnych modu\u0142\u00f3w. P\u0142ytki no\u015bne COM Express\u00ae typu 7, typu 6, typu 10 i typu 2 zapewniaj\u0105 \u0142atwy dost\u0119p i rozszerzenie modu\u0142u COM Express\u00ae, podczas gdy p\u0142yty no\u015bne NVIDIA\u00ae Jetson &#x2122; TX2 \/ TX1 s\u0105 zaprojektowane tak, aby pasowa\u0142y do Jetson &#x2122; TX2 lub TX1 Wsp\u00f3\u0142czynnik kszta\u0142tu do u\u017cytku w trudnych warunkach.<\/p>\n","protected":false},"featured_media":10103,"template":"","meta":{"_acf_changed":false,"inline_featured_image":false,"_monsterinsights_skip_tracking":false,"_monsterinsights_sitenote_active":false,"_monsterinsights_sitenote_note":"","_monsterinsights_sitenote_category":0},"product_brand":[],"product_cat":[1472,1584,1480],"product_tag":[],"class_list":{"0":"post-9856","1":"product","2":"type-product","3":"status-publish","4":"has-post-thumbnail","6":"product_cat-connect-tech-inc","7":"product_cat-komputery-jednoplytkowe-sbc-2","8":"product_cat-smarc","10":"first","11":"instock","12":"shipping-taxable","13":"product-type-simple"},"acf":[],"_links":{"self":[{"href":"https:\/\/quantum.com.pl\/pl\/wp-json\/wp\/v2\/product\/9856","targetHints":{"allow":["GET"]}}],"collection":[{"href":"https:\/\/quantum.com.pl\/pl\/wp-json\/wp\/v2\/product"}],"about":[{"href":"https:\/\/quantum.com.pl\/pl\/wp-json\/wp\/v2\/types\/product"}],"wp:featuredmedia":[{"embeddable":true,"href":"https:\/\/quantum.com.pl\/pl\/wp-json\/wp\/v2\/media\/10103"}],"wp:attachment":[{"href":"https:\/\/quantum.com.pl\/pl\/wp-json\/wp\/v2\/media?parent=9856"}],"wp:term":[{"taxonomy":"product_brand","embeddable":true,"href":"https:\/\/quantum.com.pl\/pl\/wp-json\/wp\/v2\/product_brand?post=9856"},{"taxonomy":"product_cat","embeddable":true,"href":"https:\/\/quantum.com.pl\/pl\/wp-json\/wp\/v2\/product_cat?post=9856"},{"taxonomy":"product_tag","embeddable":true,"href":"https:\/\/quantum.com.pl\/pl\/wp-json\/wp\/v2\/product_tag?post=9856"}],"curies":[{"name":"wp","href":"https:\/\/api.w.org\/{rel}","templated":true}]}}