{"id":9858,"date":"2020-04-20T22:44:44","date_gmt":"2020-04-20T20:44:44","guid":{"rendered":"https:\/\/quantum.com.pl\/product\/import-placeholder-for-8347\/"},"modified":"2020-08-25T22:38:33","modified_gmt":"2020-08-25T20:38:33","slug":"ultra-lite-and-lite-qseven-carrier-boards","status":"publish","type":"product","link":"https:\/\/quantum.com.pl\/pl\/product\/ultra-lite-and-lite-qseven-carrier-boards\/","title":{"rendered":"Ultra Lite and Lite Qseven Carrier Boards"},"content":{"rendered":"<h3>Najwa\u017cniejsze cechy<\/h3>\n<ul>\n<li>Integruje si\u0119 z dowolnym gotowym standardowym modu\u0142em Qseven<\/li>\n<li>Dost\u0119pne opcjonalne zestawy kabli do \u0142atwego po\u0142\u0105czenia z funkcjami Qseven<\/li>\n<li>Opcje AMD, Intel\u00ae Atom &#x2122; i Freescale i.MX6<\/li>\n<\/ul>\n<p>&nbsp;<\/p>\n<h3>Wi\u0119cej Informacji<\/h3>\n<p>P\u0142ytki Connect Tech Ultra Lite i Lite Qseven Carrier to tanie, bogate w funkcje no\u015bniki, kt\u00f3re integruj\u0105 si\u0119 z dowolnym standardowym w bran\u017cy modu\u0142em Qseven.<\/p>\n<p>P\u0142yty no\u015bne Ultra Lite i Lite Qseven oferuj\u0105 szereg wbudowanych opcji procesor\u00f3w, w tym AMD Fusion \/ G-Series, Intel\u00ae Atom &#x2122; Z500 i E600, Freescale i.MX6. Te karty no\u015bne nie s\u0105 powi\u0105zane z \u017cadn\u0105 konkretn\u0105 architektur\u0105 magistrali i oferuj\u0105 mo\u017cliwo\u015b\u0107 rozszerzenia karty Mini-PCIe i karty SIM. Dodaj wyb\u00f3r urz\u0105dze\u0144 peryferyjnych Mini-PCIe, w tym Wi-Fi, GPS, Bluetooth lub pami\u0119ci masowej, w zale\u017cno\u015bci od aplikacji i uzyskaj natychmiastowy dost\u0119p do taniego, kompaktowego i elastycznego rozwi\u0105zania komputerowego.<\/p>\n<p>P\u0142yty no\u015bne Ultra Lite i Lite Qseven s\u0105 idealne do rozrywki mobilnej, kiosk\u00f3w, oznakowa\u0144 cyfrowych, urz\u0105dze\u0144 do noszenia \u017co\u0142nierzy i gier, \u017ceby wymieni\u0107 tylko kilka.<\/p>\n<p>&nbsp;<\/p>\n<h3><strong>Dane techniczne<\/strong><\/h3>\n\n<table id=\"tablepress-441\" class=\"tablepress tablepress-id-441\">\n<tbody class=\"row-striping row-hover\">\n<tr class=\"row-1\">\n\t<td class=\"column-1\">Ethernet Switch Engine\t<\/td><td class=\"column-2\">Vitesse VSC7448 Carrier Grade Ethernet Switch Chipset<\/td>\n<\/tr>\n<tr class=\"row-2\">\n\t<td class=\"column-1\">Ports<\/td><td class=\"column-2\">36 Total Switching Ports<br \/>\n\u2022 4x 10G (SFI) Ports<br \/>\n\u2022 8x 1G (SGMII) Ports<br \/>\n\u2022 24x 1G (Copper 10\/100\/1000Mbps) Ports<\/td>\n<\/tr>\n<tr class=\"row-3\">\n\t<td class=\"column-1\">Memory<\/td><td class=\"column-2\">128Mb Serial NOR Flash, 4Gb DDR3 SDRAM<\/td>\n<\/tr>\n<tr class=\"row-4\">\n\t<td class=\"column-1\">I\/O Connector Type<\/td><td class=\"column-2\">High-Density 440-pin Board-to-Board Connector<\/td>\n<\/tr>\n<\/tbody>\n<\/table>\n<!-- #tablepress-441 from cache -->\n","protected":false},"excerpt":{"rendered":"<p>Rozwi\u0105zania COM firmy Connect Tech obejmuj\u0105 p\u0142yty no\u015bne dla r\u00f3\u017cnych modu\u0142\u00f3w. P\u0142ytki no\u015bne COM Express\u00ae typu 7, typu 6, typu 10 i typu 2 zapewniaj\u0105 \u0142atwy dost\u0119p i rozszerzenie modu\u0142u COM Express\u00ae, podczas gdy p\u0142yty no\u015bne NVIDIA\u00ae Jetson &#x2122; TX2 \/ TX1 s\u0105 zaprojektowane tak, aby pasowa\u0142y do Jetson &#x2122; TX2 lub TX1 Wsp\u00f3\u0142czynnik kszta\u0142tu do u\u017cytku w trudnych warunkach.<\/p>\n","protected":false},"featured_media":10101,"template":"","meta":{"_acf_changed":false,"inline_featured_image":false,"_monsterinsights_skip_tracking":false,"_monsterinsights_sitenote_active":false,"_monsterinsights_sitenote_note":"","_monsterinsights_sitenote_category":0},"product_brand":[],"product_cat":[1472,1584,1481],"product_tag":[],"class_list":{"0":"post-9858","1":"product","2":"type-product","3":"status-publish","4":"has-post-thumbnail","6":"product_cat-connect-tech-inc","7":"product_cat-komputery-jednoplytkowe-sbc-2","8":"product_cat-qseven","10":"first","11":"instock","12":"shipping-taxable","13":"product-type-simple"},"acf":[],"_links":{"self":[{"href":"https:\/\/quantum.com.pl\/pl\/wp-json\/wp\/v2\/product\/9858","targetHints":{"allow":["GET"]}}],"collection":[{"href":"https:\/\/quantum.com.pl\/pl\/wp-json\/wp\/v2\/product"}],"about":[{"href":"https:\/\/quantum.com.pl\/pl\/wp-json\/wp\/v2\/types\/product"}],"wp:featuredmedia":[{"embeddable":true,"href":"https:\/\/quantum.com.pl\/pl\/wp-json\/wp\/v2\/media\/10101"}],"wp:attachment":[{"href":"https:\/\/quantum.com.pl\/pl\/wp-json\/wp\/v2\/media?parent=9858"}],"wp:term":[{"taxonomy":"product_brand","embeddable":true,"href":"https:\/\/quantum.com.pl\/pl\/wp-json\/wp\/v2\/product_brand?post=9858"},{"taxonomy":"product_cat","embeddable":true,"href":"https:\/\/quantum.com.pl\/pl\/wp-json\/wp\/v2\/product_cat?post=9858"},{"taxonomy":"product_tag","embeddable":true,"href":"https:\/\/quantum.com.pl\/pl\/wp-json\/wp\/v2\/product_tag?post=9858"}],"curies":[{"name":"wp","href":"https:\/\/api.w.org\/{rel}","templated":true}]}}