{"id":9859,"date":"2020-04-20T22:44:48","date_gmt":"2020-04-20T20:44:48","guid":{"rendered":"https:\/\/quantum.com.pl\/product\/import-placeholder-for-8354\/"},"modified":"2020-08-25T22:38:33","modified_gmt":"2020-08-25T20:38:33","slug":"trailblazer-sbc","status":"publish","type":"product","link":"https:\/\/quantum.com.pl\/pl\/product\/trailblazer-sbc\/","title":{"rendered":"TrailBlazer\/SBC"},"content":{"rendered":"<h3>Najwa\u017cniejsze cechy<\/h3>\n<ul>\n<li>Wybierz jedn\u0105 z opcji serii Intel\u00ae E38xxx, Quad, Dual lub Single core<\/li>\n<li>Poczw\u00f3rna szeregowa, podw\u00f3jna magistrala CAN (opcjonalnie)<\/li>\n<li>Zewn\u0119trzne obwody prze\u0142\u0105czaj\u0105ce SATA \/ mSATA<\/li>\n<li>Pojedyncze szerokopasmowe napi\u0119cie wej\u015bciowe + 12V do + 36V DC<\/li>\n<li>Rozszerzony zakres temperatur od -40 \u00b0 C do + 85 \u00b0 C<\/li>\n<\/ul>\n<p>&nbsp;<\/p>\n<h3>Wi\u0119cej Informacji<\/h3>\n<p>TrailBlazer \/ SBC firmy Connect Tech jest wytrzyma\u0142ym komputerem jednop\u0142ytkowym, oferuj\u0105cym z\u0142\u0105cza wtykowe z blokowanymi pinami, i zosta\u0142 specjalnie zaprojektowany dla procesor\u00f3w z serii Intel Bay Trail. TrailBlazer jest dost\u0119pny z Quad Core E3845, Dual Core E3825 lub Single Core E3815.<\/p>\n<p>Doskona\u0142y do zastosowa\u0144 wymagaj\u0105cych ma\u0142ej mocy, wymagaj\u0105cych du\u017cego poboru mocy. Dzi\u0119ki prze\u0142\u0105czaniu Mini-PCIe \/ mSATA \/ External SATA, Dual Gigabit Ethernet i wielu formatom wy\u015bwietlania TrailBlazer \/ SBC oferuje w pe\u0142ni funkcjonalne, elastyczne rozwi\u0105zanie o niewielkich rozmiarach.<\/p>\n<p>&nbsp;<\/p>\n<h3>Dane Techniczne<\/h3>\n\n<table id=\"tablepress-442\" class=\"tablepress tablepress-id-442\">\n<tbody class=\"row-striping row-hover\">\n<tr class=\"row-1\">\n\t<td class=\"column-1\">Compatibility<\/td><td class=\"column-2\">PCIe\/104<\/td>\n<\/tr>\n<tr class=\"row-2\">\n\t<td class=\"column-1\">System Interfaces<\/td><td class=\"column-2\">Single x8 PCIe configuration<\/td>\n<\/tr>\n<tr class=\"row-3\">\n\t<td class=\"column-1\">Ethernet<\/td><td class=\"column-2\">2x SFP+ pluggable interfaces<\/td>\n<\/tr>\n<tr class=\"row-4\">\n\t<td class=\"column-1\">Memory<\/td><td class=\"column-2\">32MB Flash<\/td>\n<\/tr>\n<tr class=\"row-5\">\n\t<td class=\"column-1\">Power Requirements<\/td><td class=\"column-2\">PCIe\/104 Bus<\/td>\n<\/tr>\n<tr class=\"row-6\">\n\t<td class=\"column-1\">Dimensions<\/td><td class=\"column-2\">PC\/104 compliant: 3.775\u2033 x 3.550\u2033<\/td>\n<\/tr>\n<\/tbody>\n<\/table>\n<!-- #tablepress-442 from cache -->\n","protected":false},"excerpt":{"rendered":"<p>Rozwi\u0105zania COM firmy Connect Tech obejmuj\u0105 p\u0142yty no\u015bne dla r\u00f3\u017cnych modu\u0142\u00f3w. P\u0142ytki no\u015bne COM Express\u00ae typu 7, typu 6, typu 10 i typu 2 zapewniaj\u0105 \u0142atwy dost\u0119p i rozszerzenie modu\u0142u COM Express\u00ae, podczas gdy p\u0142yty no\u015bne NVIDIA\u00ae Jetson &#x2122; TX2 \/ TX1 s\u0105 zaprojektowane tak, aby pasowa\u0142y do Jetson &#x2122; TX2 lub TX1 Wsp\u00f3\u0142czynnik kszta\u0142tu do u\u017cytku w trudnych warunkach.<\/p>\n","protected":false},"featured_media":10095,"template":"","meta":{"_acf_changed":false,"inline_featured_image":false,"_monsterinsights_skip_tracking":false,"_monsterinsights_sitenote_active":false,"_monsterinsights_sitenote_note":"","_monsterinsights_sitenote_category":0},"product_brand":[],"product_cat":[1472,1584,1481],"product_tag":[],"class_list":{"0":"post-9859","1":"product","2":"type-product","3":"status-publish","4":"has-post-thumbnail","6":"product_cat-connect-tech-inc","7":"product_cat-komputery-jednoplytkowe-sbc-2","8":"product_cat-qseven","10":"first","11":"instock","12":"shipping-taxable","13":"product-type-simple"},"acf":[],"_links":{"self":[{"href":"https:\/\/quantum.com.pl\/pl\/wp-json\/wp\/v2\/product\/9859","targetHints":{"allow":["GET"]}}],"collection":[{"href":"https:\/\/quantum.com.pl\/pl\/wp-json\/wp\/v2\/product"}],"about":[{"href":"https:\/\/quantum.com.pl\/pl\/wp-json\/wp\/v2\/types\/product"}],"wp:featuredmedia":[{"embeddable":true,"href":"https:\/\/quantum.com.pl\/pl\/wp-json\/wp\/v2\/media\/10095"}],"wp:attachment":[{"href":"https:\/\/quantum.com.pl\/pl\/wp-json\/wp\/v2\/media?parent=9859"}],"wp:term":[{"taxonomy":"product_brand","embeddable":true,"href":"https:\/\/quantum.com.pl\/pl\/wp-json\/wp\/v2\/product_brand?post=9859"},{"taxonomy":"product_cat","embeddable":true,"href":"https:\/\/quantum.com.pl\/pl\/wp-json\/wp\/v2\/product_cat?post=9859"},{"taxonomy":"product_tag","embeddable":true,"href":"https:\/\/quantum.com.pl\/pl\/wp-json\/wp\/v2\/product_tag?post=9859"}],"curies":[{"name":"wp","href":"https:\/\/api.w.org\/{rel}","templated":true}]}}