{"id":9861,"date":"2020-04-20T22:44:48","date_gmt":"2020-04-20T20:44:48","guid":{"rendered":"https:\/\/quantum.com.pl\/product\/import-placeholder-for-8368\/"},"modified":"2020-08-25T22:38:32","modified_gmt":"2020-08-25T20:38:32","slug":"pci-104-qseven-carrier-board","status":"publish","type":"product","link":"https:\/\/quantum.com.pl\/pl\/product\/pci-104-qseven-carrier-board\/","title":{"rendered":"PCI-104 Qseven Carrier Board"},"content":{"rendered":"<h3>Najwa\u017cniejsze cechy<\/h3>\n<ul>\n<li>Wsp\u00f3\u0142czynnik kszta\u0142tu PCI-104<\/li>\n<li>Zainstaluj do 4 kart PCI-104<\/li>\n<li>Korzysta z dowolnego gotowego modu\u0142u Qseven<\/li>\n<li>Interfejsy o wysokiej wydajno\u015bci<\/li>\n<li>Kompaktowy rozmiar dla \u0142atwej integracji<\/li>\n<li>Idealny do aplikacji o niskim zu\u017cyciu energii<\/li>\n<li>Wbudowane z\u0142\u0105cza dla \u0142atwego po\u0142\u0105czenia z funkcjami Qseven<\/li>\n<li>Opcjonalny zestaw kabli Qseven<\/li>\n<\/ul>\n<p>&nbsp;<\/p>\n<h3>Wi\u0119cej Informacji<\/h3>\n<p>PCI-104 Qseven Carrier Board to ma\u0142a, wbudowana p\u0142yta no\u015bna, kt\u00f3ra umo\u017cliwia pe\u0142n\u0105 integracj\u0119 ze standardowymi modu\u0142ami Qseven. Ta p\u0142yta no\u015bna, kt\u00f3ra wykorzystuje format PC \/ 104 i magistral\u0119 PCI-104, umo\u017cliwia instalacj\u0119 do 4 kart PCI-104.<\/p>\n<p>Wbudowane z\u0142\u0105cza karty no\u015bnej PCI-104 Qseven umo\u017cliwiaj\u0105 po\u0142\u0105czenie z SATA, USB, Ethernet, LVDS i VGA Video oraz RS-232 i RS-422\/485. U\u017cytkownicy mog\u0105 z \u0142atwo\u015bci\u0105 dokona\u0107 aktualizacji do najnowszej technologii procesora i pami\u0119ci, zachowuj\u0105c jednocze\u015bnie interfejsy I\/O.<\/p>\n<p><img decoding=\"async\" src=\"http:\/\/connecttech.com\/wp-content\/uploads\/2017\/02\/Q7-PCI-104-BlockDiagram.jpg\" \/><\/p>\n<p>&nbsp;<\/p>\n<h3>Specifications<\/h3>\n\n<table id=\"tablepress-444\" class=\"tablepress tablepress-id-444\">\n<tbody class=\"row-striping row-hover\">\n<tr class=\"row-1\">\n\t<td class=\"column-1\">Ethernet Switch Engine<\/td><td class=\"column-2\">Vitesse VSC7429 Carrier Grade Ethernet Switch Chipset<\/td>\n<\/tr>\n<tr class=\"row-2\">\n\t<td class=\"column-1\">Ethernet PHYs<\/td><td class=\"column-2\">12 x Cu PHY Ports from Vitesse VSC7429 Switch Engine, 12 x Cu PHY Ports from Vitesse VSC8512 External PHY<\/td>\n<\/tr>\n<tr class=\"row-3\">\n\t<td class=\"column-1\">Memory<\/td><td class=\"column-2\">128Mb Flash, 1GB RAM<\/td>\n<\/tr>\n<tr class=\"row-4\">\n\t<td class=\"column-1\">Ports<\/td><td class=\"column-2\">24 x Gigabit Ethernet (10\/100\/1000 Mbps)<\/td>\n<\/tr>\n<tr class=\"row-5\">\n\t<td class=\"column-1\">Magnetics<\/td><td class=\"column-2\">On-board Gigabit Magnetics for all 24 Ports (No external magnetics required) (10\/100\/1000 Mbps) application<\/td>\n<\/tr>\n<tr class=\"row-6\">\n\t<td class=\"column-1\">Connectors<\/td><td class=\"column-2\">3 x High-Density Board-to-Board \/ Board-to-Cable Connectors, Connectors can be mated directly to breakout boards, or via cabling, Each High-Density Connector Contains 8 Gigabit Ports<\/td>\n<\/tr>\n<tr class=\"row-7\">\n\t<td class=\"column-1\">Layer 2 Switching<\/td><td class=\"column-2\">802.1Q VLAN switch with 8K MACs and 4K VLANs, Hardware and software-based learning, Independent and shared VLAN learning (IVL, SVL), IPv4\/IPv6 multicast, Jumbo frame support, Link aggregation (IEEE 802.3ad), Policing with storm control and MC\/BC protection, Push\/pop up to two VLAN tags, RSTP and MSTP support<\/td>\n<\/tr>\n<tr class=\"row-8\">\n\t<td class=\"column-1\">Management Access<\/td><td class=\"column-2\">PCIe\/104 Bus (XDG024), RS-232 Serial Interface (CLI), SNMP, Software API, Web Interface<\/td>\n<\/tr>\n<tr class=\"row-9\">\n\t<td class=\"column-1\">Breakout Board Options<\/td><td class=\"column-2\">8-Port Bank Cabling Options to: Panel Mount Vertical RJ-45s, Right Angle RJ-45s and MIL Circular Connector, Direct Board-to-Board (No Cabling): 24-Port Vertical RJ-45s, Full Custom (Simple 2-layer no magnetics designs)<\/td>\n<\/tr>\n<tr class=\"row-10\">\n\t<td class=\"column-1\">Standalone Operation<\/td><td class=\"column-2\">Switch can be used as a standalone unit OR can be paired with an embedded SBC<\/td>\n<\/tr>\n<tr class=\"row-11\">\n\t<td class=\"column-1\">Power Requirements<\/td><td class=\"column-2\">+12V only (from PCIe\/104 Connector), +4V to 14V Input Range (External Connector)<\/td>\n<\/tr>\n<tr class=\"row-12\">\n\t<td class=\"column-1\">Power Consumption<\/td><td class=\"column-2\">Idle: 0.7A, 8.4W, Max: 1.15A, 14W (with +12V input), Typical: 0.85A, 10W<\/td>\n<\/tr>\n<tr class=\"row-13\">\n\t<td class=\"column-1\">Dimensions<\/td><td class=\"column-2\">PC\/104 compliant: 3.775\u2033 x 3.550\u2033, Tallest Top Side Component: Heatsink 0.375\u201d (9.5mm)<\/td>\n<\/tr>\n<tr class=\"row-14\">\n\t<td class=\"column-1\">Operating Temperature<\/td><td class=\"column-2\">-40\u00b0C to +85\u00b0C (-40\u00b0F to +185\u00b0F), (chipset rated to +125\u00b0C junction temperature)<\/td>\n<\/tr>\n<\/tbody>\n<\/table>\n<!-- #tablepress-444 from cache -->\n","protected":false},"excerpt":{"rendered":"<p>Rozwi\u0105zania COM firmy Connect Tech obejmuj\u0105 p\u0142yty no\u015bne dla r\u00f3\u017cnych modu\u0142\u00f3w. P\u0142ytki no\u015bne COM Express\u00ae typu 7, typu 6, typu 10 i typu 2 zapewniaj\u0105 \u0142atwy dost\u0119p i rozszerzenie modu\u0142u COM Express\u00ae, podczas gdy p\u0142yty no\u015bne NVIDIA\u00ae Jetson &#x2122; TX2 \/ TX1 s\u0105 zaprojektowane tak, aby pasowa\u0142y do Jetson &#x2122; TX2 lub TX1 Wsp\u00f3\u0142czynnik kszta\u0142tu do u\u017cytku w trudnych warunkach.<\/p>\n","protected":false},"featured_media":10099,"template":"","meta":{"_acf_changed":false,"inline_featured_image":false,"_monsterinsights_skip_tracking":false,"_monsterinsights_sitenote_active":false,"_monsterinsights_sitenote_note":"","_monsterinsights_sitenote_category":0},"product_brand":[],"product_cat":[1472,1584,1481],"product_tag":[],"class_list":{"0":"post-9861","1":"product","2":"type-product","3":"status-publish","4":"has-post-thumbnail","6":"product_cat-connect-tech-inc","7":"product_cat-komputery-jednoplytkowe-sbc-2","8":"product_cat-qseven","10":"first","11":"instock","12":"shipping-taxable","13":"product-type-simple"},"acf":[],"_links":{"self":[{"href":"https:\/\/quantum.com.pl\/pl\/wp-json\/wp\/v2\/product\/9861","targetHints":{"allow":["GET"]}}],"collection":[{"href":"https:\/\/quantum.com.pl\/pl\/wp-json\/wp\/v2\/product"}],"about":[{"href":"https:\/\/quantum.com.pl\/pl\/wp-json\/wp\/v2\/types\/product"}],"wp:featuredmedia":[{"embeddable":true,"href":"https:\/\/quantum.com.pl\/pl\/wp-json\/wp\/v2\/media\/10099"}],"wp:attachment":[{"href":"https:\/\/quantum.com.pl\/pl\/wp-json\/wp\/v2\/media?parent=9861"}],"wp:term":[{"taxonomy":"product_brand","embeddable":true,"href":"https:\/\/quantum.com.pl\/pl\/wp-json\/wp\/v2\/product_brand?post=9861"},{"taxonomy":"product_cat","embeddable":true,"href":"https:\/\/quantum.com.pl\/pl\/wp-json\/wp\/v2\/product_cat?post=9861"},{"taxonomy":"product_tag","embeddable":true,"href":"https:\/\/quantum.com.pl\/pl\/wp-json\/wp\/v2\/product_tag?post=9861"}],"curies":[{"name":"wp","href":"https:\/\/api.w.org\/{rel}","templated":true}]}}