{"id":9862,"date":"2020-04-20T22:44:49","date_gmt":"2020-04-20T20:44:49","guid":{"rendered":"https:\/\/quantum.com.pl\/product\/import-placeholder-for-8376\/"},"modified":"2020-12-08T22:03:52","modified_gmt":"2020-12-08T21:03:52","slug":"xtreme-10g-managed-ethernet-switch-router","status":"publish","type":"product","link":"https:\/\/quantum.com.pl\/pl\/product\/xtreme-10g-managed-ethernet-switch-router\/","title":{"rendered":"Xtreme\/10G Managed Ethernet Switch\/Router"},"content":{"rendered":"<h2 data-fontsize=\"16\" data-lineheight=\"24\">Teraz dost\u0119pny z obs\u0142ug\u0105 1588 PTP!<\/h2>\n<h3>Najwa\u017cniejsze cechy<\/h3>\n<ul>\n<li>36 prze\u0142\u0105czalnych port\u00f3w (4x 10G; 8x 1GbE [SGMI]; 24x 1GbE)<\/li>\n<li>Z\u0142\u0105cze p\u0142ytowe o du\u017cej g\u0119sto\u015bci<\/li>\n<li>Zakres wej\u015bciowy + 4 V do 14 V.<\/li>\n<li>Modu\u0142 85 mm x 85 mm<\/li>\n<li>Rozszerzony zakres temperatur od -40 \u00b0 C do + 85 \u00b0 C<\/li>\n<li>SMBStaX, IStaX<\/li>\n<\/ul>\n<p>&nbsp;<\/p>\n<h3>Wi\u0119cej Informacji<\/h3>\n<p>Zarz\u0105dzany switch \/ router Ethernet Xtreme \/ 10G firmy Connect Tech zapewnia prze\u0142\u0105czanie w warstwie 2 o wysokiej g\u0119sto\u015bci i du\u017cej liczbie port\u00f3w oraz routing w warstwie 3 za pomoc\u0105 \u0142\u0105czy w g\u00f3r\u0119 10G. \u0141\u0105cznie 36 prze\u0142\u0105czalnych port\u00f3w, w tym 4 x 10G, 8 x 1GbE (SGMII) i 24 x 1GbE (Copper 10\/100 \/ 1000Mbps) w niezwykle ma\u0142ej obudowie 85 mm x 85 mm.<\/p>\n<p>Urz\u0105dzenie jest przeznaczone do zarz\u0105dzania urz\u0105dzeniami warstwy 2 i warstwy 3 w aplikacjach dla ma\u0142ych i \u015brednich firm, M\u015aP i aplikacjach przemys\u0142owych, w kt\u00f3rych wymagane jest prze\u0142\u0105czanie 1GbE o wysokiej liczbie port\u00f3w z agregacj\u0105 \/ \u0142\u0105czami w g\u00f3r\u0119 10G.<\/p>\n<p>&nbsp;<\/p>\n<h3><strong>Dane Techniczne<\/strong><\/h3>\n\n<table id=\"tablepress-441\" class=\"tablepress tablepress-id-441\">\n<tbody class=\"row-striping row-hover\">\n<tr class=\"row-1\">\n\t<td class=\"column-1\">Ethernet Switch Engine\t<\/td><td class=\"column-2\">Vitesse VSC7448 Carrier Grade Ethernet Switch Chipset<\/td>\n<\/tr>\n<tr class=\"row-2\">\n\t<td class=\"column-1\">Ports<\/td><td class=\"column-2\">36 Total Switching Ports<br \/>\n\u2022 4x 10G (SFI) Ports<br \/>\n\u2022 8x 1G (SGMII) Ports<br \/>\n\u2022 24x 1G (Copper 10\/100\/1000Mbps) Ports<\/td>\n<\/tr>\n<tr class=\"row-3\">\n\t<td class=\"column-1\">Memory<\/td><td class=\"column-2\">128Mb Serial NOR Flash, 4Gb DDR3 SDRAM<\/td>\n<\/tr>\n<tr class=\"row-4\">\n\t<td class=\"column-1\">I\/O Connector Type<\/td><td class=\"column-2\">High-Density 440-pin Board-to-Board Connector<\/td>\n<\/tr>\n<\/tbody>\n<\/table>\n<!-- #tablepress-441 from cache -->\n","protected":false},"excerpt":{"rendered":"<p>Connect Tech oferuje r\u00f3\u017cnorodne wbudowane switch&#8217;e Ethernet i karty sieciowe Gigabit, w tym rozwi\u0105zania 12, 24 i 36-portowe, skrzynki prze\u0142\u0105cznik\u00f3w, p\u0142ytki, systemy wbudowane, prze\u0142\u0105cznik \/ router 10G oraz kontroler Ethernet 10G. Te rozwi\u0105zania Ethernet klasy operatorskiej o wysokiej g\u0119sto\u015bci i du\u017cej liczbie port\u00f3w s\u0105 idealne do szerokiej gamy zastosowa\u0144 wojskowych, przemys\u0142owych i komercyjnych.<\/p>\n","protected":false},"featured_media":10119,"template":"","meta":{"_acf_changed":false,"inline_featured_image":false,"_monsterinsights_skip_tracking":false,"_monsterinsights_sitenote_active":false,"_monsterinsights_sitenote_note":"","_monsterinsights_sitenote_category":0},"product_brand":[],"product_cat":[1483,1472,1482,1587],"product_tag":[],"class_list":{"0":"post-9862","1":"product","2":"type-product","3":"status-publish","4":"has-post-thumbnail","6":"product_cat-10-gbe","7":"product_cat-connect-tech-inc","8":"product_cat-10-gbe-1-gbe-embedded-ethernet-switches-nics","9":"product_cat-produkty-sieciowe","11":"first","12":"instock","13":"shipping-taxable","14":"product-type-simple"},"acf":[],"_links":{"self":[{"href":"https:\/\/quantum.com.pl\/pl\/wp-json\/wp\/v2\/product\/9862","targetHints":{"allow":["GET"]}}],"collection":[{"href":"https:\/\/quantum.com.pl\/pl\/wp-json\/wp\/v2\/product"}],"about":[{"href":"https:\/\/quantum.com.pl\/pl\/wp-json\/wp\/v2\/types\/product"}],"wp:featuredmedia":[{"embeddable":true,"href":"https:\/\/quantum.com.pl\/pl\/wp-json\/wp\/v2\/media\/10119"}],"wp:attachment":[{"href":"https:\/\/quantum.com.pl\/pl\/wp-json\/wp\/v2\/media?parent=9862"}],"wp:term":[{"taxonomy":"product_brand","embeddable":true,"href":"https:\/\/quantum.com.pl\/pl\/wp-json\/wp\/v2\/product_brand?post=9862"},{"taxonomy":"product_cat","embeddable":true,"href":"https:\/\/quantum.com.pl\/pl\/wp-json\/wp\/v2\/product_cat?post=9862"},{"taxonomy":"product_tag","embeddable":true,"href":"https:\/\/quantum.com.pl\/pl\/wp-json\/wp\/v2\/product_tag?post=9862"}],"curies":[{"name":"wp","href":"https:\/\/api.w.org\/{rel}","templated":true}]}}