{"id":9863,"date":"2020-04-20T22:44:49","date_gmt":"2020-04-20T20:44:49","guid":{"rendered":"https:\/\/quantum.com.pl\/product\/import-placeholder-for-8383\/"},"modified":"2020-12-08T22:02:05","modified_gmt":"2020-12-08T21:02:05","slug":"pcie-104-dual-10gbe","status":"publish","type":"product","link":"https:\/\/quantum.com.pl\/pl\/product\/pcie-104-dual-10gbe\/","title":{"rendered":"PCIe\/104 Dual 10GbE"},"content":{"rendered":"<h3>Najwa\u017cniejsze cechy<\/h3>\n<ul>\n<li>\u0141\u0105czno\u015b\u0107 10GbE<\/li>\n<li>Obs\u0142ugiwany przez kontroler Ethernet Intel X710<\/li>\n<li>Zapewnia obs\u0142ug\u0119 wirtualizacji sieci i serwer\u00f3w<\/li>\n<li>Elastyczno\u015b\u0107 sieci LAN i SAN<\/li>\n<li>0 \u00b0 C do + 55 \u00b0 C<\/li>\n<\/ul>\n<p>&nbsp;<\/p>\n<h3>Wi\u0119cej Informacji<\/h3>\n<p>Karta PCIe \/ 104 Dual 10GbE firmy Connect Tech to dwuportowy kontroler 10 Gigabit Ethernet dla platform PCIe \/ 104. Obs\u0142ugiwany przez kontroler Ethernet Intel X710, PCIe \/ 104 Dual 10GbE zapewnia obs\u0142ug\u0119 wirtualizacji sieci i serwer\u00f3w, a tak\u017ce elastyczno\u015b\u0107 sieci LAN i SAN przy zachowaniu niezawodnej wydajno\u015bci. Ten produkt jest idealny do dodawania szybkich po\u0142\u0105cze\u0144 10GbE do system\u00f3w wbudowanych.<\/p>\n<p>&nbsp;<\/p>\n<h3>Dane Techniczne<\/h3>\n\n<table id=\"tablepress-442\" class=\"tablepress tablepress-id-442\">\n<tbody class=\"row-striping row-hover\">\n<tr class=\"row-1\">\n\t<td class=\"column-1\">Compatibility<\/td><td class=\"column-2\">PCIe\/104<\/td>\n<\/tr>\n<tr class=\"row-2\">\n\t<td class=\"column-1\">System Interfaces<\/td><td class=\"column-2\">Single x8 PCIe configuration<\/td>\n<\/tr>\n<tr class=\"row-3\">\n\t<td class=\"column-1\">Ethernet<\/td><td class=\"column-2\">2x SFP+ pluggable interfaces<\/td>\n<\/tr>\n<tr class=\"row-4\">\n\t<td class=\"column-1\">Memory<\/td><td class=\"column-2\">32MB Flash<\/td>\n<\/tr>\n<tr class=\"row-5\">\n\t<td class=\"column-1\">Power Requirements<\/td><td class=\"column-2\">PCIe\/104 Bus<\/td>\n<\/tr>\n<tr class=\"row-6\">\n\t<td class=\"column-1\">Dimensions<\/td><td class=\"column-2\">PC\/104 compliant: 3.775\u2033 x 3.550\u2033<\/td>\n<\/tr>\n<\/tbody>\n<\/table>\n<!-- #tablepress-442 from cache -->\n","protected":false},"excerpt":{"rendered":"<p>Connect Tech oferuje r\u00f3\u017cnorodne wbudowane switch&#8217;e Ethernet i karty sieciowe Gigabit, w tym rozwi\u0105zania 12, 24 i 36-portowe, skrzynki prze\u0142\u0105cznik\u00f3w, p\u0142ytki, systemy wbudowane, prze\u0142\u0105cznik \/ router 10G oraz kontroler Ethernet 10G. Te rozwi\u0105zania Ethernet klasy operatorskiej o wysokiej g\u0119sto\u015bci i du\u017cej liczbie port\u00f3w s\u0105 idealne do szerokiej gamy zastosowa\u0144 wojskowych, przemys\u0142owych i komercyjnych.<\/p>\n","protected":false},"featured_media":10121,"template":"","meta":{"_acf_changed":false,"inline_featured_image":false,"_monsterinsights_skip_tracking":false,"_monsterinsights_sitenote_active":false,"_monsterinsights_sitenote_note":"","_monsterinsights_sitenote_category":0},"product_brand":[],"product_cat":[1483,1472,1482,1587],"product_tag":[],"class_list":{"0":"post-9863","1":"product","2":"type-product","3":"status-publish","4":"has-post-thumbnail","6":"product_cat-10-gbe","7":"product_cat-connect-tech-inc","8":"product_cat-10-gbe-1-gbe-embedded-ethernet-switches-nics","9":"product_cat-produkty-sieciowe","11":"first","12":"instock","13":"shipping-taxable","14":"product-type-simple"},"acf":[],"_links":{"self":[{"href":"https:\/\/quantum.com.pl\/pl\/wp-json\/wp\/v2\/product\/9863","targetHints":{"allow":["GET"]}}],"collection":[{"href":"https:\/\/quantum.com.pl\/pl\/wp-json\/wp\/v2\/product"}],"about":[{"href":"https:\/\/quantum.com.pl\/pl\/wp-json\/wp\/v2\/types\/product"}],"wp:featuredmedia":[{"embeddable":true,"href":"https:\/\/quantum.com.pl\/pl\/wp-json\/wp\/v2\/media\/10121"}],"wp:attachment":[{"href":"https:\/\/quantum.com.pl\/pl\/wp-json\/wp\/v2\/media?parent=9863"}],"wp:term":[{"taxonomy":"product_brand","embeddable":true,"href":"https:\/\/quantum.com.pl\/pl\/wp-json\/wp\/v2\/product_brand?post=9863"},{"taxonomy":"product_cat","embeddable":true,"href":"https:\/\/quantum.com.pl\/pl\/wp-json\/wp\/v2\/product_cat?post=9863"},{"taxonomy":"product_tag","embeddable":true,"href":"https:\/\/quantum.com.pl\/pl\/wp-json\/wp\/v2\/product_tag?post=9863"}],"curies":[{"name":"wp","href":"https:\/\/api.w.org\/{rel}","templated":true}]}}